{"id":223,"date":"2021-10-05T10:59:42","date_gmt":"2021-10-05T08:59:42","guid":{"rendered":"http:\/\/infojeunes09.org\/?page_id=223"},"modified":"2025-09-03T14:19:37","modified_gmt":"2025-09-03T12:19:37","slug":"baby-sitting","status":"publish","type":"page","link":"https:\/\/infojeunes09.fr\/index.php\/travailler\/baby-sitting\/","title":{"rendered":"Baby-sitting"},"content":{"rendered":"\t\t<div data-elementor-type=\"wp-page\" data-elementor-id=\"223\" class=\"elementor elementor-223\" data-elementor-post-type=\"page\">\n\t\t\t\t\t\t<section class=\"elementor-section elementor-top-section elementor-element elementor-element-8dff75a elementor-section-boxed elementor-section-height-default elementor-section-height-default\" data-id=\"8dff75a\" data-element_type=\"section\" data-e-type=\"section\">\n\t\t\t\t\t\t<div class=\"elementor-container elementor-column-gap-default\">\n\t\t\t\t\t<div class=\"elementor-column elementor-col-100 elementor-top-column elementor-element elementor-element-d01bdc7\" data-id=\"d01bdc7\" data-element_type=\"column\" data-e-type=\"column\">\n\t\t\t<div class=\"elementor-widget-wrap elementor-element-populated\">\n\t\t\t\t\t\t<div class=\"elementor-element elementor-element-e655b00 elementor-widget elementor-widget-image\" data-id=\"e655b00\" data-element_type=\"widget\" data-e-type=\"widget\" data-widget_type=\"image.default\">\n\t\t\t\t<div class=\"elementor-widget-container\">\n\t\t\t\t\t\t\t\t\t\t\t\t\t\t\t<img fetchpriority=\"high\" decoding=\"async\" width=\"1067\" height=\"714\" src=\"https:\/\/infojeunes09.fr\/wp-content\/uploads\/2021\/11\/babysitting_photo.jpg\" class=\"attachment-1536x1536 size-1536x1536 wp-image-1234\" alt=\"\" srcset=\"https:\/\/infojeunes09.fr\/wp-content\/uploads\/2021\/11\/babysitting_photo.jpg 1067w, https:\/\/infojeunes09.fr\/wp-content\/uploads\/2021\/11\/babysitting_photo-350x234.jpg 350w, https:\/\/infojeunes09.fr\/wp-content\/uploads\/2021\/11\/babysitting_photo-300x201.jpg 300w, https:\/\/infojeunes09.fr\/wp-content\/uploads\/2021\/11\/babysitting_photo-1024x685.jpg 1024w, https:\/\/infojeunes09.fr\/wp-content\/uploads\/2021\/11\/babysitting_photo-768x514.jpg 768w\" sizes=\"100vw\" \/>\t\t\t\t\t\t\t\t\t\t\t\t\t\t\t<\/div>\n\t\t\t\t<\/div>\n\t\t\t\t\t<\/div>\n\t\t<\/div>\n\t\t\t\t\t<\/div>\n\t\t<\/section>\n\t\t\t\t<section class=\"elementor-section elementor-top-section elementor-element elementor-element-b752021 elementor-section-boxed elementor-section-height-default elementor-section-height-default\" data-id=\"b752021\" data-element_type=\"section\" data-e-type=\"section\">\n\t\t\t\t\t\t<div class=\"elementor-container elementor-column-gap-default\">\n\t\t\t\t\t<div class=\"elementor-column elementor-col-33 elementor-top-column elementor-element elementor-element-01edbcd\" data-id=\"01edbcd\" data-element_type=\"column\" data-e-type=\"column\">\n\t\t\t<div class=\"elementor-widget-wrap elementor-element-populated\">\n\t\t\t\t\t\t<div class=\"elementor-element elementor-element-066c471 elementor-toc--minimized-on-tablet elementor-widget elementor-widget-table-of-contents\" data-id=\"066c471\" data-element_type=\"widget\" data-e-type=\"widget\" data-settings=\"{&quot;exclude_headings_by_selector&quot;:[],&quot;headings_by_tags&quot;:[&quot;h2&quot;,&quot;h3&quot;,&quot;h4&quot;,&quot;h5&quot;,&quot;h6&quot;],&quot;marker_view&quot;:&quot;numbers&quot;,&quot;no_headings_message&quot;:&quot;Aucun titre n\\u2019a \\u00e9t\\u00e9 trouv\\u00e9 sur cette page.&quot;,&quot;minimize_box&quot;:&quot;yes&quot;,&quot;minimized_on&quot;:&quot;tablet&quot;,&quot;hierarchical_view&quot;:&quot;yes&quot;,&quot;min_height&quot;:{&quot;unit&quot;:&quot;px&quot;,&quot;size&quot;:&quot;&quot;,&quot;sizes&quot;:[]},&quot;min_height_tablet&quot;:{&quot;unit&quot;:&quot;px&quot;,&quot;size&quot;:&quot;&quot;,&quot;sizes&quot;:[]},&quot;min_height_mobile&quot;:{&quot;unit&quot;:&quot;px&quot;,&quot;size&quot;:&quot;&quot;,&quot;sizes&quot;:[]}}\" data-widget_type=\"table-of-contents.default\">\n\t\t\t\t<div class=\"elementor-widget-container\">\n\t\t\t\t\t\t\t\t\t<div class=\"elementor-toc__header\">\n\t\t\t\t\t\t<h4 class=\"elementor-toc__header-title\">\n\t\t\t\tTable des mati\u00e8res\t\t\t<\/h4>\n\t\t\t\t\t\t\t\t\t\t<div class=\"elementor-toc__toggle-button elementor-toc__toggle-button--expand\" role=\"button\" tabindex=\"0\" aria-controls=\"elementor-toc__066c471\" aria-expanded=\"true\" aria-label=\"Ouvrir la table des mati\u00e8res\"><i aria-hidden=\"true\" class=\"fas fa-chevron-down\"><\/i><\/div>\n\t\t\t\t<div class=\"elementor-toc__toggle-button elementor-toc__toggle-button--collapse\" role=\"button\" tabindex=\"0\" aria-controls=\"elementor-toc__066c471\" aria-expanded=\"true\" aria-label=\"Fermer la table des mati\u00e8res\"><i aria-hidden=\"true\" class=\"fas fa-chevron-up\"><\/i><\/div>\n\t\t\t\t\t<\/div>\n\t\t\t\t<div id=\"elementor-toc__066c471\" class=\"elementor-toc__body\">\n\t\t\t<div class=\"elementor-toc__spinner-container\">\n\t\t\t\t<i class=\"elementor-toc__spinner eicon-animation-spin eicon-loading\" aria-hidden=\"true\"><\/i>\t\t\t<\/div>\n\t\t<\/div>\n\t\t\t\t\t\t<\/div>\n\t\t\t\t<\/div>\n\t\t\t\t\t<\/div>\n\t\t<\/div>\n\t\t\t\t<div class=\"elementor-column elementor-col-66 elementor-top-column elementor-element elementor-element-c1f3866\" data-id=\"c1f3866\" data-element_type=\"column\" data-e-type=\"column\">\n\t\t\t<div class=\"elementor-widget-wrap elementor-element-populated\">\n\t\t\t\t\t\t<div class=\"elementor-element elementor-element-7507f09 elementor-widget elementor-widget-text-editor\" data-id=\"7507f09\" data-element_type=\"widget\" data-e-type=\"widget\" data-widget_type=\"text-editor.default\">\n\t\t\t\t<div class=\"elementor-widget-container\">\n\t\t\t\t\t\t\t\t\t<h4><b>Postuler<\/b><\/h4><p>Pour postuler, il vous faudra vous munir d\u2019un CV et, quand c\u2019est demand\u00e9, d\u2019une lettre de motivation.<br \/>Pour le baby-sitting, le PSC1 et le BAFA sont un plus.<\/p><p><strong>Le r\u00e9seau Infojeunes propose ponctuellement des stages d\u2019initiation au baby-sitting, pendant les vacances scolaires. Ces stages sont gratuits et sont destin\u00e9s aux jeunes \u00e2g\u00e9s de 16 \u00e0 20 ans.<\/strong><br \/>Le plus de ce stage\u00a0: connaissance de l\u2019enfant de 0 \u00e0 6 ans (gestes de 1<sup>er<\/sup> secours, rythme de l\u2019enfant, soins, pr\u00e9ventions des risques domestiques\u2026), observation et mise en situation.<\/p><p>Les animateurs InfoJeunes vous accompagnent aussi dans la r\u00e9alisation de votre CV et des lettres de motivation.<br \/>Attention, soigner son image sur internet est important. Les parents vont souvent voir le profil des jeunes se proposant de garder leurs enfants.<\/p><h4><strong>R\u00e9glementation et salaire<br \/><\/strong><\/h4><p><strong>A partir de quel \u00e2ge peut-on travailler\u00a0?<\/strong><br \/>D\u00e8s 16 ans. Il vous faut un accord parental \u00e9crit.<br \/>A partir de 14 ans <strong>sous certaines conditions<\/strong>, mais il\u00a0reste rare et peu encourag\u00e9.<\/p><p><strong>R\u00e9mun\u00e9ration en fonction de l\u2019\u00e2ge:<\/strong><\/p><table style=\"width: 90%;\" border=\"1\"><tbody><tr><td style=\"width: 33%;\" bgcolor=\"0a0a0a\"><span style=\"color: #ffffff;\"><strong>AGE<\/strong><\/span><\/td><td style=\"width: 33%;\" bgcolor=\"0a0a0a\"><span style=\"color: #ffffff;\"><strong>TAUX<\/strong><\/span><\/td><td style=\"width: 33%;\" bgcolor=\"0a0a0a\"><span style=\"color: #ffffff;\"><strong>Smic au 01\/09\/2025<\/strong><\/span><\/td><\/tr><tr><td style=\"width: 33%;\">14 \u00e0 16 ans<\/td><td style=\"width: 33%;\">80% du smic<\/td><td style=\"width: 33%;\">9,51\u20ac\/h brut<\/td><\/tr><tr><td style=\"width: 33%;\">17 ans<\/td><td style=\"width: 33%;\">90% du smic<\/td><td style=\"width: 33%;\">10,70\u20ac\/h brut<\/td><\/tr><tr><td style=\"width: 33%;\">A partir de 18 ans<\/td><td style=\"width: 33%;\">100 % smic<\/td><td style=\"width: 33%;\">11,88\u20ac\/h brut<\/td><\/tr><\/tbody><\/table><p>Pour conna\u00eetre le taux du SMIC : <a href=\"http:\/\/www.service-public.fr\" target=\"_blank\" rel=\"noopener noreferrer\">www.service-public.fr<\/a><\/p><p>La convention collective qui s&rsquo;applique aux baby-sitters est celle des salari\u00e9s du particulier-employeur.<br \/>Il faut distinguer les heures de <strong>travail effectif, <\/strong>\u00a0les heures de\u00a0<strong>pr\u00e9sence<\/strong> <strong>responsable<\/strong> et les <strong>heures de nuit<\/strong>.<\/p><table style=\"width: 90%;\" border=\"1\"><tbody><tr><td style=\"width: 33%;\" bgcolor=\"000000\"><span style=\"color: #ffffff;\"><strong>Travail\u00a0<\/strong><strong>effectif<\/strong><\/span><\/td><td style=\"width: 33%;\" bgcolor=\"000000\"><strong><span style=\"color: #ffffff;\">Repas, jeux, sorties\u2026<\/span><\/strong><\/td><td style=\"width: 33%;\" bgcolor=\"000000\"><strong><span style=\"color: #ffffff;\">SMIC ou % selon \u00e2ge<\/span><\/strong><\/td><\/tr><tr><td style=\"width: 33%;\"><strong>Pr\u00e9sence\u00a0<\/strong><strong>responsable<\/strong><\/td><td style=\"width: 33%;\">L\u2019enfant dort mais surveillance \u00e9veill\u00e9e<\/td><td style=\"width: 33%;\">2\/3 heure de travail effectif<\/td><\/tr><tr><td style=\"width: 33%;\"><strong>Heure de nuit<\/strong><br \/><strong>(22h \u00e0 6h)<\/strong><\/td><td style=\"width: 33%;\">L\u2019enfant dort. Le baby-sitter dort dans une pi\u00e8ce s\u00e9par\u00e9e<\/td><td style=\"width: 33%;\">1\/6 heure travail effectif major\u00e9 selon nature des interventions et fr\u00e9quence<\/td><\/tr><\/tbody><\/table><h4><strong><br \/><\/strong><strong>Le contrat de travail<\/strong><\/h4><p>Ce document permet d\u2019\u00eatre en conformit\u00e9 avec la loi.<br \/>Il est \u00e9crit, sign\u00e9 de l\u2019employeur et du salari\u00e9. Il d\u00e9finit les droits et obligations de l\u2019un et de l\u2019autre.<br \/>Y sont notamment sp\u00e9cifi\u00e9s le lieu de travail, la nature des t\u00e2ches \u00e0 effectuer, les horaires, le nombre d\u2019heures de travail effectif, celles de pr\u00e9sence responsable, et la r\u00e9mun\u00e9ration.<br \/>Il permettra de r\u00e9gler plus facilement tout litige \u00e9ventuel.<\/p><h4><strong>La paye<\/strong><\/h4><p>L\u2019employeur peut r\u00e9gler en esp\u00e8ces, par ch\u00e8que ou virement bancaire, ou via le dispositif PAJEMPLOI ou CESU qui lui procure des avantages fiscaux mais ne change rien pour le baby-sitter.<br \/>Pour en savoir plus sur les droits du salari\u00e9 s\u2019adresser \u00e0\u00a0:<br \/><strong>l\u2019URSSAF\u00a0:<\/strong> <a href=\"http:\/\/www.urssaf.fr\">www.urssaf.fr<\/a><\/p><p><strong>Le CESU<\/strong><\/p><p>Le <strong>ch\u00e8que emploi service universel<\/strong> permet de r\u00e9mun\u00e9rer et de d\u00e9clarer un salari\u00e9 employ\u00e9 \u00e0 domicile.<br \/>Il s&rsquo;utilise comme un ch\u00e8que bancaire. \u00c0 chaque fois que l\u2019employeur paie son salari\u00e9, il lui remet un ch\u00e8que du montant du salaire net augment\u00e9 de 10% pour les cong\u00e9s pay\u00e9s.<\/p><p><strong>Renseignements\u00a0<\/strong><strong>:<br \/><\/strong><a href=\"http:\/\/www.urssaf.fr\" target=\"_blank\" rel=\"noopener noreferrer\">www.urssaf.fr<\/a><br \/>T\u00e9l. 0 820 00 23 78<\/p><h4><strong>La fiche de paie<\/strong><\/h4><p>Elle permet de faire valoir ses droits lors d\u2019une demande de ch\u00f4mage, de retraite, elle est la preuve de votre travail effectif. Elle est donn\u00e9e chaque mois.<br \/>Elle comporte vos coordonn\u00e9es, celles de votre employeur, votre salaire, vos cotisations sociales\u2026<br \/><strong>Elle doit \u00eatre conserv\u00e9e jusqu\u2019\u00e0 la retraite<\/strong>.<\/p><h4><strong>L\u2019assurance<\/strong><\/h4><p>Il est indispensable que les baby-sitters v\u00e9rifient aupr\u00e8s de leur assurance qu\u2019ils soient bien couverts par une assurance responsabilit\u00e9 civile.<\/p><p><strong>Bon \u00e0 savoir\u00a0:<\/strong><br \/>Si le baby-sitter est pr\u00e9sent lors du repas, il doit lui \u00eatre fourni.<br \/>Au del\u00e0 de 23h, il est d&rsquo;usage que les familles raccompagnent les baby-sitters ou prennent en charge la course de taxi.<\/p><h4><strong>Prospecter<\/strong><\/h4><p>Les qualit\u00e9s indispensables pour \u00eatre baby-sitter\u00a0:<\/p><ul><li style=\"list-style-type: none;\"><ul><li>aimer les enfants<\/li><li>avoir le sens des responsabilit\u00e9s<\/li><li>\u00eatre ponctuel<\/li><\/ul><\/li><\/ul><p>Pour trouver des familles chez qui travailler, vous pouvez d\u00e9poser des annonces dans les commerces de votre quartier, en parler autour de vous et consulter les offres des services sp\u00e9cialis\u00e9s.<\/p><p><strong>Prospecter en Ari\u00e8ge\u00a0:<\/strong><\/p><p>&#8211; <strong>Le site de P\u00f4le Emploi<\/strong>\u00a0:<br \/>O\u00f9 le nom et le contact de l\u2019employeur sont parfois indiqu\u00e9s dans certaines offres.<br \/>Site web : <a href=\"https:\/\/www.francetravail.fr\/accueil\/\" target=\"_blank\" rel=\"noopener\">www.francetravail.fr<\/a><\/p><p><strong>&#8211; Les services sp\u00e9cialis\u00e9s <\/strong><strong>: <\/strong>ces services sont exclusivement r\u00e9serv\u00e9s aux jeunes majeurs qui ont d\u00e9j\u00e0 une exp\u00e9rience dans le baby-sitting (<a href=\"https:\/\/www.ema.family\/\">www.ema.family<\/a>, <a href=\"https:\/\/www.family-sphere.com\" target=\"_blank\" rel=\"noopener noreferrer\">family-sphere.com<\/a>, <a href=\"http:\/\/www.babychou.com\/\" target=\"_blank\" rel=\"noopener noreferrer\">babychou.com<\/a>, <a href=\"http:\/\/www.yoopala.com\/\" target=\"_blank\" rel=\"noopener noreferrer\">yoopala.com<\/a>, etc)<\/p><p>Certains services d\u2019aide \u00e0 la personne peuvent proposer des offres de garde d\u2019enfants \u00e0 domicile (liste de ces organismes dans les pages jaunes de l\u2019annuaire).<\/p><h3><strong>Stage Babysitting<\/strong><\/h3><p>InfoJeunes organise des stages d&rsquo;une semaine d&rsquo;approfondissement. G\u00e9n\u00e9ralement, \u00e0 Saint-Girons sur les vacances en octobre.<\/p><p>Saint-Girons &#8211; Du 25 au 24 octobre 2025<\/p><p><img decoding=\"async\" class=\"alignnone wp-image-5621 size-large\" src=\"https:\/\/infojeunes09.fr\/wp-content\/uploads\/2025\/08\/babysitting2025b-725x1024.jpg\" alt=\"\" width=\"525\" height=\"742\" srcset=\"https:\/\/infojeunes09.fr\/wp-content\/uploads\/2025\/08\/babysitting2025b-725x1024.jpg 725w, https:\/\/infojeunes09.fr\/wp-content\/uploads\/2025\/08\/babysitting2025b-212x300.jpg 212w, https:\/\/infojeunes09.fr\/wp-content\/uploads\/2025\/08\/babysitting2025b-768x1085.jpg 768w, https:\/\/infojeunes09.fr\/wp-content\/uploads\/2025\/08\/babysitting2025b-1087x1536.jpg 1087w, https:\/\/infojeunes09.fr\/wp-content\/uploads\/2025\/08\/babysitting2025b-350x495.jpg 350w, https:\/\/infojeunes09.fr\/wp-content\/uploads\/2025\/08\/babysitting2025b.jpg 1241w\" sizes=\"(max-width: 525px) 100vw, 525px\" \/><\/p><p>Bulletin d&rsquo;inscription :<\/p><ul><li style=\"list-style-type: none;\"><ul><li><a href=\"https:\/\/infojeunes09.fr\/wp-content\/uploads\/2025\/08\/Inscription_stagebabysitting2025.pdf\">Inscription stage babysitting 2025<\/a><\/li><li><a href=\"https:\/\/infojeunes09.fr\/wp-content\/uploads\/2025\/09\/2025_convention_stage_babysitting1.pdf\" target=\"_blank\" rel=\"noopener\">Convention stage babysitting 2025<\/a><\/li><li><a href=\"https:\/\/infojeunes09.fr\/wp-content\/uploads\/2025\/09\/planning_babysitting_2025a.pdf\" target=\"_blank\" rel=\"noopener\">Planning du stage 2025<\/a><\/li><\/ul><\/li><\/ul>\t\t\t\t\t\t\t\t<\/div>\n\t\t\t\t<\/div>\n\t\t\t\t\t<\/div>\n\t\t<\/div>\n\t\t\t\t\t<\/div>\n\t\t<\/section>\n\t\t\t\t<\/div>\n\t\t","protected":false},"excerpt":{"rendered":"<p>Table des mati\u00e8res Postuler Pour postuler, il vous faudra vous munir d\u2019un CV et, quand c\u2019est demand\u00e9, d\u2019une lettre de motivation.Pour le baby-sitting, le PSC1 et le BAFA sont un plus. Le r\u00e9seau Infojeunes propose ponctuellement des stages d\u2019initiation au baby-sitting, pendant les vacances scolaires. Ces stages sont gratuits et sont destin\u00e9s aux jeunes \u00e2g\u00e9s &hellip; <\/p>\n<p class=\"link-more\"><a href=\"https:\/\/infojeunes09.fr\/index.php\/travailler\/baby-sitting\/\" class=\"more-link\">Continuer la lecture<span class=\"screen-reader-text\"> de &laquo;&nbsp;Baby-sitting&nbsp;&raquo;<\/span><\/a><\/p>\n","protected":false},"author":1,"featured_media":285,"parent":11,"menu_order":0,"comment_status":"closed","ping_status":"closed","template":"","meta":{"_bbp_topic_count":0,"_bbp_reply_count":0,"_bbp_total_topic_count":0,"_bbp_total_reply_count":0,"_bbp_voice_count":0,"_bbp_anonymous_reply_count":0,"_bbp_topic_count_hidden":0,"_bbp_reply_count_hidden":0,"_bbp_forum_subforum_count":0,"footnotes":""},"class_list":["post-223","page","type-page","status-publish","has-post-thumbnail","hentry"],"yoast_head":"<!-- This site is optimized with the Yoast SEO plugin v27.0 - https:\/\/yoast.com\/product\/yoast-seo-wordpress\/ -->\n<title>Baby-sitting - InfoJeunes Ari\u00e8ge et Agglo Foix-Varilhes<\/title>\n<meta name=\"robots\" content=\"index, follow, max-snippet:-1, max-image-preview:large, max-video-preview:-1\" \/>\n<link rel=\"canonical\" href=\"https:\/\/infojeunes09.fr\/index.php\/travailler\/baby-sitting\/\" \/>\n<meta property=\"og:locale\" content=\"fr_FR\" \/>\n<meta property=\"og:type\" content=\"article\" \/>\n<meta property=\"og:title\" content=\"Baby-sitting - InfoJeunes Ari\u00e8ge et Agglo Foix-Varilhes\" \/>\n<meta property=\"og:description\" content=\"Table des mati\u00e8res Postuler Pour postuler, il vous faudra vous munir d\u2019un CV et, quand c\u2019est demand\u00e9, d\u2019une lettre de motivation.Pour le baby-sitting, le PSC1 et le BAFA sont un plus. Le r\u00e9seau Infojeunes propose ponctuellement des stages d\u2019initiation au baby-sitting, pendant les vacances scolaires. Ces stages sont gratuits et sont destin\u00e9s aux jeunes \u00e2g\u00e9s &hellip; Continuer la lecture de &laquo;&nbsp;Baby-sitting&nbsp;&raquo;\" \/>\n<meta property=\"og:url\" content=\"https:\/\/infojeunes09.fr\/index.php\/travailler\/baby-sitting\/\" \/>\n<meta property=\"og:site_name\" content=\"InfoJeunes Ari\u00e8ge et Agglo Foix-Varilhes\" \/>\n<meta property=\"article:publisher\" content=\"https:\/\/www.facebook.com\/Infojeunes09\/\" \/>\n<meta property=\"article:modified_time\" content=\"2025-09-03T12:19:37+00:00\" \/>\n<meta property=\"og:image\" content=\"https:\/\/infojeunes09.fr\/wp-content\/uploads\/2021\/10\/babysitting_aff2021_500.jpg\" \/>\n\t<meta property=\"og:image:width\" content=\"500\" \/>\n\t<meta property=\"og:image:height\" content=\"707\" \/>\n\t<meta property=\"og:image:type\" content=\"image\/jpeg\" \/>\n<meta name=\"twitter:card\" content=\"summary_large_image\" \/>\n<meta name=\"twitter:label1\" content=\"Dur\u00e9e de lecture estim\u00e9e\" \/>\n\t<meta name=\"twitter:data1\" content=\"5 minutes\" \/>\n<script type=\"application\/ld+json\" class=\"yoast-schema-graph\">{\"@context\":\"https:\/\/schema.org\",\"@graph\":[{\"@type\":\"WebPage\",\"@id\":\"https:\/\/infojeunes09.fr\/index.php\/travailler\/baby-sitting\/\",\"url\":\"https:\/\/infojeunes09.fr\/index.php\/travailler\/baby-sitting\/\",\"name\":\"Baby-sitting - InfoJeunes Ari\u00e8ge et Agglo Foix-Varilhes\",\"isPartOf\":{\"@id\":\"https:\/\/infojeunes09.fr\/#website\"},\"primaryImageOfPage\":{\"@id\":\"https:\/\/infojeunes09.fr\/index.php\/travailler\/baby-sitting\/#primaryimage\"},\"image\":{\"@id\":\"https:\/\/infojeunes09.fr\/index.php\/travailler\/baby-sitting\/#primaryimage\"},\"thumbnailUrl\":\"https:\/\/infojeunes09.fr\/wp-content\/uploads\/2021\/10\/babysitting_aff2021_500.jpg\",\"datePublished\":\"2021-10-05T08:59:42+00:00\",\"dateModified\":\"2025-09-03T12:19:37+00:00\",\"breadcrumb\":{\"@id\":\"https:\/\/infojeunes09.fr\/index.php\/travailler\/baby-sitting\/#breadcrumb\"},\"inLanguage\":\"fr-FR\",\"potentialAction\":[{\"@type\":\"ReadAction\",\"target\":[\"https:\/\/infojeunes09.fr\/index.php\/travailler\/baby-sitting\/\"]}]},{\"@type\":\"ImageObject\",\"inLanguage\":\"fr-FR\",\"@id\":\"https:\/\/infojeunes09.fr\/index.php\/travailler\/baby-sitting\/#primaryimage\",\"url\":\"https:\/\/infojeunes09.fr\/wp-content\/uploads\/2021\/10\/babysitting_aff2021_500.jpg\",\"contentUrl\":\"https:\/\/infojeunes09.fr\/wp-content\/uploads\/2021\/10\/babysitting_aff2021_500.jpg\",\"width\":500,\"height\":707},{\"@type\":\"BreadcrumbList\",\"@id\":\"https:\/\/infojeunes09.fr\/index.php\/travailler\/baby-sitting\/#breadcrumb\",\"itemListElement\":[{\"@type\":\"ListItem\",\"position\":1,\"name\":\"Accueil\",\"item\":\"https:\/\/infojeunes09.fr\/\"},{\"@type\":\"ListItem\",\"position\":2,\"name\":\"Travailler\",\"item\":\"https:\/\/infojeunes09.fr\/index.php\/travailler\/\"},{\"@type\":\"ListItem\",\"position\":3,\"name\":\"Baby-sitting\"}]},{\"@type\":\"WebSite\",\"@id\":\"https:\/\/infojeunes09.fr\/#website\",\"url\":\"https:\/\/infojeunes09.fr\/\",\"name\":\"InfoJeunes Ari\u00e8ge et Agglo Foix-Varilhes\",\"description\":\"Explorer les possibles\",\"publisher\":{\"@id\":\"https:\/\/infojeunes09.fr\/#organization\"},\"potentialAction\":[{\"@type\":\"SearchAction\",\"target\":{\"@type\":\"EntryPoint\",\"urlTemplate\":\"https:\/\/infojeunes09.fr\/?s={search_term_string}\"},\"query-input\":{\"@type\":\"PropertyValueSpecification\",\"valueRequired\":true,\"valueName\":\"search_term_string\"}}],\"inLanguage\":\"fr-FR\"},{\"@type\":\"Organization\",\"@id\":\"https:\/\/infojeunes09.fr\/#organization\",\"name\":\"InfoJeunes Agglo Foix-Varilhes et Ari\u00e8ge\",\"url\":\"https:\/\/infojeunes09.fr\/\",\"logo\":{\"@type\":\"ImageObject\",\"inLanguage\":\"fr-FR\",\"@id\":\"https:\/\/infojeunes09.fr\/#\/schema\/logo\/image\/\",\"url\":\"https:\/\/infojeunes09.fr\/wp-content\/uploads\/2022\/07\/logo-bleu-Agglo-Foix-Varilhes-et-ariege@2x.png\",\"contentUrl\":\"https:\/\/infojeunes09.fr\/wp-content\/uploads\/2022\/07\/logo-bleu-Agglo-Foix-Varilhes-et-ariege@2x.png\",\"width\":800,\"height\":400,\"caption\":\"InfoJeunes Agglo Foix-Varilhes et Ari\u00e8ge\"},\"image\":{\"@id\":\"https:\/\/infojeunes09.fr\/#\/schema\/logo\/image\/\"},\"sameAs\":[\"https:\/\/www.facebook.com\/Infojeunes09\/\",\"https:\/\/www.instagram.com\/infojeunes09\/\"]}]}<\/script>\n<!-- \/ Yoast SEO plugin. -->","yoast_head_json":{"title":"Baby-sitting - InfoJeunes Ari\u00e8ge et Agglo Foix-Varilhes","robots":{"index":"index","follow":"follow","max-snippet":"max-snippet:-1","max-image-preview":"max-image-preview:large","max-video-preview":"max-video-preview:-1"},"canonical":"https:\/\/infojeunes09.fr\/index.php\/travailler\/baby-sitting\/","og_locale":"fr_FR","og_type":"article","og_title":"Baby-sitting - InfoJeunes Ari\u00e8ge et Agglo Foix-Varilhes","og_description":"Table des mati\u00e8res Postuler Pour postuler, il vous faudra vous munir d\u2019un CV et, quand c\u2019est demand\u00e9, d\u2019une lettre de motivation.Pour le baby-sitting, le PSC1 et le BAFA sont un plus. Le r\u00e9seau Infojeunes propose ponctuellement des stages d\u2019initiation au baby-sitting, pendant les vacances scolaires. Ces stages sont gratuits et sont destin\u00e9s aux jeunes \u00e2g\u00e9s &hellip; Continuer la lecture de &laquo;&nbsp;Baby-sitting&nbsp;&raquo;","og_url":"https:\/\/infojeunes09.fr\/index.php\/travailler\/baby-sitting\/","og_site_name":"InfoJeunes Ari\u00e8ge et Agglo Foix-Varilhes","article_publisher":"https:\/\/www.facebook.com\/Infojeunes09\/","article_modified_time":"2025-09-03T12:19:37+00:00","og_image":[{"width":500,"height":707,"url":"https:\/\/infojeunes09.fr\/wp-content\/uploads\/2021\/10\/babysitting_aff2021_500.jpg","type":"image\/jpeg"}],"twitter_card":"summary_large_image","twitter_misc":{"Dur\u00e9e de lecture estim\u00e9e":"5 minutes"},"schema":{"@context":"https:\/\/schema.org","@graph":[{"@type":"WebPage","@id":"https:\/\/infojeunes09.fr\/index.php\/travailler\/baby-sitting\/","url":"https:\/\/infojeunes09.fr\/index.php\/travailler\/baby-sitting\/","name":"Baby-sitting - InfoJeunes Ari\u00e8ge et Agglo Foix-Varilhes","isPartOf":{"@id":"https:\/\/infojeunes09.fr\/#website"},"primaryImageOfPage":{"@id":"https:\/\/infojeunes09.fr\/index.php\/travailler\/baby-sitting\/#primaryimage"},"image":{"@id":"https:\/\/infojeunes09.fr\/index.php\/travailler\/baby-sitting\/#primaryimage"},"thumbnailUrl":"https:\/\/infojeunes09.fr\/wp-content\/uploads\/2021\/10\/babysitting_aff2021_500.jpg","datePublished":"2021-10-05T08:59:42+00:00","dateModified":"2025-09-03T12:19:37+00:00","breadcrumb":{"@id":"https:\/\/infojeunes09.fr\/index.php\/travailler\/baby-sitting\/#breadcrumb"},"inLanguage":"fr-FR","potentialAction":[{"@type":"ReadAction","target":["https:\/\/infojeunes09.fr\/index.php\/travailler\/baby-sitting\/"]}]},{"@type":"ImageObject","inLanguage":"fr-FR","@id":"https:\/\/infojeunes09.fr\/index.php\/travailler\/baby-sitting\/#primaryimage","url":"https:\/\/infojeunes09.fr\/wp-content\/uploads\/2021\/10\/babysitting_aff2021_500.jpg","contentUrl":"https:\/\/infojeunes09.fr\/wp-content\/uploads\/2021\/10\/babysitting_aff2021_500.jpg","width":500,"height":707},{"@type":"BreadcrumbList","@id":"https:\/\/infojeunes09.fr\/index.php\/travailler\/baby-sitting\/#breadcrumb","itemListElement":[{"@type":"ListItem","position":1,"name":"Accueil","item":"https:\/\/infojeunes09.fr\/"},{"@type":"ListItem","position":2,"name":"Travailler","item":"https:\/\/infojeunes09.fr\/index.php\/travailler\/"},{"@type":"ListItem","position":3,"name":"Baby-sitting"}]},{"@type":"WebSite","@id":"https:\/\/infojeunes09.fr\/#website","url":"https:\/\/infojeunes09.fr\/","name":"InfoJeunes Ari\u00e8ge et Agglo Foix-Varilhes","description":"Explorer les possibles","publisher":{"@id":"https:\/\/infojeunes09.fr\/#organization"},"potentialAction":[{"@type":"SearchAction","target":{"@type":"EntryPoint","urlTemplate":"https:\/\/infojeunes09.fr\/?s={search_term_string}"},"query-input":{"@type":"PropertyValueSpecification","valueRequired":true,"valueName":"search_term_string"}}],"inLanguage":"fr-FR"},{"@type":"Organization","@id":"https:\/\/infojeunes09.fr\/#organization","name":"InfoJeunes Agglo Foix-Varilhes et Ari\u00e8ge","url":"https:\/\/infojeunes09.fr\/","logo":{"@type":"ImageObject","inLanguage":"fr-FR","@id":"https:\/\/infojeunes09.fr\/#\/schema\/logo\/image\/","url":"https:\/\/infojeunes09.fr\/wp-content\/uploads\/2022\/07\/logo-bleu-Agglo-Foix-Varilhes-et-ariege@2x.png","contentUrl":"https:\/\/infojeunes09.fr\/wp-content\/uploads\/2022\/07\/logo-bleu-Agglo-Foix-Varilhes-et-ariege@2x.png","width":800,"height":400,"caption":"InfoJeunes Agglo Foix-Varilhes et Ari\u00e8ge"},"image":{"@id":"https:\/\/infojeunes09.fr\/#\/schema\/logo\/image\/"},"sameAs":["https:\/\/www.facebook.com\/Infojeunes09\/","https:\/\/www.instagram.com\/infojeunes09\/"]}]}},"_links":{"self":[{"href":"https:\/\/infojeunes09.fr\/index.php\/wp-json\/wp\/v2\/pages\/223","targetHints":{"allow":["GET"]}}],"collection":[{"href":"https:\/\/infojeunes09.fr\/index.php\/wp-json\/wp\/v2\/pages"}],"about":[{"href":"https:\/\/infojeunes09.fr\/index.php\/wp-json\/wp\/v2\/types\/page"}],"author":[{"embeddable":true,"href":"https:\/\/infojeunes09.fr\/index.php\/wp-json\/wp\/v2\/users\/1"}],"replies":[{"embeddable":true,"href":"https:\/\/infojeunes09.fr\/index.php\/wp-json\/wp\/v2\/comments?post=223"}],"version-history":[{"count":94,"href":"https:\/\/infojeunes09.fr\/index.php\/wp-json\/wp\/v2\/pages\/223\/revisions"}],"predecessor-version":[{"id":5670,"href":"https:\/\/infojeunes09.fr\/index.php\/wp-json\/wp\/v2\/pages\/223\/revisions\/5670"}],"up":[{"embeddable":true,"href":"https:\/\/infojeunes09.fr\/index.php\/wp-json\/wp\/v2\/pages\/11"}],"wp:featuredmedia":[{"embeddable":true,"href":"https:\/\/infojeunes09.fr\/index.php\/wp-json\/wp\/v2\/media\/285"}],"wp:attachment":[{"href":"https:\/\/infojeunes09.fr\/index.php\/wp-json\/wp\/v2\/media?parent=223"}],"curies":[{"name":"wp","href":"https:\/\/api.w.org\/{rel}","templated":true}]}}