{"id":225,"date":"2021-10-05T11:00:33","date_gmt":"2021-10-05T09:00:33","guid":{"rendered":"http:\/\/infojeunes09.org\/?page_id=225"},"modified":"2022-06-15T16:57:20","modified_gmt":"2022-06-15T14:57:20","slug":"jobs-dete","status":"publish","type":"page","link":"https:\/\/infojeunes09.fr\/index.php\/travailler\/jobs-dete\/","title":{"rendered":"Jobs d&rsquo;\u00e9t\u00e9"},"content":{"rendered":"\t\t<div data-elementor-type=\"wp-page\" data-elementor-id=\"225\" class=\"elementor elementor-225\" data-elementor-post-type=\"page\">\n\t\t\t\t\t\t<section class=\"elementor-section elementor-top-section elementor-element elementor-element-1eae6cf elementor-section-boxed elementor-section-height-default elementor-section-height-default\" data-id=\"1eae6cf\" data-element_type=\"section\" data-e-type=\"section\">\n\t\t\t\t\t\t<div class=\"elementor-container elementor-column-gap-default\">\n\t\t\t\t\t<div class=\"elementor-column elementor-col-100 elementor-top-column elementor-element elementor-element-e367199\" data-id=\"e367199\" data-element_type=\"column\" data-e-type=\"column\">\n\t\t\t<div class=\"elementor-widget-wrap elementor-element-populated\">\n\t\t\t\t\t\t<div class=\"elementor-element elementor-element-45eefa4 elementor-widget elementor-widget-image\" data-id=\"45eefa4\" data-element_type=\"widget\" data-e-type=\"widget\" data-widget_type=\"image.default\">\n\t\t\t\t<div class=\"elementor-widget-container\">\n\t\t\t\t\t\t\t\t\t\t\t\t\t\t\t<img fetchpriority=\"high\" decoding=\"async\" width=\"1536\" height=\"768\" src=\"https:\/\/infojeunes09.fr\/wp-content\/uploads\/2022\/05\/278569941_3084472981774368_3556524324952545252_n-1536x768.jpg\" class=\"attachment-1536x1536 size-1536x1536 wp-image-1911\" alt=\"\" srcset=\"https:\/\/infojeunes09.fr\/wp-content\/uploads\/2022\/05\/278569941_3084472981774368_3556524324952545252_n-1536x768.jpg 1536w, https:\/\/infojeunes09.fr\/wp-content\/uploads\/2022\/05\/278569941_3084472981774368_3556524324952545252_n-300x150.jpg 300w, https:\/\/infojeunes09.fr\/wp-content\/uploads\/2022\/05\/278569941_3084472981774368_3556524324952545252_n-1024x512.jpg 1024w, https:\/\/infojeunes09.fr\/wp-content\/uploads\/2022\/05\/278569941_3084472981774368_3556524324952545252_n-768x384.jpg 768w, https:\/\/infojeunes09.fr\/wp-content\/uploads\/2022\/05\/278569941_3084472981774368_3556524324952545252_n-2048x1024.jpg 2048w, https:\/\/infojeunes09.fr\/wp-content\/uploads\/2022\/05\/278569941_3084472981774368_3556524324952545252_n-350x175.jpg 350w\" sizes=\"100vw\" \/>\t\t\t\t\t\t\t\t\t\t\t\t\t\t\t<\/div>\n\t\t\t\t<\/div>\n\t\t\t\t\t<\/div>\n\t\t<\/div>\n\t\t\t\t\t<\/div>\n\t\t<\/section>\n\t\t\t\t<section class=\"elementor-section elementor-top-section elementor-element elementor-element-c3f3bad elementor-section-boxed elementor-section-height-default elementor-section-height-default\" data-id=\"c3f3bad\" data-element_type=\"section\" data-e-type=\"section\">\n\t\t\t\t\t\t<div class=\"elementor-container elementor-column-gap-default\">\n\t\t\t\t\t<div class=\"elementor-column elementor-col-33 elementor-top-column elementor-element elementor-element-d849513\" data-id=\"d849513\" data-element_type=\"column\" data-e-type=\"column\">\n\t\t\t<div class=\"elementor-widget-wrap elementor-element-populated\">\n\t\t\t\t\t\t<div class=\"elementor-element elementor-element-07973bd elementor-toc--minimized-on-tablet elementor-widget elementor-widget-table-of-contents\" data-id=\"07973bd\" data-element_type=\"widget\" data-e-type=\"widget\" data-settings=\"{&quot;exclude_headings_by_selector&quot;:[],&quot;headings_by_tags&quot;:[&quot;h2&quot;,&quot;h3&quot;,&quot;h4&quot;,&quot;h5&quot;,&quot;h6&quot;],&quot;marker_view&quot;:&quot;numbers&quot;,&quot;no_headings_message&quot;:&quot;Aucun titre n\\u2019a \\u00e9t\\u00e9 trouv\\u00e9 sur cette page.&quot;,&quot;minimize_box&quot;:&quot;yes&quot;,&quot;minimized_on&quot;:&quot;tablet&quot;,&quot;hierarchical_view&quot;:&quot;yes&quot;,&quot;min_height&quot;:{&quot;unit&quot;:&quot;px&quot;,&quot;size&quot;:&quot;&quot;,&quot;sizes&quot;:[]},&quot;min_height_tablet&quot;:{&quot;unit&quot;:&quot;px&quot;,&quot;size&quot;:&quot;&quot;,&quot;sizes&quot;:[]},&quot;min_height_mobile&quot;:{&quot;unit&quot;:&quot;px&quot;,&quot;size&quot;:&quot;&quot;,&quot;sizes&quot;:[]}}\" data-widget_type=\"table-of-contents.default\">\n\t\t\t\t<div class=\"elementor-widget-container\">\n\t\t\t\t\t\t\t\t\t<div class=\"elementor-toc__header\">\n\t\t\t\t\t\t<h4 class=\"elementor-toc__header-title\">\n\t\t\t\tTable des mati\u00e8res\t\t\t<\/h4>\n\t\t\t\t\t\t\t\t\t\t<div class=\"elementor-toc__toggle-button elementor-toc__toggle-button--expand\" role=\"button\" tabindex=\"0\" aria-controls=\"elementor-toc__07973bd\" aria-expanded=\"true\" aria-label=\"Ouvrir la table des mati\u00e8res\"><i aria-hidden=\"true\" class=\"fas fa-chevron-down\"><\/i><\/div>\n\t\t\t\t<div class=\"elementor-toc__toggle-button elementor-toc__toggle-button--collapse\" role=\"button\" tabindex=\"0\" aria-controls=\"elementor-toc__07973bd\" aria-expanded=\"true\" aria-label=\"Fermer la table des mati\u00e8res\"><i aria-hidden=\"true\" class=\"fas fa-chevron-up\"><\/i><\/div>\n\t\t\t\t\t<\/div>\n\t\t\t\t<div id=\"elementor-toc__07973bd\" class=\"elementor-toc__body\">\n\t\t\t<div class=\"elementor-toc__spinner-container\">\n\t\t\t\t<i class=\"elementor-toc__spinner eicon-animation-spin eicon-loading\" aria-hidden=\"true\"><\/i>\t\t\t<\/div>\n\t\t<\/div>\n\t\t\t\t\t\t<\/div>\n\t\t\t\t<\/div>\n\t\t\t\t\t<\/div>\n\t\t<\/div>\n\t\t\t\t<div class=\"elementor-column elementor-col-66 elementor-top-column elementor-element elementor-element-892e7c7\" data-id=\"892e7c7\" data-element_type=\"column\" data-e-type=\"column\">\n\t\t\t<div class=\"elementor-widget-wrap elementor-element-populated\">\n\t\t\t\t\t\t<div class=\"elementor-element elementor-element-473bb35 elementor-widget elementor-widget-text-editor\" data-id=\"473bb35\" data-element_type=\"widget\" data-e-type=\"widget\" data-widget_type=\"text-editor.default\">\n\t\t\t\t<div class=\"elementor-widget-container\">\n\t\t\t\t\t\t\t\t\t<h4 id=\"comp-kocwtuym\" class=\"_1Q9if\" data-testid=\"richTextElement\"><span style=\"font-size: 24px;\"><span style=\"font-family: georgia;\"><span style=\"font-style: normal;\"><span style=\"color: #000000;\"><span style=\"letter-spacing: 0.03em;\"><span style=\"font-family: helvetica-w01-light,helvetica-w02-light,sans-serif;\"><span style=\"color: #000000;\">Aide pour faire mon CV et ma lettre de motivation<\/span><\/span><\/span><\/span><\/span><\/span><\/span><\/h4><p class=\"font_8\" style=\"font-size: 16px; line-height: 1.35em; text-align: left;\"><span style=\"font-size: 16px;\"><span style=\"font-family: georgia;\"><span style=\"font-weight: normal;\"><span style=\"font-style: normal;\"><span style=\"color: #000000;\"><span style=\"letter-spacing: 0.03em;\"><span style=\"font-family: helvetica-w01-light,helvetica-w02-light,sans-serif;\"><span style=\"color: #000000;\">Si tu as besoin d\u2019aide pour faire ton CV et LM, contacte la structure Info-Jeunes pr\u00e8s de chez toi. On t&rsquo;aidera pour la r\u00e9daction et la r\u00e9alisation!<\/span><\/span><\/span><\/span><\/span><\/span><\/span><\/span><\/p><p class=\"font_8\" style=\"font-size: 16px; line-height: 1.35em; text-align: left;\"><span style=\"font-size: 16px;\"><span style=\"font-family: georgia;\"><span style=\"font-weight: normal;\"><span style=\"font-style: normal;\"><span style=\"color: #000000;\"><span style=\"letter-spacing: 0.03em;\"><span style=\"font-family: helvetica-w01-light,helvetica-w02-light,sans-serif;\"><span style=\"color: #000000;\">InfoJeunes Foix-Varilhes: <a href=\"mailto:bij09.foix@crij.org\" data-auto-recognition=\"true\">bij09.foix@crij.org<\/a> &#8211; T\u00e9l. 05 61 02 86 10<\/span><\/span><\/span><\/span><\/span><\/span><\/span><\/span><\/p><p><span style=\"font-size: 16px;\"><span style=\"font-family: georgia;\"><span style=\"font-weight: normal;\"><span style=\"font-style: normal;\"><span style=\"color: #000000;\"><span style=\"letter-spacing: 0.03em;\"><span style=\"font-family: helvetica-w01-light,helvetica-w02-light,sans-serif;\"><span style=\"color: #000000;\">L&rsquo;info-Jeunesse est aussi \u00e0 Pamiers, Saverdun, Tarascon-sur-Ari\u00e8ge, Mas-d&rsquo;Azil, Bastide-de-S\u00e9rou, Massat, &#8230;<\/span><\/span><\/span><\/span><\/span><\/span><\/span><\/span><\/p><p><span style=\"font-size: 16px;\"><span style=\"font-family: georgia;\"><span style=\"font-weight: normal;\"><span style=\"font-style: normal;\"><span style=\"color: #000000;\"><span style=\"letter-spacing: 0.03em;\"><span style=\"font-family: helvetica-w01-light,helvetica-w02-light,sans-serif;\"><span style=\"color: #000000;\">\u00a0<\/span><\/span><\/span><\/span><\/span><\/span><\/span><\/span><\/p>\t\t\t\t\t\t\t\t<\/div>\n\t\t\t\t<\/div>\n\t\t\t\t<div class=\"elementor-element elementor-element-d818603 elementor-widget elementor-widget-text-editor\" data-id=\"d818603\" data-element_type=\"widget\" data-e-type=\"widget\" data-widget_type=\"text-editor.default\">\n\t\t\t\t<div class=\"elementor-widget-container\">\n\t\t\t\t\t\t\t\t\t<h4>Forum job d&rsquo;\u00e9t\u00e9<\/h4><p>Vers le mois d&rsquo;avril, voire mai, InfoJeunes propose une journ\u00e9e dense pour que les jeunes pr\u00e9sents trouvent un job pendant la saison estivale.<br \/>Job dating, atelier CV et lettre de motivation, etc<\/p>\t\t\t\t\t\t\t\t<\/div>\n\t\t\t\t<\/div>\n\t\t\t\t<div class=\"elementor-element elementor-element-493cfee elementor-widget elementor-widget-text-editor\" data-id=\"493cfee\" data-element_type=\"widget\" data-e-type=\"widget\" data-widget_type=\"text-editor.default\">\n\t\t\t\t<div class=\"elementor-widget-container\">\n\t\t\t\t\t\t\t\t\t<h4>Les offres<\/h4>\n<p>Retrouvez les offres durant toute l&rsquo;ann\u00e9e sur la page Jobs du site<\/p>\t\t\t\t\t\t\t\t<\/div>\n\t\t\t\t<\/div>\n\t\t\t\t<div class=\"elementor-element elementor-element-858b032 elementor-widget elementor-widget-button\" data-id=\"858b032\" data-element_type=\"widget\" data-e-type=\"widget\" data-widget_type=\"button.default\">\n\t\t\t\t<div class=\"elementor-widget-container\">\n\t\t\t\t\t\t\t\t\t<div class=\"elementor-button-wrapper\">\n\t\t\t\t\t<a class=\"elementor-button elementor-button-link elementor-size-sm\" href=\"#\">\n\t\t\t\t\t\t<span class=\"elementor-button-content-wrapper\">\n\t\t\t\t\t\t\t\t\t<span class=\"elementor-button-text\">Page jobs<\/span>\n\t\t\t\t\t<\/span>\n\t\t\t\t\t<\/a>\n\t\t\t\t<\/div>\n\t\t\t\t\t\t\t\t<\/div>\n\t\t\t\t<\/div>\n\t\t\t\t\t<\/div>\n\t\t<\/div>\n\t\t\t\t\t<\/div>\n\t\t<\/section>\n\t\t\t\t<\/div>\n\t\t","protected":false},"excerpt":{"rendered":"<p>Table des mati\u00e8res Aide pour faire mon CV et ma lettre de motivation Si tu as besoin d\u2019aide pour faire ton CV et LM, contacte la structure Info-Jeunes pr\u00e8s de chez toi. On t&rsquo;aidera pour la r\u00e9daction et la r\u00e9alisation! InfoJeunes Foix-Varilhes: bij09.foix@crij.org &#8211; T\u00e9l. 05 61 02 86 10 L&rsquo;info-Jeunesse est aussi \u00e0 Pamiers, &hellip; <\/p>\n<p class=\"link-more\"><a href=\"https:\/\/infojeunes09.fr\/index.php\/travailler\/jobs-dete\/\" class=\"more-link\">Continuer la lecture<span class=\"screen-reader-text\"> de &laquo;&nbsp;Jobs d&rsquo;\u00e9t\u00e9&nbsp;&raquo;<\/span><\/a><\/p>\n","protected":false},"author":1,"featured_media":0,"parent":11,"menu_order":0,"comment_status":"closed","ping_status":"closed","template":"","meta":{"_bbp_topic_count":0,"_bbp_reply_count":0,"_bbp_total_topic_count":0,"_bbp_total_reply_count":0,"_bbp_voice_count":0,"_bbp_anonymous_reply_count":0,"_bbp_topic_count_hidden":0,"_bbp_reply_count_hidden":0,"_bbp_forum_subforum_count":0,"footnotes":""},"class_list":["post-225","page","type-page","status-publish","hentry"],"yoast_head":"<!-- This site is optimized with the Yoast SEO plugin v27.0 - https:\/\/yoast.com\/product\/yoast-seo-wordpress\/ -->\n<title>Jobs d&#039;\u00e9t\u00e9 - InfoJeunes Ari\u00e8ge et Agglo Foix-Varilhes<\/title>\n<meta name=\"robots\" content=\"index, follow, max-snippet:-1, max-image-preview:large, max-video-preview:-1\" \/>\n<link rel=\"canonical\" href=\"https:\/\/infojeunes09.fr\/index.php\/travailler\/jobs-dete\/\" \/>\n<meta property=\"og:locale\" content=\"fr_FR\" \/>\n<meta property=\"og:type\" content=\"article\" \/>\n<meta property=\"og:title\" content=\"Jobs d&#039;\u00e9t\u00e9 - InfoJeunes Ari\u00e8ge et Agglo Foix-Varilhes\" \/>\n<meta property=\"og:description\" content=\"Table des mati\u00e8res Aide pour faire mon CV et ma lettre de motivation Si tu as besoin d\u2019aide pour faire ton CV et LM, contacte la structure Info-Jeunes pr\u00e8s de chez toi. On t&rsquo;aidera pour la r\u00e9daction et la r\u00e9alisation! InfoJeunes Foix-Varilhes: bij09.foix@crij.org &#8211; T\u00e9l. 05 61 02 86 10 L&rsquo;info-Jeunesse est aussi \u00e0 Pamiers, &hellip; Continuer la lecture de &laquo;&nbsp;Jobs d&rsquo;\u00e9t\u00e9&nbsp;&raquo;\" \/>\n<meta property=\"og:url\" content=\"https:\/\/infojeunes09.fr\/index.php\/travailler\/jobs-dete\/\" \/>\n<meta property=\"og:site_name\" content=\"InfoJeunes Ari\u00e8ge et Agglo Foix-Varilhes\" \/>\n<meta property=\"article:publisher\" content=\"https:\/\/www.facebook.com\/Infojeunes09\/\" \/>\n<meta property=\"article:modified_time\" content=\"2022-06-15T14:57:20+00:00\" \/>\n<meta property=\"og:image\" content=\"https:\/\/infojeunes09.org\/wp-content\/uploads\/2022\/05\/278569941_3084472981774368_3556524324952545252_n-1536x768.jpg\" \/>\n<meta name=\"twitter:card\" content=\"summary_large_image\" \/>\n<meta name=\"twitter:label1\" content=\"Dur\u00e9e de lecture estim\u00e9e\" \/>\n\t<meta name=\"twitter:data1\" content=\"1 minute\" \/>\n<script type=\"application\/ld+json\" class=\"yoast-schema-graph\">{\"@context\":\"https:\/\/schema.org\",\"@graph\":[{\"@type\":\"WebPage\",\"@id\":\"https:\/\/infojeunes09.fr\/index.php\/travailler\/jobs-dete\/\",\"url\":\"https:\/\/infojeunes09.fr\/index.php\/travailler\/jobs-dete\/\",\"name\":\"Jobs d'\u00e9t\u00e9 - InfoJeunes Ari\u00e8ge et Agglo Foix-Varilhes\",\"isPartOf\":{\"@id\":\"https:\/\/infojeunes09.fr\/#website\"},\"primaryImageOfPage\":{\"@id\":\"https:\/\/infojeunes09.fr\/index.php\/travailler\/jobs-dete\/#primaryimage\"},\"image\":{\"@id\":\"https:\/\/infojeunes09.fr\/index.php\/travailler\/jobs-dete\/#primaryimage\"},\"thumbnailUrl\":\"https:\/\/infojeunes09.org\/wp-content\/uploads\/2022\/05\/278569941_3084472981774368_3556524324952545252_n-1536x768.jpg\",\"datePublished\":\"2021-10-05T09:00:33+00:00\",\"dateModified\":\"2022-06-15T14:57:20+00:00\",\"breadcrumb\":{\"@id\":\"https:\/\/infojeunes09.fr\/index.php\/travailler\/jobs-dete\/#breadcrumb\"},\"inLanguage\":\"fr-FR\",\"potentialAction\":[{\"@type\":\"ReadAction\",\"target\":[\"https:\/\/infojeunes09.fr\/index.php\/travailler\/jobs-dete\/\"]}]},{\"@type\":\"ImageObject\",\"inLanguage\":\"fr-FR\",\"@id\":\"https:\/\/infojeunes09.fr\/index.php\/travailler\/jobs-dete\/#primaryimage\",\"url\":\"https:\/\/infojeunes09.org\/wp-content\/uploads\/2022\/05\/278569941_3084472981774368_3556524324952545252_n-1536x768.jpg\",\"contentUrl\":\"https:\/\/infojeunes09.org\/wp-content\/uploads\/2022\/05\/278569941_3084472981774368_3556524324952545252_n-1536x768.jpg\"},{\"@type\":\"BreadcrumbList\",\"@id\":\"https:\/\/infojeunes09.fr\/index.php\/travailler\/jobs-dete\/#breadcrumb\",\"itemListElement\":[{\"@type\":\"ListItem\",\"position\":1,\"name\":\"Accueil\",\"item\":\"https:\/\/infojeunes09.fr\/\"},{\"@type\":\"ListItem\",\"position\":2,\"name\":\"Travailler\",\"item\":\"https:\/\/infojeunes09.fr\/index.php\/travailler\/\"},{\"@type\":\"ListItem\",\"position\":3,\"name\":\"Jobs d&rsquo;\u00e9t\u00e9\"}]},{\"@type\":\"WebSite\",\"@id\":\"https:\/\/infojeunes09.fr\/#website\",\"url\":\"https:\/\/infojeunes09.fr\/\",\"name\":\"InfoJeunes Ari\u00e8ge et Agglo Foix-Varilhes\",\"description\":\"Explorer les possibles\",\"publisher\":{\"@id\":\"https:\/\/infojeunes09.fr\/#organization\"},\"potentialAction\":[{\"@type\":\"SearchAction\",\"target\":{\"@type\":\"EntryPoint\",\"urlTemplate\":\"https:\/\/infojeunes09.fr\/?s={search_term_string}\"},\"query-input\":{\"@type\":\"PropertyValueSpecification\",\"valueRequired\":true,\"valueName\":\"search_term_string\"}}],\"inLanguage\":\"fr-FR\"},{\"@type\":\"Organization\",\"@id\":\"https:\/\/infojeunes09.fr\/#organization\",\"name\":\"InfoJeunes Agglo Foix-Varilhes et Ari\u00e8ge\",\"url\":\"https:\/\/infojeunes09.fr\/\",\"logo\":{\"@type\":\"ImageObject\",\"inLanguage\":\"fr-FR\",\"@id\":\"https:\/\/infojeunes09.fr\/#\/schema\/logo\/image\/\",\"url\":\"https:\/\/infojeunes09.fr\/wp-content\/uploads\/2022\/07\/logo-bleu-Agglo-Foix-Varilhes-et-ariege@2x.png\",\"contentUrl\":\"https:\/\/infojeunes09.fr\/wp-content\/uploads\/2022\/07\/logo-bleu-Agglo-Foix-Varilhes-et-ariege@2x.png\",\"width\":800,\"height\":400,\"caption\":\"InfoJeunes Agglo Foix-Varilhes et Ari\u00e8ge\"},\"image\":{\"@id\":\"https:\/\/infojeunes09.fr\/#\/schema\/logo\/image\/\"},\"sameAs\":[\"https:\/\/www.facebook.com\/Infojeunes09\/\",\"https:\/\/www.instagram.com\/infojeunes09\/\"]}]}<\/script>\n<!-- \/ Yoast SEO plugin. -->","yoast_head_json":{"title":"Jobs d'\u00e9t\u00e9 - InfoJeunes Ari\u00e8ge et Agglo Foix-Varilhes","robots":{"index":"index","follow":"follow","max-snippet":"max-snippet:-1","max-image-preview":"max-image-preview:large","max-video-preview":"max-video-preview:-1"},"canonical":"https:\/\/infojeunes09.fr\/index.php\/travailler\/jobs-dete\/","og_locale":"fr_FR","og_type":"article","og_title":"Jobs d'\u00e9t\u00e9 - InfoJeunes Ari\u00e8ge et Agglo Foix-Varilhes","og_description":"Table des mati\u00e8res Aide pour faire mon CV et ma lettre de motivation Si tu as besoin d\u2019aide pour faire ton CV et LM, contacte la structure Info-Jeunes pr\u00e8s de chez toi. On t&rsquo;aidera pour la r\u00e9daction et la r\u00e9alisation! InfoJeunes Foix-Varilhes: bij09.foix@crij.org &#8211; T\u00e9l. 05 61 02 86 10 L&rsquo;info-Jeunesse est aussi \u00e0 Pamiers, &hellip; Continuer la lecture de &laquo;&nbsp;Jobs d&rsquo;\u00e9t\u00e9&nbsp;&raquo;","og_url":"https:\/\/infojeunes09.fr\/index.php\/travailler\/jobs-dete\/","og_site_name":"InfoJeunes Ari\u00e8ge et Agglo Foix-Varilhes","article_publisher":"https:\/\/www.facebook.com\/Infojeunes09\/","article_modified_time":"2022-06-15T14:57:20+00:00","og_image":[{"url":"https:\/\/infojeunes09.org\/wp-content\/uploads\/2022\/05\/278569941_3084472981774368_3556524324952545252_n-1536x768.jpg","type":"","width":"","height":""}],"twitter_card":"summary_large_image","twitter_misc":{"Dur\u00e9e de lecture estim\u00e9e":"1 minute"},"schema":{"@context":"https:\/\/schema.org","@graph":[{"@type":"WebPage","@id":"https:\/\/infojeunes09.fr\/index.php\/travailler\/jobs-dete\/","url":"https:\/\/infojeunes09.fr\/index.php\/travailler\/jobs-dete\/","name":"Jobs d'\u00e9t\u00e9 - InfoJeunes Ari\u00e8ge et Agglo Foix-Varilhes","isPartOf":{"@id":"https:\/\/infojeunes09.fr\/#website"},"primaryImageOfPage":{"@id":"https:\/\/infojeunes09.fr\/index.php\/travailler\/jobs-dete\/#primaryimage"},"image":{"@id":"https:\/\/infojeunes09.fr\/index.php\/travailler\/jobs-dete\/#primaryimage"},"thumbnailUrl":"https:\/\/infojeunes09.org\/wp-content\/uploads\/2022\/05\/278569941_3084472981774368_3556524324952545252_n-1536x768.jpg","datePublished":"2021-10-05T09:00:33+00:00","dateModified":"2022-06-15T14:57:20+00:00","breadcrumb":{"@id":"https:\/\/infojeunes09.fr\/index.php\/travailler\/jobs-dete\/#breadcrumb"},"inLanguage":"fr-FR","potentialAction":[{"@type":"ReadAction","target":["https:\/\/infojeunes09.fr\/index.php\/travailler\/jobs-dete\/"]}]},{"@type":"ImageObject","inLanguage":"fr-FR","@id":"https:\/\/infojeunes09.fr\/index.php\/travailler\/jobs-dete\/#primaryimage","url":"https:\/\/infojeunes09.org\/wp-content\/uploads\/2022\/05\/278569941_3084472981774368_3556524324952545252_n-1536x768.jpg","contentUrl":"https:\/\/infojeunes09.org\/wp-content\/uploads\/2022\/05\/278569941_3084472981774368_3556524324952545252_n-1536x768.jpg"},{"@type":"BreadcrumbList","@id":"https:\/\/infojeunes09.fr\/index.php\/travailler\/jobs-dete\/#breadcrumb","itemListElement":[{"@type":"ListItem","position":1,"name":"Accueil","item":"https:\/\/infojeunes09.fr\/"},{"@type":"ListItem","position":2,"name":"Travailler","item":"https:\/\/infojeunes09.fr\/index.php\/travailler\/"},{"@type":"ListItem","position":3,"name":"Jobs d&rsquo;\u00e9t\u00e9"}]},{"@type":"WebSite","@id":"https:\/\/infojeunes09.fr\/#website","url":"https:\/\/infojeunes09.fr\/","name":"InfoJeunes Ari\u00e8ge et Agglo Foix-Varilhes","description":"Explorer les possibles","publisher":{"@id":"https:\/\/infojeunes09.fr\/#organization"},"potentialAction":[{"@type":"SearchAction","target":{"@type":"EntryPoint","urlTemplate":"https:\/\/infojeunes09.fr\/?s={search_term_string}"},"query-input":{"@type":"PropertyValueSpecification","valueRequired":true,"valueName":"search_term_string"}}],"inLanguage":"fr-FR"},{"@type":"Organization","@id":"https:\/\/infojeunes09.fr\/#organization","name":"InfoJeunes Agglo Foix-Varilhes et Ari\u00e8ge","url":"https:\/\/infojeunes09.fr\/","logo":{"@type":"ImageObject","inLanguage":"fr-FR","@id":"https:\/\/infojeunes09.fr\/#\/schema\/logo\/image\/","url":"https:\/\/infojeunes09.fr\/wp-content\/uploads\/2022\/07\/logo-bleu-Agglo-Foix-Varilhes-et-ariege@2x.png","contentUrl":"https:\/\/infojeunes09.fr\/wp-content\/uploads\/2022\/07\/logo-bleu-Agglo-Foix-Varilhes-et-ariege@2x.png","width":800,"height":400,"caption":"InfoJeunes Agglo Foix-Varilhes et Ari\u00e8ge"},"image":{"@id":"https:\/\/infojeunes09.fr\/#\/schema\/logo\/image\/"},"sameAs":["https:\/\/www.facebook.com\/Infojeunes09\/","https:\/\/www.instagram.com\/infojeunes09\/"]}]}},"_links":{"self":[{"href":"https:\/\/infojeunes09.fr\/index.php\/wp-json\/wp\/v2\/pages\/225","targetHints":{"allow":["GET"]}}],"collection":[{"href":"https:\/\/infojeunes09.fr\/index.php\/wp-json\/wp\/v2\/pages"}],"about":[{"href":"https:\/\/infojeunes09.fr\/index.php\/wp-json\/wp\/v2\/types\/page"}],"author":[{"embeddable":true,"href":"https:\/\/infojeunes09.fr\/index.php\/wp-json\/wp\/v2\/users\/1"}],"replies":[{"embeddable":true,"href":"https:\/\/infojeunes09.fr\/index.php\/wp-json\/wp\/v2\/comments?post=225"}],"version-history":[{"count":4,"href":"https:\/\/infojeunes09.fr\/index.php\/wp-json\/wp\/v2\/pages\/225\/revisions"}],"predecessor-version":[{"id":2716,"href":"https:\/\/infojeunes09.fr\/index.php\/wp-json\/wp\/v2\/pages\/225\/revisions\/2716"}],"up":[{"embeddable":true,"href":"https:\/\/infojeunes09.fr\/index.php\/wp-json\/wp\/v2\/pages\/11"}],"wp:attachment":[{"href":"https:\/\/infojeunes09.fr\/index.php\/wp-json\/wp\/v2\/media?parent=225"}],"curies":[{"name":"wp","href":"https:\/\/api.w.org\/{rel}","templated":true}]}}