{"id":233,"date":"2021-10-05T11:30:58","date_gmt":"2021-10-05T09:30:58","guid":{"rendered":"http:\/\/infojeunes09.org\/?page_id=233"},"modified":"2025-09-25T14:27:48","modified_gmt":"2025-09-25T12:27:48","slug":"pass-culture","status":"publish","type":"page","link":"https:\/\/infojeunes09.fr\/index.php\/se-distraire\/pass-culture\/","title":{"rendered":"Le Pass culture"},"content":{"rendered":"\t\t<div data-elementor-type=\"wp-page\" data-elementor-id=\"233\" class=\"elementor elementor-233\" data-elementor-post-type=\"page\">\n\t\t\t\t\t\t<section class=\"elementor-section elementor-top-section elementor-element elementor-element-2c0187b elementor-section-boxed elementor-section-height-default elementor-section-height-default\" data-id=\"2c0187b\" data-element_type=\"section\" data-e-type=\"section\">\n\t\t\t\t\t\t<div class=\"elementor-container elementor-column-gap-default\">\n\t\t\t\t\t<div class=\"elementor-column elementor-col-100 elementor-top-column elementor-element elementor-element-d82f6a9\" data-id=\"d82f6a9\" data-element_type=\"column\" data-e-type=\"column\">\n\t\t\t<div class=\"elementor-widget-wrap elementor-element-populated\">\n\t\t\t\t\t\t<div class=\"elementor-element elementor-element-8dcc91e elementor-widget elementor-widget-image\" data-id=\"8dcc91e\" data-element_type=\"widget\" data-e-type=\"widget\" data-widget_type=\"image.default\">\n\t\t\t\t<div class=\"elementor-widget-container\">\n\t\t\t\t\t\t\t\t\t\t\t\t\t\t\t<img fetchpriority=\"high\" decoding=\"async\" width=\"1500\" height=\"852\" src=\"https:\/\/infojeunes09.fr\/wp-content\/uploads\/2022\/07\/pasge_passculture.jpg\" class=\"attachment-1536x1536 size-1536x1536 wp-image-3312\" alt=\"\" srcset=\"https:\/\/infojeunes09.fr\/wp-content\/uploads\/2022\/07\/pasge_passculture.jpg 1500w, https:\/\/infojeunes09.fr\/wp-content\/uploads\/2022\/07\/pasge_passculture-300x170.jpg 300w, https:\/\/infojeunes09.fr\/wp-content\/uploads\/2022\/07\/pasge_passculture-1024x582.jpg 1024w, https:\/\/infojeunes09.fr\/wp-content\/uploads\/2022\/07\/pasge_passculture-768x436.jpg 768w, https:\/\/infojeunes09.fr\/wp-content\/uploads\/2022\/07\/pasge_passculture-350x199.jpg 350w\" sizes=\"100vw\" \/>\t\t\t\t\t\t\t\t\t\t\t\t\t\t\t<\/div>\n\t\t\t\t<\/div>\n\t\t\t\t\t<\/div>\n\t\t<\/div>\n\t\t\t\t\t<\/div>\n\t\t<\/section>\n\t\t\t\t<section class=\"elementor-section elementor-top-section elementor-element elementor-element-e214ed3 elementor-section-boxed elementor-section-height-default elementor-section-height-default\" data-id=\"e214ed3\" data-element_type=\"section\" data-e-type=\"section\">\n\t\t\t\t\t\t<div class=\"elementor-container elementor-column-gap-default\">\n\t\t\t\t\t<div class=\"elementor-column elementor-col-33 elementor-top-column elementor-element elementor-element-ebf132c\" data-id=\"ebf132c\" data-element_type=\"column\" data-e-type=\"column\">\n\t\t\t<div class=\"elementor-widget-wrap elementor-element-populated\">\n\t\t\t\t\t\t<div class=\"elementor-element elementor-element-af7b9c2 elementor-toc--minimized-on-tablet elementor-widget elementor-widget-table-of-contents\" data-id=\"af7b9c2\" data-element_type=\"widget\" data-e-type=\"widget\" data-settings=\"{&quot;exclude_headings_by_selector&quot;:[],&quot;headings_by_tags&quot;:[&quot;h2&quot;,&quot;h3&quot;,&quot;h4&quot;,&quot;h5&quot;,&quot;h6&quot;],&quot;marker_view&quot;:&quot;numbers&quot;,&quot;no_headings_message&quot;:&quot;Aucun titre n\\u2019a \\u00e9t\\u00e9 trouv\\u00e9 sur cette page.&quot;,&quot;minimize_box&quot;:&quot;yes&quot;,&quot;minimized_on&quot;:&quot;tablet&quot;,&quot;hierarchical_view&quot;:&quot;yes&quot;,&quot;min_height&quot;:{&quot;unit&quot;:&quot;px&quot;,&quot;size&quot;:&quot;&quot;,&quot;sizes&quot;:[]},&quot;min_height_tablet&quot;:{&quot;unit&quot;:&quot;px&quot;,&quot;size&quot;:&quot;&quot;,&quot;sizes&quot;:[]},&quot;min_height_mobile&quot;:{&quot;unit&quot;:&quot;px&quot;,&quot;size&quot;:&quot;&quot;,&quot;sizes&quot;:[]}}\" data-widget_type=\"table-of-contents.default\">\n\t\t\t\t<div class=\"elementor-widget-container\">\n\t\t\t\t\t\t\t\t\t<div class=\"elementor-toc__header\">\n\t\t\t\t\t\t<h4 class=\"elementor-toc__header-title\">\n\t\t\t\tTable des mati\u00e8res\t\t\t<\/h4>\n\t\t\t\t\t\t\t\t\t\t<div class=\"elementor-toc__toggle-button elementor-toc__toggle-button--expand\" role=\"button\" tabindex=\"0\" aria-controls=\"elementor-toc__af7b9c2\" aria-expanded=\"true\" aria-label=\"Ouvrir la table des mati\u00e8res\"><i aria-hidden=\"true\" class=\"fas fa-chevron-down\"><\/i><\/div>\n\t\t\t\t<div class=\"elementor-toc__toggle-button elementor-toc__toggle-button--collapse\" role=\"button\" tabindex=\"0\" aria-controls=\"elementor-toc__af7b9c2\" aria-expanded=\"true\" aria-label=\"Fermer la table des mati\u00e8res\"><i aria-hidden=\"true\" class=\"fas fa-chevron-up\"><\/i><\/div>\n\t\t\t\t\t<\/div>\n\t\t\t\t<div id=\"elementor-toc__af7b9c2\" class=\"elementor-toc__body\">\n\t\t\t<div class=\"elementor-toc__spinner-container\">\n\t\t\t\t<i class=\"elementor-toc__spinner eicon-animation-spin eicon-loading\" aria-hidden=\"true\"><\/i>\t\t\t<\/div>\n\t\t<\/div>\n\t\t\t\t\t\t<\/div>\n\t\t\t\t<\/div>\n\t\t\t\t\t<\/div>\n\t\t<\/div>\n\t\t\t\t<div class=\"elementor-column elementor-col-66 elementor-top-column elementor-element elementor-element-a39e8fd\" data-id=\"a39e8fd\" data-element_type=\"column\" data-e-type=\"column\">\n\t\t\t<div class=\"elementor-widget-wrap elementor-element-populated\">\n\t\t\t\t\t\t<div class=\"elementor-element elementor-element-5d393a7 elementor-widget elementor-widget-text-editor\" data-id=\"5d393a7\" data-element_type=\"widget\" data-e-type=\"widget\" data-widget_type=\"text-editor.default\">\n\t\t\t\t<div class=\"elementor-widget-container\">\n\t\t\t\t\t\t\t\t\t<h1>Le pass Culture<\/h1><div><p>Depuis f\u00e9vrier 2025, le Pass Culture vous permet d\u2019avoir acc\u00e8s \u00e0 une application mobile sur laquelle vous disposez de 50\u20ac \u00e0 150\u20ac pour d\u00e9couvrir et r\u00e9server les propositions culturelles de votre choix.<\/p><p>Vous b\u00e9n\u00e9ficierez de <b>50 euros<\/b> l\u2019ann\u00e9e de vos 17 ans et <b>150 euros<\/b> l\u2019ann\u00e9e de vos 18 ans. Ces sommes sont cumulables et utilisables durant 4 ann\u00e9es \u00e0 partir de votre 17e anniversaire.<strong>\u00a0<\/strong><\/p><p style=\"padding-left: 40px;\"><i>Attention : depuis le 1er mars 2025, les conditions d\u2019attribution du Pass Culture ont \u00e9t\u00e9 modifi\u00e9es par le gouvernement. La part individuelle destin\u00e9e aux 15-16\u00a0ans est supprim\u00e9e.<\/i><\/p><h4><strong>Comment \u00e7a marche ?<\/strong><\/h4><div><h3>Pour qui ?<\/h3><ul><li>Pour\u00a0<strong>tous les jeunes de 17 et 18 ans<\/strong>\u00a0: vous pouvez vous inscrire entre le jour de vos 15 ans jusqu\u2019\u00e0 la veille de vos 19 ans.<\/li><li>Vous devez\u00a0<strong>vivre en France depuis au moins un an.<\/strong><\/li><li>La somme peut \u00eatre utilis\u00e9e jusqu&rsquo;\u00e0 la veille de vos 21 ans.<\/li><\/ul><\/div><h3>S\u2019inscrire<\/h3><p><a href=\"https:\/\/passculture.app\" target=\"_blank\" rel=\"noopener\">T\u00e9l\u00e9chargez l\u2019<strong>application\u00a0\u00ab Pass Culture \u00bb<\/strong><\/a><\/p><ul><li>Si vous avez <strong>entre 15 et 17 ans<\/strong>, votre enseignant vous communiquera vos identifiants afin que vous puissiez activer votre <strong>compte \u00c9duConnect<\/strong> et vous inscrire sur le pass Culture.<\/li><li>Si vous avez 18 ans, inscrivez-vous directement sur l\u2019app. Dans la rubrique profil, cliquez sur \u00ab\u00a0<strong>s\u2019inscrire<\/strong>\u00a0\u00bb pour cr\u00e9er votre compte. Apr\u00e8s avoir confirm\u00e9 votre adresse mail, cliquez sur \u00ab\u00a0<strong>Valider mon identit\u00e9\u00a0<\/strong>\u00bb. T\u00e9l\u00e9chargez votre\u00a0<strong>pi\u00e8ce d\u2019identit\u00e9<\/strong>\u00a0: et c\u2019est tout !<\/li><\/ul><p>Pour les personnes qui ne sont pas fran\u00e7aises : t\u00e9l\u00e9chargez un passeport, permis de s\u00e9jour ou carte d\u2019identit\u00e9 de votre pays + un justificatif prouvant que vous vivez en France depuis un an (ex : justificatif de domicile, certificat de scolarit\u00e9\u2026). Votre compte sera\u00a0valid\u00e9 dans les 48h.<\/p><p>Avec le pass Culture, l&rsquo;utilisateur peut r\u00e9server des offres pr\u00e9sentes sur l&rsquo;application, dans la limite du solde plafonn\u00e9 pour chaque cat\u00e9gorie. <strong>Les r\u00e9servations se font<\/strong> <strong>uniquement avec le cr\u00e9dit de l&rsquo;application.<\/strong><\/p><\/div><p><a href=\"https:\/\/pass.culture.fr\/\" target=\"_blank\" rel=\"noopener\">https:\/\/pass.culture.fr\/<br \/>https:\/\/www.service-public.fr\/particuliers\/vosdroits\/F34959<\/a><\/p><p>(Merci \u00e0 InfoJeunes Rh\u00f4ne-Alpes &lt;3 )<\/p>\t\t\t\t\t\t\t\t<\/div>\n\t\t\t\t<\/div>\n\t\t\t\t\t<\/div>\n\t\t<\/div>\n\t\t\t\t\t<\/div>\n\t\t<\/section>\n\t\t\t\t<\/div>\n\t\t","protected":false},"excerpt":{"rendered":"<p>Table des mati\u00e8res Le pass Culture Depuis f\u00e9vrier 2025, le Pass Culture vous permet d\u2019avoir acc\u00e8s \u00e0 une application mobile sur laquelle vous disposez de 50\u20ac \u00e0 150\u20ac pour d\u00e9couvrir et r\u00e9server les propositions culturelles de votre choix. Vous b\u00e9n\u00e9ficierez de 50 euros l\u2019ann\u00e9e de vos 17 ans et 150 euros l\u2019ann\u00e9e de vos 18 &hellip; <\/p>\n<p class=\"link-more\"><a href=\"https:\/\/infojeunes09.fr\/index.php\/se-distraire\/pass-culture\/\" class=\"more-link\">Continuer la lecture<span class=\"screen-reader-text\"> de &laquo;&nbsp;Le Pass culture&nbsp;&raquo;<\/span><\/a><\/p>\n","protected":false},"author":1,"featured_media":0,"parent":9,"menu_order":0,"comment_status":"closed","ping_status":"closed","template":"","meta":{"_bbp_topic_count":0,"_bbp_reply_count":0,"_bbp_total_topic_count":0,"_bbp_total_reply_count":0,"_bbp_voice_count":0,"_bbp_anonymous_reply_count":0,"_bbp_topic_count_hidden":0,"_bbp_reply_count_hidden":0,"_bbp_forum_subforum_count":0,"footnotes":""},"class_list":["post-233","page","type-page","status-publish","hentry"],"yoast_head":"<!-- This site is optimized with the Yoast SEO plugin v27.0 - https:\/\/yoast.com\/product\/yoast-seo-wordpress\/ -->\n<title>Le Pass culture - InfoJeunes Ari\u00e8ge et Agglo Foix-Varilhes<\/title>\n<meta name=\"robots\" content=\"index, follow, max-snippet:-1, max-image-preview:large, max-video-preview:-1\" \/>\n<link rel=\"canonical\" href=\"https:\/\/infojeunes09.fr\/index.php\/se-distraire\/pass-culture\/\" \/>\n<meta property=\"og:locale\" content=\"fr_FR\" \/>\n<meta property=\"og:type\" content=\"article\" \/>\n<meta property=\"og:title\" content=\"Le Pass culture - InfoJeunes Ari\u00e8ge et Agglo Foix-Varilhes\" \/>\n<meta property=\"og:description\" content=\"Table des mati\u00e8res Le pass Culture Depuis f\u00e9vrier 2025, le Pass Culture vous permet d\u2019avoir acc\u00e8s \u00e0 une application mobile sur laquelle vous disposez de 50\u20ac \u00e0 150\u20ac pour d\u00e9couvrir et r\u00e9server les propositions culturelles de votre choix. Vous b\u00e9n\u00e9ficierez de 50 euros l\u2019ann\u00e9e de vos 17 ans et 150 euros l\u2019ann\u00e9e de vos 18 &hellip; Continuer la lecture de &laquo;&nbsp;Le Pass culture&nbsp;&raquo;\" \/>\n<meta property=\"og:url\" content=\"https:\/\/infojeunes09.fr\/index.php\/se-distraire\/pass-culture\/\" \/>\n<meta property=\"og:site_name\" content=\"InfoJeunes Ari\u00e8ge et Agglo Foix-Varilhes\" \/>\n<meta property=\"article:publisher\" content=\"https:\/\/www.facebook.com\/Infojeunes09\/\" \/>\n<meta property=\"article:modified_time\" content=\"2025-09-25T12:27:48+00:00\" \/>\n<meta property=\"og:image\" content=\"https:\/\/infojeunes09.fr\/wp-content\/uploads\/2022\/07\/pasge_passculture.jpg\" \/>\n<meta name=\"twitter:card\" content=\"summary_large_image\" \/>\n<meta name=\"twitter:label1\" content=\"Dur\u00e9e de lecture estim\u00e9e\" \/>\n\t<meta name=\"twitter:data1\" content=\"2 minutes\" \/>\n<script type=\"application\/ld+json\" class=\"yoast-schema-graph\">{\"@context\":\"https:\/\/schema.org\",\"@graph\":[{\"@type\":\"WebPage\",\"@id\":\"https:\/\/infojeunes09.fr\/index.php\/se-distraire\/pass-culture\/\",\"url\":\"https:\/\/infojeunes09.fr\/index.php\/se-distraire\/pass-culture\/\",\"name\":\"Le Pass culture - InfoJeunes Ari\u00e8ge et Agglo Foix-Varilhes\",\"isPartOf\":{\"@id\":\"https:\/\/infojeunes09.fr\/#website\"},\"primaryImageOfPage\":{\"@id\":\"https:\/\/infojeunes09.fr\/index.php\/se-distraire\/pass-culture\/#primaryimage\"},\"image\":{\"@id\":\"https:\/\/infojeunes09.fr\/index.php\/se-distraire\/pass-culture\/#primaryimage\"},\"thumbnailUrl\":\"https:\/\/infojeunes09.fr\/wp-content\/uploads\/2022\/07\/pasge_passculture.jpg\",\"datePublished\":\"2021-10-05T09:30:58+00:00\",\"dateModified\":\"2025-09-25T12:27:48+00:00\",\"breadcrumb\":{\"@id\":\"https:\/\/infojeunes09.fr\/index.php\/se-distraire\/pass-culture\/#breadcrumb\"},\"inLanguage\":\"fr-FR\",\"potentialAction\":[{\"@type\":\"ReadAction\",\"target\":[\"https:\/\/infojeunes09.fr\/index.php\/se-distraire\/pass-culture\/\"]}]},{\"@type\":\"ImageObject\",\"inLanguage\":\"fr-FR\",\"@id\":\"https:\/\/infojeunes09.fr\/index.php\/se-distraire\/pass-culture\/#primaryimage\",\"url\":\"https:\/\/infojeunes09.fr\/wp-content\/uploads\/2022\/07\/pasge_passculture.jpg\",\"contentUrl\":\"https:\/\/infojeunes09.fr\/wp-content\/uploads\/2022\/07\/pasge_passculture.jpg\",\"width\":1500,\"height\":852},{\"@type\":\"BreadcrumbList\",\"@id\":\"https:\/\/infojeunes09.fr\/index.php\/se-distraire\/pass-culture\/#breadcrumb\",\"itemListElement\":[{\"@type\":\"ListItem\",\"position\":1,\"name\":\"Accueil\",\"item\":\"https:\/\/infojeunes09.fr\/\"},{\"@type\":\"ListItem\",\"position\":2,\"name\":\"Se distraire\",\"item\":\"https:\/\/infojeunes09.fr\/index.php\/se-distraire\/\"},{\"@type\":\"ListItem\",\"position\":3,\"name\":\"Le Pass culture\"}]},{\"@type\":\"WebSite\",\"@id\":\"https:\/\/infojeunes09.fr\/#website\",\"url\":\"https:\/\/infojeunes09.fr\/\",\"name\":\"InfoJeunes Ari\u00e8ge et Agglo Foix-Varilhes\",\"description\":\"Explorer les possibles\",\"publisher\":{\"@id\":\"https:\/\/infojeunes09.fr\/#organization\"},\"potentialAction\":[{\"@type\":\"SearchAction\",\"target\":{\"@type\":\"EntryPoint\",\"urlTemplate\":\"https:\/\/infojeunes09.fr\/?s={search_term_string}\"},\"query-input\":{\"@type\":\"PropertyValueSpecification\",\"valueRequired\":true,\"valueName\":\"search_term_string\"}}],\"inLanguage\":\"fr-FR\"},{\"@type\":\"Organization\",\"@id\":\"https:\/\/infojeunes09.fr\/#organization\",\"name\":\"InfoJeunes Agglo Foix-Varilhes et Ari\u00e8ge\",\"url\":\"https:\/\/infojeunes09.fr\/\",\"logo\":{\"@type\":\"ImageObject\",\"inLanguage\":\"fr-FR\",\"@id\":\"https:\/\/infojeunes09.fr\/#\/schema\/logo\/image\/\",\"url\":\"https:\/\/infojeunes09.fr\/wp-content\/uploads\/2022\/07\/logo-bleu-Agglo-Foix-Varilhes-et-ariege@2x.png\",\"contentUrl\":\"https:\/\/infojeunes09.fr\/wp-content\/uploads\/2022\/07\/logo-bleu-Agglo-Foix-Varilhes-et-ariege@2x.png\",\"width\":800,\"height\":400,\"caption\":\"InfoJeunes Agglo Foix-Varilhes et Ari\u00e8ge\"},\"image\":{\"@id\":\"https:\/\/infojeunes09.fr\/#\/schema\/logo\/image\/\"},\"sameAs\":[\"https:\/\/www.facebook.com\/Infojeunes09\/\",\"https:\/\/www.instagram.com\/infojeunes09\/\"]}]}<\/script>\n<!-- \/ Yoast SEO plugin. -->","yoast_head_json":{"title":"Le Pass culture - InfoJeunes Ari\u00e8ge et Agglo Foix-Varilhes","robots":{"index":"index","follow":"follow","max-snippet":"max-snippet:-1","max-image-preview":"max-image-preview:large","max-video-preview":"max-video-preview:-1"},"canonical":"https:\/\/infojeunes09.fr\/index.php\/se-distraire\/pass-culture\/","og_locale":"fr_FR","og_type":"article","og_title":"Le Pass culture - InfoJeunes Ari\u00e8ge et Agglo Foix-Varilhes","og_description":"Table des mati\u00e8res Le pass Culture Depuis f\u00e9vrier 2025, le Pass Culture vous permet d\u2019avoir acc\u00e8s \u00e0 une application mobile sur laquelle vous disposez de 50\u20ac \u00e0 150\u20ac pour d\u00e9couvrir et r\u00e9server les propositions culturelles de votre choix. Vous b\u00e9n\u00e9ficierez de 50 euros l\u2019ann\u00e9e de vos 17 ans et 150 euros l\u2019ann\u00e9e de vos 18 &hellip; Continuer la lecture de &laquo;&nbsp;Le Pass culture&nbsp;&raquo;","og_url":"https:\/\/infojeunes09.fr\/index.php\/se-distraire\/pass-culture\/","og_site_name":"InfoJeunes Ari\u00e8ge et Agglo Foix-Varilhes","article_publisher":"https:\/\/www.facebook.com\/Infojeunes09\/","article_modified_time":"2025-09-25T12:27:48+00:00","og_image":[{"url":"https:\/\/infojeunes09.fr\/wp-content\/uploads\/2022\/07\/pasge_passculture.jpg","type":"","width":"","height":""}],"twitter_card":"summary_large_image","twitter_misc":{"Dur\u00e9e de lecture estim\u00e9e":"2 minutes"},"schema":{"@context":"https:\/\/schema.org","@graph":[{"@type":"WebPage","@id":"https:\/\/infojeunes09.fr\/index.php\/se-distraire\/pass-culture\/","url":"https:\/\/infojeunes09.fr\/index.php\/se-distraire\/pass-culture\/","name":"Le Pass culture - InfoJeunes Ari\u00e8ge et Agglo Foix-Varilhes","isPartOf":{"@id":"https:\/\/infojeunes09.fr\/#website"},"primaryImageOfPage":{"@id":"https:\/\/infojeunes09.fr\/index.php\/se-distraire\/pass-culture\/#primaryimage"},"image":{"@id":"https:\/\/infojeunes09.fr\/index.php\/se-distraire\/pass-culture\/#primaryimage"},"thumbnailUrl":"https:\/\/infojeunes09.fr\/wp-content\/uploads\/2022\/07\/pasge_passculture.jpg","datePublished":"2021-10-05T09:30:58+00:00","dateModified":"2025-09-25T12:27:48+00:00","breadcrumb":{"@id":"https:\/\/infojeunes09.fr\/index.php\/se-distraire\/pass-culture\/#breadcrumb"},"inLanguage":"fr-FR","potentialAction":[{"@type":"ReadAction","target":["https:\/\/infojeunes09.fr\/index.php\/se-distraire\/pass-culture\/"]}]},{"@type":"ImageObject","inLanguage":"fr-FR","@id":"https:\/\/infojeunes09.fr\/index.php\/se-distraire\/pass-culture\/#primaryimage","url":"https:\/\/infojeunes09.fr\/wp-content\/uploads\/2022\/07\/pasge_passculture.jpg","contentUrl":"https:\/\/infojeunes09.fr\/wp-content\/uploads\/2022\/07\/pasge_passculture.jpg","width":1500,"height":852},{"@type":"BreadcrumbList","@id":"https:\/\/infojeunes09.fr\/index.php\/se-distraire\/pass-culture\/#breadcrumb","itemListElement":[{"@type":"ListItem","position":1,"name":"Accueil","item":"https:\/\/infojeunes09.fr\/"},{"@type":"ListItem","position":2,"name":"Se distraire","item":"https:\/\/infojeunes09.fr\/index.php\/se-distraire\/"},{"@type":"ListItem","position":3,"name":"Le Pass culture"}]},{"@type":"WebSite","@id":"https:\/\/infojeunes09.fr\/#website","url":"https:\/\/infojeunes09.fr\/","name":"InfoJeunes Ari\u00e8ge et Agglo Foix-Varilhes","description":"Explorer les possibles","publisher":{"@id":"https:\/\/infojeunes09.fr\/#organization"},"potentialAction":[{"@type":"SearchAction","target":{"@type":"EntryPoint","urlTemplate":"https:\/\/infojeunes09.fr\/?s={search_term_string}"},"query-input":{"@type":"PropertyValueSpecification","valueRequired":true,"valueName":"search_term_string"}}],"inLanguage":"fr-FR"},{"@type":"Organization","@id":"https:\/\/infojeunes09.fr\/#organization","name":"InfoJeunes Agglo Foix-Varilhes et Ari\u00e8ge","url":"https:\/\/infojeunes09.fr\/","logo":{"@type":"ImageObject","inLanguage":"fr-FR","@id":"https:\/\/infojeunes09.fr\/#\/schema\/logo\/image\/","url":"https:\/\/infojeunes09.fr\/wp-content\/uploads\/2022\/07\/logo-bleu-Agglo-Foix-Varilhes-et-ariege@2x.png","contentUrl":"https:\/\/infojeunes09.fr\/wp-content\/uploads\/2022\/07\/logo-bleu-Agglo-Foix-Varilhes-et-ariege@2x.png","width":800,"height":400,"caption":"InfoJeunes Agglo Foix-Varilhes et Ari\u00e8ge"},"image":{"@id":"https:\/\/infojeunes09.fr\/#\/schema\/logo\/image\/"},"sameAs":["https:\/\/www.facebook.com\/Infojeunes09\/","https:\/\/www.instagram.com\/infojeunes09\/"]}]}},"_links":{"self":[{"href":"https:\/\/infojeunes09.fr\/index.php\/wp-json\/wp\/v2\/pages\/233","targetHints":{"allow":["GET"]}}],"collection":[{"href":"https:\/\/infojeunes09.fr\/index.php\/wp-json\/wp\/v2\/pages"}],"about":[{"href":"https:\/\/infojeunes09.fr\/index.php\/wp-json\/wp\/v2\/types\/page"}],"author":[{"embeddable":true,"href":"https:\/\/infojeunes09.fr\/index.php\/wp-json\/wp\/v2\/users\/1"}],"replies":[{"embeddable":true,"href":"https:\/\/infojeunes09.fr\/index.php\/wp-json\/wp\/v2\/comments?post=233"}],"version-history":[{"count":41,"href":"https:\/\/infojeunes09.fr\/index.php\/wp-json\/wp\/v2\/pages\/233\/revisions"}],"predecessor-version":[{"id":5741,"href":"https:\/\/infojeunes09.fr\/index.php\/wp-json\/wp\/v2\/pages\/233\/revisions\/5741"}],"up":[{"embeddable":true,"href":"https:\/\/infojeunes09.fr\/index.php\/wp-json\/wp\/v2\/pages\/9"}],"wp:attachment":[{"href":"https:\/\/infojeunes09.fr\/index.php\/wp-json\/wp\/v2\/media?parent=233"}],"curies":[{"name":"wp","href":"https:\/\/api.w.org\/{rel}","templated":true}]}}