{"id":245,"date":"2021-10-05T15:08:19","date_gmt":"2021-10-05T13:08:19","guid":{"rendered":"http:\/\/infojeunes09.org\/?page_id=245"},"modified":"2023-12-01T15:53:01","modified_gmt":"2023-12-01T14:53:01","slug":"trouver-un-stage","status":"publish","type":"page","link":"https:\/\/infojeunes09.fr\/index.php\/travailler\/trouver-un-stage\/","title":{"rendered":"Trouver un stage"},"content":{"rendered":"\t\t<div data-elementor-type=\"wp-page\" data-elementor-id=\"245\" class=\"elementor elementor-245\" data-elementor-post-type=\"page\">\n\t\t\t\t\t\t<section class=\"elementor-section elementor-top-section elementor-element elementor-element-da4c8f7 elementor-section-boxed elementor-section-height-default elementor-section-height-default\" data-id=\"da4c8f7\" data-element_type=\"section\" data-e-type=\"section\">\n\t\t\t\t\t\t<div class=\"elementor-container elementor-column-gap-default\">\n\t\t\t\t\t<div class=\"elementor-column elementor-col-33 elementor-top-column elementor-element elementor-element-c39e17c\" data-id=\"c39e17c\" data-element_type=\"column\" data-e-type=\"column\">\n\t\t\t<div class=\"elementor-widget-wrap elementor-element-populated\">\n\t\t\t\t\t\t<div class=\"elementor-element elementor-element-c052a22 elementor-toc--minimized-on-tablet elementor-widget elementor-widget-table-of-contents\" data-id=\"c052a22\" data-element_type=\"widget\" data-e-type=\"widget\" data-settings=\"{&quot;exclude_headings_by_selector&quot;:[],&quot;headings_by_tags&quot;:[&quot;h2&quot;,&quot;h3&quot;,&quot;h4&quot;,&quot;h5&quot;,&quot;h6&quot;],&quot;marker_view&quot;:&quot;numbers&quot;,&quot;no_headings_message&quot;:&quot;Aucun titre n\\u2019a \\u00e9t\\u00e9 trouv\\u00e9 sur cette page.&quot;,&quot;minimize_box&quot;:&quot;yes&quot;,&quot;minimized_on&quot;:&quot;tablet&quot;,&quot;hierarchical_view&quot;:&quot;yes&quot;,&quot;min_height&quot;:{&quot;unit&quot;:&quot;px&quot;,&quot;size&quot;:&quot;&quot;,&quot;sizes&quot;:[]},&quot;min_height_tablet&quot;:{&quot;unit&quot;:&quot;px&quot;,&quot;size&quot;:&quot;&quot;,&quot;sizes&quot;:[]},&quot;min_height_mobile&quot;:{&quot;unit&quot;:&quot;px&quot;,&quot;size&quot;:&quot;&quot;,&quot;sizes&quot;:[]}}\" data-widget_type=\"table-of-contents.default\">\n\t\t\t\t<div class=\"elementor-widget-container\">\n\t\t\t\t\t\t\t\t\t<div class=\"elementor-toc__header\">\n\t\t\t\t\t\t<h4 class=\"elementor-toc__header-title\">\n\t\t\t\tTable des mati\u00e8res\t\t\t<\/h4>\n\t\t\t\t\t\t\t\t\t\t<div class=\"elementor-toc__toggle-button elementor-toc__toggle-button--expand\" role=\"button\" tabindex=\"0\" aria-controls=\"elementor-toc__c052a22\" aria-expanded=\"true\" aria-label=\"Ouvrir la table des mati\u00e8res\"><i aria-hidden=\"true\" class=\"fas fa-chevron-down\"><\/i><\/div>\n\t\t\t\t<div class=\"elementor-toc__toggle-button elementor-toc__toggle-button--collapse\" role=\"button\" tabindex=\"0\" aria-controls=\"elementor-toc__c052a22\" aria-expanded=\"true\" aria-label=\"Fermer la table des mati\u00e8res\"><i aria-hidden=\"true\" class=\"fas fa-chevron-up\"><\/i><\/div>\n\t\t\t\t\t<\/div>\n\t\t\t\t<div id=\"elementor-toc__c052a22\" class=\"elementor-toc__body\">\n\t\t\t<div class=\"elementor-toc__spinner-container\">\n\t\t\t\t<i class=\"elementor-toc__spinner eicon-animation-spin eicon-loading\" aria-hidden=\"true\"><\/i>\t\t\t<\/div>\n\t\t<\/div>\n\t\t\t\t\t\t<\/div>\n\t\t\t\t<\/div>\n\t\t\t\t\t<\/div>\n\t\t<\/div>\n\t\t\t\t<div class=\"elementor-column elementor-col-66 elementor-top-column elementor-element elementor-element-b551027\" data-id=\"b551027\" data-element_type=\"column\" data-e-type=\"column\">\n\t\t\t<div class=\"elementor-widget-wrap elementor-element-populated\">\n\t\t\t\t\t\t<div class=\"elementor-element elementor-element-d4fe924 elementor-widget elementor-widget-heading\" data-id=\"d4fe924\" data-element_type=\"widget\" data-e-type=\"widget\" data-widget_type=\"heading.default\">\n\t\t\t\t<div class=\"elementor-widget-container\">\n\t\t\t\t\t<h2 class=\"elementor-heading-title elementor-size-default\">Trouver un stage<\/h2>\t\t\t\t<\/div>\n\t\t\t\t<\/div>\n\t\t\t\t<div class=\"elementor-element elementor-element-611c73e elementor-widget elementor-widget-text-editor\" data-id=\"611c73e\" data-element_type=\"widget\" data-e-type=\"widget\" data-widget_type=\"text-editor.default\">\n\t\t\t\t<div class=\"elementor-widget-container\">\n\t\t\t\t\t\t\t\t\t<div><p>Infojeunes peut t&rsquo;accompagner pour ta recherche de stage, que se soit pour r\u00e9aliser ton CV et ta candidature, ou bien pour trouver la bonne entreprise.<\/p><h3>Le stage de 3e, d\u00e9couverte du monde du travail<\/h3><\/div><p>Le stage de 3<sup>e<\/sup> est une \u00e9tape obligatoire dans le parcours des coll\u00e9giens. Pendant 5 jours, vous partirez en observation dans une entreprise de votre choix. Ce premier contact avec le monde du travail est un moyen de d\u00e9couvrir un nouvel environnement, bien diff\u00e9rent de celui du coll\u00e8ge.<\/p><div>Quoi qu\u2019il en soit, rassurez-vous, ce stage ne d\u00e9termine pas votre orientation. M\u00eame si votre stage vous d\u00e9\u00e7oit, celui-ci vous apportera toujours des exp\u00e9riences utiles.<\/div><div>\u00a0<\/div><div><h3>O\u00f9 faire son stage de 3e ?<\/h3><\/div><div><p>Plusieurs possibilit\u00e9s s\u2019offrent \u00e0 vous pour le stage de 3<sup>e<\/sup>. Entreprise, association, administration&#8230;<\/p><\/div><p>Vous pouvez r\u00e9aliser votre stage de 3<sup>e <\/sup>dans tous les types d\u2019entreprises, qu\u2019il s\u2019agisse d\u2019une entreprise priv\u00e9e, d\u2019une association ou d\u2019un \u00e9tablissement public.<\/p><p>Selon le secteur qui vous int\u00e9resse, vous pouvez frapper aux portes des commerces de votre quartier (boulanger, pharmacie, coiffeur, librairie, supermarch\u00e9, garage&#8230;), cibler un cabinet m\u00e9dical ou v\u00e9t\u00e9rinaire, int\u00e9grer la r\u00e9daction du journal local ou l\u2019\u00e9quipe d\u2019un centre sportif, d\u2019une cr\u00e8che, d\u2019une \u00e9cole, d\u2019un mus\u00e9e ou encore d\u2019un restaurant. Vous pouvez \u00e9galement vous rendre dans la mairie de votre ville pour y d\u00e9poser une candidature ou demander s\u2019il est possible d\u2019avoir une liste des entreprises et associations.<\/p><h3>Trouver sur Internet<\/h3><div class=\"MuiGrid-root-2344 MuiGrid-item-2346\"><p class=\"MuiTypography-root-2450 MuiTypography-h4-2458 MuiTypography-alignLeft-2465\"><strong>D\u00e9croche ton stage avec ID.Stages.Occitanie<br \/><\/strong>Une plateforme qui facilite la mise en relation des coll\u00e9giens, lyc\u00e9ens et \u00e9tudiants avec les acteurs \u00e9conomiques du territoire. Elle propose un ensemble de services pour te faciliter la d\u00e9couverte du monde professionnel et la recherche de stage. <br \/><a href=\"https:\/\/idstages.laregion.fr\/\" target=\"_blank\" rel=\"noopener\">https:\/\/idstages.laregion.fr\/<\/a><\/p><\/div><p><strong>Chambre du Commerce et Industrie Ari\u00e8ge &#8211; liste entreprises :<\/strong><br \/><a href=\"https:\/\/www.ariege.cci.fr\/1-23777-Listes-d-entreprises.php\">https:\/\/www.ariege.cci.fr\/1-23777-Listes-d-entreprises.php<\/a><\/p><p><strong>Site 1jeune1solution propose des stages :<\/strong><br \/><a href=\"https:\/\/www.1jeune1solution.gouv.fr\/stages?departement=Ari%C3%A8ge\" target=\"_blank\" rel=\"noopener\">https:\/\/www.1jeune1solution.gouv.fr\/stages?departement=Ari%C3%A8ge<\/a><\/p><p><strong>L&rsquo;application ANIE<\/strong><br \/>Anie, c\u2019est l\u2019appli de la R\u00e9gion Occitanie qui connecte les talents. Que vous soyez employeur, apprenti, stagiaire de la formation professionnelle ou \u00e9l\u00e8ve de 3e, c\u2019est votre assistant personnel.<\/p><p><strong>Plus d&rsquo;infos : <\/strong><br \/><a href=\"https:\/\/www.cidj.com\/etudes-formations-alternance\/avant-le-bac\/trouvez-votre-stage-de-decouverte-de-3eme\" target=\"_blank\" rel=\"noopener\">https:\/\/www.cidj.com\/etudes-formations-alternance\/avant-le-bac\/trouvez-votre-stage-de-decouverte-de-3eme<\/a><\/p>\t\t\t\t\t\t\t\t<\/div>\n\t\t\t\t<\/div>\n\t\t\t\t\t<\/div>\n\t\t<\/div>\n\t\t\t\t\t<\/div>\n\t\t<\/section>\n\t\t\t\t<\/div>\n\t\t","protected":false},"excerpt":{"rendered":"<p>Table des mati\u00e8res Trouver un stage Infojeunes peut t&rsquo;accompagner pour ta recherche de stage, que se soit pour r\u00e9aliser ton CV et ta candidature, ou bien pour trouver la bonne entreprise. Le stage de 3e, d\u00e9couverte du monde du travail Le stage de 3e est une \u00e9tape obligatoire dans le parcours des coll\u00e9giens. Pendant 5 &hellip; <\/p>\n<p class=\"link-more\"><a href=\"https:\/\/infojeunes09.fr\/index.php\/travailler\/trouver-un-stage\/\" class=\"more-link\">Continuer la lecture<span class=\"screen-reader-text\"> de &laquo;&nbsp;Trouver un stage&nbsp;&raquo;<\/span><\/a><\/p>\n","protected":false},"author":1,"featured_media":0,"parent":11,"menu_order":0,"comment_status":"closed","ping_status":"closed","template":"","meta":{"_bbp_topic_count":0,"_bbp_reply_count":0,"_bbp_total_topic_count":0,"_bbp_total_reply_count":0,"_bbp_voice_count":0,"_bbp_anonymous_reply_count":0,"_bbp_topic_count_hidden":0,"_bbp_reply_count_hidden":0,"_bbp_forum_subforum_count":0,"footnotes":""},"class_list":["post-245","page","type-page","status-publish","hentry"],"yoast_head":"<!-- This site is optimized with the Yoast SEO plugin v27.0 - https:\/\/yoast.com\/product\/yoast-seo-wordpress\/ -->\n<title>Trouver un stage - InfoJeunes Ari\u00e8ge et Agglo Foix-Varilhes<\/title>\n<meta name=\"robots\" content=\"index, follow, max-snippet:-1, max-image-preview:large, max-video-preview:-1\" \/>\n<link rel=\"canonical\" href=\"https:\/\/infojeunes09.fr\/index.php\/travailler\/trouver-un-stage\/\" \/>\n<meta property=\"og:locale\" content=\"fr_FR\" \/>\n<meta property=\"og:type\" content=\"article\" \/>\n<meta property=\"og:title\" content=\"Trouver un stage - InfoJeunes Ari\u00e8ge et Agglo Foix-Varilhes\" \/>\n<meta property=\"og:description\" content=\"Table des mati\u00e8res Trouver un stage Infojeunes peut t&rsquo;accompagner pour ta recherche de stage, que se soit pour r\u00e9aliser ton CV et ta candidature, ou bien pour trouver la bonne entreprise. Le stage de 3e, d\u00e9couverte du monde du travail Le stage de 3e est une \u00e9tape obligatoire dans le parcours des coll\u00e9giens. Pendant 5 &hellip; Continuer la lecture de &laquo;&nbsp;Trouver un stage&nbsp;&raquo;\" \/>\n<meta property=\"og:url\" content=\"https:\/\/infojeunes09.fr\/index.php\/travailler\/trouver-un-stage\/\" \/>\n<meta property=\"og:site_name\" content=\"InfoJeunes Ari\u00e8ge et Agglo Foix-Varilhes\" \/>\n<meta property=\"article:publisher\" content=\"https:\/\/www.facebook.com\/Infojeunes09\/\" \/>\n<meta property=\"article:modified_time\" content=\"2023-12-01T14:53:01+00:00\" \/>\n<meta name=\"twitter:card\" content=\"summary_large_image\" \/>\n<meta name=\"twitter:label1\" content=\"Dur\u00e9e de lecture estim\u00e9e\" \/>\n\t<meta name=\"twitter:data1\" content=\"2 minutes\" \/>\n<script type=\"application\/ld+json\" class=\"yoast-schema-graph\">{\"@context\":\"https:\/\/schema.org\",\"@graph\":[{\"@type\":\"WebPage\",\"@id\":\"https:\/\/infojeunes09.fr\/index.php\/travailler\/trouver-un-stage\/\",\"url\":\"https:\/\/infojeunes09.fr\/index.php\/travailler\/trouver-un-stage\/\",\"name\":\"Trouver un stage - InfoJeunes Ari\u00e8ge et Agglo Foix-Varilhes\",\"isPartOf\":{\"@id\":\"https:\/\/infojeunes09.fr\/#website\"},\"datePublished\":\"2021-10-05T13:08:19+00:00\",\"dateModified\":\"2023-12-01T14:53:01+00:00\",\"breadcrumb\":{\"@id\":\"https:\/\/infojeunes09.fr\/index.php\/travailler\/trouver-un-stage\/#breadcrumb\"},\"inLanguage\":\"fr-FR\",\"potentialAction\":[{\"@type\":\"ReadAction\",\"target\":[\"https:\/\/infojeunes09.fr\/index.php\/travailler\/trouver-un-stage\/\"]}]},{\"@type\":\"BreadcrumbList\",\"@id\":\"https:\/\/infojeunes09.fr\/index.php\/travailler\/trouver-un-stage\/#breadcrumb\",\"itemListElement\":[{\"@type\":\"ListItem\",\"position\":1,\"name\":\"Accueil\",\"item\":\"https:\/\/infojeunes09.fr\/\"},{\"@type\":\"ListItem\",\"position\":2,\"name\":\"Travailler\",\"item\":\"https:\/\/infojeunes09.fr\/index.php\/travailler\/\"},{\"@type\":\"ListItem\",\"position\":3,\"name\":\"Trouver un stage\"}]},{\"@type\":\"WebSite\",\"@id\":\"https:\/\/infojeunes09.fr\/#website\",\"url\":\"https:\/\/infojeunes09.fr\/\",\"name\":\"InfoJeunes Ari\u00e8ge et Agglo Foix-Varilhes\",\"description\":\"Explorer les possibles\",\"publisher\":{\"@id\":\"https:\/\/infojeunes09.fr\/#organization\"},\"potentialAction\":[{\"@type\":\"SearchAction\",\"target\":{\"@type\":\"EntryPoint\",\"urlTemplate\":\"https:\/\/infojeunes09.fr\/?s={search_term_string}\"},\"query-input\":{\"@type\":\"PropertyValueSpecification\",\"valueRequired\":true,\"valueName\":\"search_term_string\"}}],\"inLanguage\":\"fr-FR\"},{\"@type\":\"Organization\",\"@id\":\"https:\/\/infojeunes09.fr\/#organization\",\"name\":\"InfoJeunes Agglo Foix-Varilhes et Ari\u00e8ge\",\"url\":\"https:\/\/infojeunes09.fr\/\",\"logo\":{\"@type\":\"ImageObject\",\"inLanguage\":\"fr-FR\",\"@id\":\"https:\/\/infojeunes09.fr\/#\/schema\/logo\/image\/\",\"url\":\"https:\/\/infojeunes09.fr\/wp-content\/uploads\/2022\/07\/logo-bleu-Agglo-Foix-Varilhes-et-ariege@2x.png\",\"contentUrl\":\"https:\/\/infojeunes09.fr\/wp-content\/uploads\/2022\/07\/logo-bleu-Agglo-Foix-Varilhes-et-ariege@2x.png\",\"width\":800,\"height\":400,\"caption\":\"InfoJeunes Agglo Foix-Varilhes et Ari\u00e8ge\"},\"image\":{\"@id\":\"https:\/\/infojeunes09.fr\/#\/schema\/logo\/image\/\"},\"sameAs\":[\"https:\/\/www.facebook.com\/Infojeunes09\/\",\"https:\/\/www.instagram.com\/infojeunes09\/\"]}]}<\/script>\n<!-- \/ Yoast SEO plugin. -->","yoast_head_json":{"title":"Trouver un stage - InfoJeunes Ari\u00e8ge et Agglo Foix-Varilhes","robots":{"index":"index","follow":"follow","max-snippet":"max-snippet:-1","max-image-preview":"max-image-preview:large","max-video-preview":"max-video-preview:-1"},"canonical":"https:\/\/infojeunes09.fr\/index.php\/travailler\/trouver-un-stage\/","og_locale":"fr_FR","og_type":"article","og_title":"Trouver un stage - InfoJeunes Ari\u00e8ge et Agglo Foix-Varilhes","og_description":"Table des mati\u00e8res Trouver un stage Infojeunes peut t&rsquo;accompagner pour ta recherche de stage, que se soit pour r\u00e9aliser ton CV et ta candidature, ou bien pour trouver la bonne entreprise. Le stage de 3e, d\u00e9couverte du monde du travail Le stage de 3e est une \u00e9tape obligatoire dans le parcours des coll\u00e9giens. Pendant 5 &hellip; Continuer la lecture de &laquo;&nbsp;Trouver un stage&nbsp;&raquo;","og_url":"https:\/\/infojeunes09.fr\/index.php\/travailler\/trouver-un-stage\/","og_site_name":"InfoJeunes Ari\u00e8ge et Agglo Foix-Varilhes","article_publisher":"https:\/\/www.facebook.com\/Infojeunes09\/","article_modified_time":"2023-12-01T14:53:01+00:00","twitter_card":"summary_large_image","twitter_misc":{"Dur\u00e9e de lecture estim\u00e9e":"2 minutes"},"schema":{"@context":"https:\/\/schema.org","@graph":[{"@type":"WebPage","@id":"https:\/\/infojeunes09.fr\/index.php\/travailler\/trouver-un-stage\/","url":"https:\/\/infojeunes09.fr\/index.php\/travailler\/trouver-un-stage\/","name":"Trouver un stage - InfoJeunes Ari\u00e8ge et Agglo Foix-Varilhes","isPartOf":{"@id":"https:\/\/infojeunes09.fr\/#website"},"datePublished":"2021-10-05T13:08:19+00:00","dateModified":"2023-12-01T14:53:01+00:00","breadcrumb":{"@id":"https:\/\/infojeunes09.fr\/index.php\/travailler\/trouver-un-stage\/#breadcrumb"},"inLanguage":"fr-FR","potentialAction":[{"@type":"ReadAction","target":["https:\/\/infojeunes09.fr\/index.php\/travailler\/trouver-un-stage\/"]}]},{"@type":"BreadcrumbList","@id":"https:\/\/infojeunes09.fr\/index.php\/travailler\/trouver-un-stage\/#breadcrumb","itemListElement":[{"@type":"ListItem","position":1,"name":"Accueil","item":"https:\/\/infojeunes09.fr\/"},{"@type":"ListItem","position":2,"name":"Travailler","item":"https:\/\/infojeunes09.fr\/index.php\/travailler\/"},{"@type":"ListItem","position":3,"name":"Trouver un stage"}]},{"@type":"WebSite","@id":"https:\/\/infojeunes09.fr\/#website","url":"https:\/\/infojeunes09.fr\/","name":"InfoJeunes Ari\u00e8ge et Agglo Foix-Varilhes","description":"Explorer les possibles","publisher":{"@id":"https:\/\/infojeunes09.fr\/#organization"},"potentialAction":[{"@type":"SearchAction","target":{"@type":"EntryPoint","urlTemplate":"https:\/\/infojeunes09.fr\/?s={search_term_string}"},"query-input":{"@type":"PropertyValueSpecification","valueRequired":true,"valueName":"search_term_string"}}],"inLanguage":"fr-FR"},{"@type":"Organization","@id":"https:\/\/infojeunes09.fr\/#organization","name":"InfoJeunes Agglo Foix-Varilhes et Ari\u00e8ge","url":"https:\/\/infojeunes09.fr\/","logo":{"@type":"ImageObject","inLanguage":"fr-FR","@id":"https:\/\/infojeunes09.fr\/#\/schema\/logo\/image\/","url":"https:\/\/infojeunes09.fr\/wp-content\/uploads\/2022\/07\/logo-bleu-Agglo-Foix-Varilhes-et-ariege@2x.png","contentUrl":"https:\/\/infojeunes09.fr\/wp-content\/uploads\/2022\/07\/logo-bleu-Agglo-Foix-Varilhes-et-ariege@2x.png","width":800,"height":400,"caption":"InfoJeunes Agglo Foix-Varilhes et Ari\u00e8ge"},"image":{"@id":"https:\/\/infojeunes09.fr\/#\/schema\/logo\/image\/"},"sameAs":["https:\/\/www.facebook.com\/Infojeunes09\/","https:\/\/www.instagram.com\/infojeunes09\/"]}]}},"_links":{"self":[{"href":"https:\/\/infojeunes09.fr\/index.php\/wp-json\/wp\/v2\/pages\/245","targetHints":{"allow":["GET"]}}],"collection":[{"href":"https:\/\/infojeunes09.fr\/index.php\/wp-json\/wp\/v2\/pages"}],"about":[{"href":"https:\/\/infojeunes09.fr\/index.php\/wp-json\/wp\/v2\/types\/page"}],"author":[{"embeddable":true,"href":"https:\/\/infojeunes09.fr\/index.php\/wp-json\/wp\/v2\/users\/1"}],"replies":[{"embeddable":true,"href":"https:\/\/infojeunes09.fr\/index.php\/wp-json\/wp\/v2\/comments?post=245"}],"version-history":[{"count":37,"href":"https:\/\/infojeunes09.fr\/index.php\/wp-json\/wp\/v2\/pages\/245\/revisions"}],"predecessor-version":[{"id":4631,"href":"https:\/\/infojeunes09.fr\/index.php\/wp-json\/wp\/v2\/pages\/245\/revisions\/4631"}],"up":[{"embeddable":true,"href":"https:\/\/infojeunes09.fr\/index.php\/wp-json\/wp\/v2\/pages\/11"}],"wp:attachment":[{"href":"https:\/\/infojeunes09.fr\/index.php\/wp-json\/wp\/v2\/media?parent=245"}],"curies":[{"name":"wp","href":"https:\/\/api.w.org\/{rel}","templated":true}]}}