{"id":251,"date":"2021-10-05T15:14:36","date_gmt":"2021-10-05T13:14:36","guid":{"rendered":"http:\/\/infojeunes09.org\/?page_id=251"},"modified":"2023-11-29T14:37:57","modified_gmt":"2023-11-29T13:37:57","slug":"annonces-service-civique","status":"publish","type":"page","link":"https:\/\/infojeunes09.fr\/index.php\/sengager\/annonces-service-civique\/","title":{"rendered":"Annonces service civique"},"content":{"rendered":"\t\t<div data-elementor-type=\"wp-page\" data-elementor-id=\"251\" class=\"elementor elementor-251\" data-elementor-post-type=\"page\">\n\t\t\t\t\t\t<section class=\"elementor-section elementor-top-section elementor-element elementor-element-582894b elementor-section-boxed elementor-section-height-default elementor-section-height-default\" data-id=\"582894b\" data-element_type=\"section\" data-e-type=\"section\">\n\t\t\t\t\t\t<div class=\"elementor-container elementor-column-gap-default\">\n\t\t\t\t\t<div class=\"elementor-column elementor-col-100 elementor-top-column elementor-element elementor-element-9f37081\" data-id=\"9f37081\" data-element_type=\"column\" data-e-type=\"column\">\n\t\t\t<div class=\"elementor-widget-wrap elementor-element-populated\">\n\t\t\t\t\t\t<div class=\"elementor-element elementor-element-bcec4c0 elementor-widget elementor-widget-image\" data-id=\"bcec4c0\" data-element_type=\"widget\" data-e-type=\"widget\" data-widget_type=\"image.default\">\n\t\t\t\t<div class=\"elementor-widget-container\">\n\t\t\t\t\t\t\t\t\t\t\t\t\t\t\t<img fetchpriority=\"high\" decoding=\"async\" width=\"650\" height=\"252\" src=\"https:\/\/infojeunes09.fr\/wp-content\/uploads\/2021\/10\/service_civique_ban.jpg\" class=\"attachment-large size-large wp-image-287\" alt=\"\" srcset=\"https:\/\/infojeunes09.fr\/wp-content\/uploads\/2021\/10\/service_civique_ban.jpg 650w, https:\/\/infojeunes09.fr\/wp-content\/uploads\/2021\/10\/service_civique_ban-350x136.jpg 350w, https:\/\/infojeunes09.fr\/wp-content\/uploads\/2021\/10\/service_civique_ban-300x116.jpg 300w\" sizes=\"100vw\" \/>\t\t\t\t\t\t\t\t\t\t\t\t\t\t\t<\/div>\n\t\t\t\t<\/div>\n\t\t\t\t<div class=\"elementor-element elementor-element-b6e2095 elementor-widget elementor-widget-text-editor\" data-id=\"b6e2095\" data-element_type=\"widget\" data-e-type=\"widget\" data-widget_type=\"text-editor.default\">\n\t\t\t\t<div class=\"elementor-widget-container\">\n\t\t\t\t\t\t\t\t\t<h1>Le Service Civique, une mission pour chacun au service de tous<\/h1>\n<strong>LE SERVICE CIVIQUE C&rsquo;EST QUOI ?<\/strong>\n\nC&rsquo;est un engagement volontaire au service de l&rsquo;int\u00e9r\u00eat g\u00e9n\u00e9ral ouvert aux 16-25 ans, \u00e9largi \u00e0 30 ans aux jeunes en situation de handicap. Accessible sans condition de dipl\u00f4me, le Service Civique est indemnis\u00e9 et s&rsquo;effectue en France ou \u00e0 l&rsquo;\u00e9tranger.\n\n<strong>Toutes les infos sur :<\/strong>\n<a href=\"https:\/\/www.service-civique.gouv.fr\/\" target=\"_blank\" rel=\"noopener\">https:\/\/www.service-civique.gouv.fr\/<\/a>\n\n<a href=\"https:\/\/www.service-civique.gouv.fr\/trouver-ma-mission?location=Ari%C3%A8ge%20(09)&amp;orderby_field=PUBLISHDATE&amp;orderby_direction=DESC&amp;first=10&amp;page=1&amp;id_location=09&amp;is_region=false&amp;is_department=true&amp;is_country=false\" target=\"_blank\" rel=\"noopener\"><img decoding=\"async\" class=\"aligncenter wp-image-4608 size-full\" src=\"https:\/\/infojeunes09.fr\/wp-content\/uploads\/2023\/11\/sc_illu.jpg\" alt=\"Annonces sur www.service-civique.gouv.fr\" width=\"80%\" title=\"Clique sur l'image pour voir les annonces sur le site d\u00e9di\u00e9\" srcset=\"https:\/\/infojeunes09.fr\/wp-content\/uploads\/2023\/11\/sc_illu.jpg 600w, https:\/\/infojeunes09.fr\/wp-content\/uploads\/2023\/11\/sc_illu-237x300.jpg 237w, https:\/\/infojeunes09.fr\/wp-content\/uploads\/2023\/11\/sc_illu-350x443.jpg 350w\" sizes=\"(max-width: 600px) 100vw, 600px\" \/>  <\/a>\t\t\t\t\t\t\t\t<\/div>\n\t\t\t\t<\/div>\n\t\t\t\t\t<\/div>\n\t\t<\/div>\n\t\t\t\t\t<\/div>\n\t\t<\/section>\n\t\t\t\t<section class=\"elementor-section elementor-top-section elementor-element elementor-element-624bcd5 elementor-section-boxed elementor-section-height-default elementor-section-height-default\" data-id=\"624bcd5\" data-element_type=\"section\" data-e-type=\"section\">\n\t\t\t\t\t\t<div class=\"elementor-container elementor-column-gap-default\">\n\t\t\t\t\t<div class=\"elementor-column elementor-col-100 elementor-top-column elementor-element elementor-element-7a18632\" data-id=\"7a18632\" data-element_type=\"column\" data-e-type=\"column\">\n\t\t\t<div class=\"elementor-widget-wrap\">\n\t\t\t\t\t\t\t<\/div>\n\t\t<\/div>\n\t\t\t\t\t<\/div>\n\t\t<\/section>\n\t\t\t\t<section class=\"elementor-section elementor-top-section elementor-element elementor-element-75682b8 elementor-section-boxed elementor-section-height-default elementor-section-height-default\" data-id=\"75682b8\" data-element_type=\"section\" data-e-type=\"section\">\n\t\t\t\t\t\t<div class=\"elementor-container elementor-column-gap-default\">\n\t\t\t\t\t<div class=\"elementor-column elementor-col-100 elementor-top-column elementor-element elementor-element-f1833b6\" data-id=\"f1833b6\" data-element_type=\"column\" data-e-type=\"column\">\n\t\t\t<div class=\"elementor-widget-wrap elementor-element-populated\">\n\t\t\t\t\t\t<div class=\"elementor-element elementor-element-97a8038 elementor-widget elementor-widget-text-editor\" data-id=\"97a8038\" data-element_type=\"widget\" data-e-type=\"widget\" data-widget_type=\"text-editor.default\">\n\t\t\t\t<div class=\"elementor-widget-container\">\n\t\t\t\t\t\t\t\t\t<p>Retrouvez toutes les offres de services civique et service civique \u00e0 l&rsquo;\u00e9tranger sur le site web national :<\/p>\t\t\t\t\t\t\t\t<\/div>\n\t\t\t\t<\/div>\n\t\t\t\t<div class=\"elementor-element elementor-element-6d48ce5 elementor-align-center elementor-widget elementor-widget-button\" data-id=\"6d48ce5\" data-element_type=\"widget\" data-e-type=\"widget\" data-widget_type=\"button.default\">\n\t\t\t\t<div class=\"elementor-widget-container\">\n\t\t\t\t\t\t\t\t\t<div class=\"elementor-button-wrapper\">\n\t\t\t\t\t<a class=\"elementor-button elementor-button-link elementor-size-sm\" href=\"https:\/\/www.service-civique.gouv.fr\" target=\"_blank\">\n\t\t\t\t\t\t<span class=\"elementor-button-content-wrapper\">\n\t\t\t\t\t\t<span class=\"elementor-button-icon\">\n\t\t\t\t<i aria-hidden=\"true\" class=\"fas fa-arrow-alt-circle-right\"><\/i>\t\t\t<\/span>\n\t\t\t\t\t\t\t\t\t<span class=\"elementor-button-text\">service-civique.gouv.fr<\/span>\n\t\t\t\t\t<\/span>\n\t\t\t\t\t<\/a>\n\t\t\t\t<\/div>\n\t\t\t\t\t\t\t\t<\/div>\n\t\t\t\t<\/div>\n\t\t\t\t<div class=\"elementor-element elementor-element-6631e57 elementor-align-center elementor-widget elementor-widget-button\" data-id=\"6631e57\" data-element_type=\"widget\" data-e-type=\"widget\" data-widget_type=\"button.default\">\n\t\t\t\t<div class=\"elementor-widget-container\">\n\t\t\t\t\t\t\t\t\t<div class=\"elementor-button-wrapper\">\n\t\t\t\t\t<a class=\"elementor-button elementor-button-link elementor-size-sm\" href=\"https:\/\/www.service-civique.gouv.fr\/trouver-ma-mission?duration=12&#038;location=ariege&#038;orderby_direction=DESC&#038;page=1\" target=\"_blank\">\n\t\t\t\t\t\t<span class=\"elementor-button-content-wrapper\">\n\t\t\t\t\t\t<span class=\"elementor-button-icon\">\n\t\t\t\t<i aria-hidden=\"true\" class=\"fas fa-arrow-alt-circle-right\"><\/i>\t\t\t<\/span>\n\t\t\t\t\t\t\t\t\t<span class=\"elementor-button-text\">Toutes les offres en Ari\u00e8ge<\/span>\n\t\t\t\t\t<\/span>\n\t\t\t\t\t<\/a>\n\t\t\t\t<\/div>\n\t\t\t\t\t\t\t\t<\/div>\n\t\t\t\t<\/div>\n\t\t\t\t\t<\/div>\n\t\t<\/div>\n\t\t\t\t\t<\/div>\n\t\t<\/section>\n\t\t\t\t<\/div>\n\t\t","protected":false},"excerpt":{"rendered":"<p>Le Service Civique, une mission pour chacun au service de tous LE SERVICE CIVIQUE C&rsquo;EST QUOI ? C&rsquo;est un engagement volontaire au service de l&rsquo;int\u00e9r\u00eat g\u00e9n\u00e9ral ouvert aux 16-25 ans, \u00e9largi \u00e0 30 ans aux jeunes en situation de handicap. Accessible sans condition de dipl\u00f4me, le Service Civique est indemnis\u00e9 et s&rsquo;effectue en France ou &hellip; <\/p>\n<p class=\"link-more\"><a href=\"https:\/\/infojeunes09.fr\/index.php\/sengager\/annonces-service-civique\/\" class=\"more-link\">Continuer la lecture<span class=\"screen-reader-text\"> de &laquo;&nbsp;Annonces service civique&nbsp;&raquo;<\/span><\/a><\/p>\n","protected":false},"author":1,"featured_media":0,"parent":235,"menu_order":0,"comment_status":"closed","ping_status":"closed","template":"","meta":{"_bbp_topic_count":0,"_bbp_reply_count":0,"_bbp_total_topic_count":0,"_bbp_total_reply_count":0,"_bbp_voice_count":0,"_bbp_anonymous_reply_count":0,"_bbp_topic_count_hidden":0,"_bbp_reply_count_hidden":0,"_bbp_forum_subforum_count":0,"footnotes":""},"class_list":["post-251","page","type-page","status-publish","hentry"],"yoast_head":"<!-- This site is optimized with the Yoast SEO plugin v27.0 - https:\/\/yoast.com\/product\/yoast-seo-wordpress\/ -->\n<title>Annonces service civique - InfoJeunes Ari\u00e8ge et Agglo Foix-Varilhes<\/title>\n<meta name=\"robots\" content=\"index, follow, max-snippet:-1, max-image-preview:large, max-video-preview:-1\" \/>\n<link rel=\"canonical\" href=\"https:\/\/infojeunes09.fr\/index.php\/sengager\/annonces-service-civique\/\" \/>\n<meta property=\"og:locale\" content=\"fr_FR\" \/>\n<meta property=\"og:type\" content=\"article\" \/>\n<meta property=\"og:title\" content=\"Annonces service civique - InfoJeunes Ari\u00e8ge et Agglo Foix-Varilhes\" \/>\n<meta property=\"og:description\" content=\"Le Service Civique, une mission pour chacun au service de tous LE SERVICE CIVIQUE C&rsquo;EST QUOI ? C&rsquo;est un engagement volontaire au service de l&rsquo;int\u00e9r\u00eat g\u00e9n\u00e9ral ouvert aux 16-25 ans, \u00e9largi \u00e0 30 ans aux jeunes en situation de handicap. Accessible sans condition de dipl\u00f4me, le Service Civique est indemnis\u00e9 et s&rsquo;effectue en France ou &hellip; Continuer la lecture de &laquo;&nbsp;Annonces service civique&nbsp;&raquo;\" \/>\n<meta property=\"og:url\" content=\"https:\/\/infojeunes09.fr\/index.php\/sengager\/annonces-service-civique\/\" \/>\n<meta property=\"og:site_name\" content=\"InfoJeunes Ari\u00e8ge et Agglo Foix-Varilhes\" \/>\n<meta property=\"article:publisher\" content=\"https:\/\/www.facebook.com\/Infojeunes09\/\" \/>\n<meta property=\"article:modified_time\" content=\"2023-11-29T13:37:57+00:00\" \/>\n<meta property=\"og:image\" content=\"https:\/\/infojeunes09.fr\/wp-content\/uploads\/2021\/10\/service_civique_ban.jpg\" \/>\n<meta name=\"twitter:card\" content=\"summary_large_image\" \/>\n<meta name=\"twitter:label1\" content=\"Dur\u00e9e de lecture estim\u00e9e\" \/>\n\t<meta name=\"twitter:data1\" content=\"1 minute\" \/>\n<script type=\"application\/ld+json\" class=\"yoast-schema-graph\">{\"@context\":\"https:\/\/schema.org\",\"@graph\":[{\"@type\":\"WebPage\",\"@id\":\"https:\/\/infojeunes09.fr\/index.php\/sengager\/annonces-service-civique\/\",\"url\":\"https:\/\/infojeunes09.fr\/index.php\/sengager\/annonces-service-civique\/\",\"name\":\"Annonces service civique - InfoJeunes Ari\u00e8ge et Agglo Foix-Varilhes\",\"isPartOf\":{\"@id\":\"https:\/\/infojeunes09.fr\/#website\"},\"primaryImageOfPage\":{\"@id\":\"https:\/\/infojeunes09.fr\/index.php\/sengager\/annonces-service-civique\/#primaryimage\"},\"image\":{\"@id\":\"https:\/\/infojeunes09.fr\/index.php\/sengager\/annonces-service-civique\/#primaryimage\"},\"thumbnailUrl\":\"https:\/\/infojeunes09.fr\/wp-content\/uploads\/2021\/10\/service_civique_ban.jpg\",\"datePublished\":\"2021-10-05T13:14:36+00:00\",\"dateModified\":\"2023-11-29T13:37:57+00:00\",\"breadcrumb\":{\"@id\":\"https:\/\/infojeunes09.fr\/index.php\/sengager\/annonces-service-civique\/#breadcrumb\"},\"inLanguage\":\"fr-FR\",\"potentialAction\":[{\"@type\":\"ReadAction\",\"target\":[\"https:\/\/infojeunes09.fr\/index.php\/sengager\/annonces-service-civique\/\"]}]},{\"@type\":\"ImageObject\",\"inLanguage\":\"fr-FR\",\"@id\":\"https:\/\/infojeunes09.fr\/index.php\/sengager\/annonces-service-civique\/#primaryimage\",\"url\":\"https:\/\/infojeunes09.fr\/wp-content\/uploads\/2021\/10\/service_civique_ban.jpg\",\"contentUrl\":\"https:\/\/infojeunes09.fr\/wp-content\/uploads\/2021\/10\/service_civique_ban.jpg\",\"width\":650,\"height\":252},{\"@type\":\"BreadcrumbList\",\"@id\":\"https:\/\/infojeunes09.fr\/index.php\/sengager\/annonces-service-civique\/#breadcrumb\",\"itemListElement\":[{\"@type\":\"ListItem\",\"position\":1,\"name\":\"Accueil\",\"item\":\"https:\/\/infojeunes09.fr\/\"},{\"@type\":\"ListItem\",\"position\":2,\"name\":\"S&rsquo;engager\",\"item\":\"https:\/\/infojeunes09.fr\/index.php\/sengager\/\"},{\"@type\":\"ListItem\",\"position\":3,\"name\":\"Annonces service civique\"}]},{\"@type\":\"WebSite\",\"@id\":\"https:\/\/infojeunes09.fr\/#website\",\"url\":\"https:\/\/infojeunes09.fr\/\",\"name\":\"InfoJeunes Ari\u00e8ge et Agglo Foix-Varilhes\",\"description\":\"Explorer les possibles\",\"publisher\":{\"@id\":\"https:\/\/infojeunes09.fr\/#organization\"},\"potentialAction\":[{\"@type\":\"SearchAction\",\"target\":{\"@type\":\"EntryPoint\",\"urlTemplate\":\"https:\/\/infojeunes09.fr\/?s={search_term_string}\"},\"query-input\":{\"@type\":\"PropertyValueSpecification\",\"valueRequired\":true,\"valueName\":\"search_term_string\"}}],\"inLanguage\":\"fr-FR\"},{\"@type\":\"Organization\",\"@id\":\"https:\/\/infojeunes09.fr\/#organization\",\"name\":\"InfoJeunes Agglo Foix-Varilhes et Ari\u00e8ge\",\"url\":\"https:\/\/infojeunes09.fr\/\",\"logo\":{\"@type\":\"ImageObject\",\"inLanguage\":\"fr-FR\",\"@id\":\"https:\/\/infojeunes09.fr\/#\/schema\/logo\/image\/\",\"url\":\"https:\/\/infojeunes09.fr\/wp-content\/uploads\/2022\/07\/logo-bleu-Agglo-Foix-Varilhes-et-ariege@2x.png\",\"contentUrl\":\"https:\/\/infojeunes09.fr\/wp-content\/uploads\/2022\/07\/logo-bleu-Agglo-Foix-Varilhes-et-ariege@2x.png\",\"width\":800,\"height\":400,\"caption\":\"InfoJeunes Agglo Foix-Varilhes et Ari\u00e8ge\"},\"image\":{\"@id\":\"https:\/\/infojeunes09.fr\/#\/schema\/logo\/image\/\"},\"sameAs\":[\"https:\/\/www.facebook.com\/Infojeunes09\/\",\"https:\/\/www.instagram.com\/infojeunes09\/\"]}]}<\/script>\n<!-- \/ Yoast SEO plugin. -->","yoast_head_json":{"title":"Annonces service civique - InfoJeunes Ari\u00e8ge et Agglo Foix-Varilhes","robots":{"index":"index","follow":"follow","max-snippet":"max-snippet:-1","max-image-preview":"max-image-preview:large","max-video-preview":"max-video-preview:-1"},"canonical":"https:\/\/infojeunes09.fr\/index.php\/sengager\/annonces-service-civique\/","og_locale":"fr_FR","og_type":"article","og_title":"Annonces service civique - InfoJeunes Ari\u00e8ge et Agglo Foix-Varilhes","og_description":"Le Service Civique, une mission pour chacun au service de tous LE SERVICE CIVIQUE C&rsquo;EST QUOI ? C&rsquo;est un engagement volontaire au service de l&rsquo;int\u00e9r\u00eat g\u00e9n\u00e9ral ouvert aux 16-25 ans, \u00e9largi \u00e0 30 ans aux jeunes en situation de handicap. Accessible sans condition de dipl\u00f4me, le Service Civique est indemnis\u00e9 et s&rsquo;effectue en France ou &hellip; Continuer la lecture de &laquo;&nbsp;Annonces service civique&nbsp;&raquo;","og_url":"https:\/\/infojeunes09.fr\/index.php\/sengager\/annonces-service-civique\/","og_site_name":"InfoJeunes Ari\u00e8ge et Agglo Foix-Varilhes","article_publisher":"https:\/\/www.facebook.com\/Infojeunes09\/","article_modified_time":"2023-11-29T13:37:57+00:00","og_image":[{"url":"https:\/\/infojeunes09.fr\/wp-content\/uploads\/2021\/10\/service_civique_ban.jpg","type":"","width":"","height":""}],"twitter_card":"summary_large_image","twitter_misc":{"Dur\u00e9e de lecture estim\u00e9e":"1 minute"},"schema":{"@context":"https:\/\/schema.org","@graph":[{"@type":"WebPage","@id":"https:\/\/infojeunes09.fr\/index.php\/sengager\/annonces-service-civique\/","url":"https:\/\/infojeunes09.fr\/index.php\/sengager\/annonces-service-civique\/","name":"Annonces service civique - InfoJeunes Ari\u00e8ge et Agglo Foix-Varilhes","isPartOf":{"@id":"https:\/\/infojeunes09.fr\/#website"},"primaryImageOfPage":{"@id":"https:\/\/infojeunes09.fr\/index.php\/sengager\/annonces-service-civique\/#primaryimage"},"image":{"@id":"https:\/\/infojeunes09.fr\/index.php\/sengager\/annonces-service-civique\/#primaryimage"},"thumbnailUrl":"https:\/\/infojeunes09.fr\/wp-content\/uploads\/2021\/10\/service_civique_ban.jpg","datePublished":"2021-10-05T13:14:36+00:00","dateModified":"2023-11-29T13:37:57+00:00","breadcrumb":{"@id":"https:\/\/infojeunes09.fr\/index.php\/sengager\/annonces-service-civique\/#breadcrumb"},"inLanguage":"fr-FR","potentialAction":[{"@type":"ReadAction","target":["https:\/\/infojeunes09.fr\/index.php\/sengager\/annonces-service-civique\/"]}]},{"@type":"ImageObject","inLanguage":"fr-FR","@id":"https:\/\/infojeunes09.fr\/index.php\/sengager\/annonces-service-civique\/#primaryimage","url":"https:\/\/infojeunes09.fr\/wp-content\/uploads\/2021\/10\/service_civique_ban.jpg","contentUrl":"https:\/\/infojeunes09.fr\/wp-content\/uploads\/2021\/10\/service_civique_ban.jpg","width":650,"height":252},{"@type":"BreadcrumbList","@id":"https:\/\/infojeunes09.fr\/index.php\/sengager\/annonces-service-civique\/#breadcrumb","itemListElement":[{"@type":"ListItem","position":1,"name":"Accueil","item":"https:\/\/infojeunes09.fr\/"},{"@type":"ListItem","position":2,"name":"S&rsquo;engager","item":"https:\/\/infojeunes09.fr\/index.php\/sengager\/"},{"@type":"ListItem","position":3,"name":"Annonces service civique"}]},{"@type":"WebSite","@id":"https:\/\/infojeunes09.fr\/#website","url":"https:\/\/infojeunes09.fr\/","name":"InfoJeunes Ari\u00e8ge et Agglo Foix-Varilhes","description":"Explorer les possibles","publisher":{"@id":"https:\/\/infojeunes09.fr\/#organization"},"potentialAction":[{"@type":"SearchAction","target":{"@type":"EntryPoint","urlTemplate":"https:\/\/infojeunes09.fr\/?s={search_term_string}"},"query-input":{"@type":"PropertyValueSpecification","valueRequired":true,"valueName":"search_term_string"}}],"inLanguage":"fr-FR"},{"@type":"Organization","@id":"https:\/\/infojeunes09.fr\/#organization","name":"InfoJeunes Agglo Foix-Varilhes et Ari\u00e8ge","url":"https:\/\/infojeunes09.fr\/","logo":{"@type":"ImageObject","inLanguage":"fr-FR","@id":"https:\/\/infojeunes09.fr\/#\/schema\/logo\/image\/","url":"https:\/\/infojeunes09.fr\/wp-content\/uploads\/2022\/07\/logo-bleu-Agglo-Foix-Varilhes-et-ariege@2x.png","contentUrl":"https:\/\/infojeunes09.fr\/wp-content\/uploads\/2022\/07\/logo-bleu-Agglo-Foix-Varilhes-et-ariege@2x.png","width":800,"height":400,"caption":"InfoJeunes Agglo Foix-Varilhes et Ari\u00e8ge"},"image":{"@id":"https:\/\/infojeunes09.fr\/#\/schema\/logo\/image\/"},"sameAs":["https:\/\/www.facebook.com\/Infojeunes09\/","https:\/\/www.instagram.com\/infojeunes09\/"]}]}},"_links":{"self":[{"href":"https:\/\/infojeunes09.fr\/index.php\/wp-json\/wp\/v2\/pages\/251","targetHints":{"allow":["GET"]}}],"collection":[{"href":"https:\/\/infojeunes09.fr\/index.php\/wp-json\/wp\/v2\/pages"}],"about":[{"href":"https:\/\/infojeunes09.fr\/index.php\/wp-json\/wp\/v2\/types\/page"}],"author":[{"embeddable":true,"href":"https:\/\/infojeunes09.fr\/index.php\/wp-json\/wp\/v2\/users\/1"}],"replies":[{"embeddable":true,"href":"https:\/\/infojeunes09.fr\/index.php\/wp-json\/wp\/v2\/comments?post=251"}],"version-history":[{"count":112,"href":"https:\/\/infojeunes09.fr\/index.php\/wp-json\/wp\/v2\/pages\/251\/revisions"}],"predecessor-version":[{"id":4621,"href":"https:\/\/infojeunes09.fr\/index.php\/wp-json\/wp\/v2\/pages\/251\/revisions\/4621"}],"up":[{"embeddable":true,"href":"https:\/\/infojeunes09.fr\/index.php\/wp-json\/wp\/v2\/pages\/235"}],"wp:attachment":[{"href":"https:\/\/infojeunes09.fr\/index.php\/wp-json\/wp\/v2\/media?parent=251"}],"curies":[{"name":"wp","href":"https:\/\/api.w.org\/{rel}","templated":true}]}}