{"id":313,"date":"2021-10-14T17:02:13","date_gmt":"2021-10-14T15:02:13","guid":{"rendered":"http:\/\/infojeunes09.org\/?page_id=313"},"modified":"2021-10-14T17:02:13","modified_gmt":"2021-10-14T15:02:13","slug":"mentions-legales","status":"publish","type":"page","link":"https:\/\/infojeunes09.fr\/index.php\/mentions-legales\/","title":{"rendered":"Mentions l\u00e9gales"},"content":{"rendered":"\n<p>Directeur de la publication : Jean-David Bigu\u00e9<\/p>\n\n\n\n<p>Webmestre : Fran\u00e7ois Alfert &#8211; infojeunes09.fr<br>H\u00e9bergement : OVH<\/p>\n\n\n\n<p>Date de mise en ligne : 01\/01\/2004<\/p>\n\n\n\n<p>R\u00e9alisation : Bureau Information Jeunesse Ari\u00e8ge &amp; Agglo Foix-Varilhes<\/p>\n\n\n\n<p>Ce site a fait l&rsquo;objet d\u2019une d\u00e9claration \u00e0 la CNIL, Commission Nationale Informatique et Libert\u00e9s, sous le num\u00e9ro : 892998<br>Conform\u00e9ment \u00e0 la Loi n\u00b0 78-17 du 6 janvier 1978 relative \u00e0 l\u2019informatique, aux fichiers et aux libert\u00e9s, vous disposez d\u2019un droit d\u2019acc\u00e8s, de modification, de rectification et de suppression des donn\u00e9es qui vous concernent.<\/p>\n\n\n\n<p>Pour exercer ce droit, par courrier \u00e0 : BIJ Ari\u00e8ge &#8211; Info Jeunes, avenue Fran\u00e7ois Mitterrand, 09000 Foix<br><br>N\u00b0 siret : 33271037500038<br>Code APE : 853K<br>T\u00e9l. 05 61 02 86 10<\/p>\n\n\n\n<p><br><strong>Responsabilit\u00e9s :\u00a0<\/strong><br>La responsabilit\u00e9 du BIJ Ari\u00e8ge ne saurait \u00eatre engag\u00e9e, directement ou indirectement, dans les transactions qui ob\u00e9issent aux r\u00e8gles g\u00e9n\u00e9rales du code civil (art.1641 et suivants).\u00a0Le BIJ Ari\u00e8ge ne saurait \u00eatre tenu responsable des dommages de toute nature, directs ou indirects r\u00e9sultant du contenu des informations pr\u00e9sent\u00e9es sur le site, de leur interpr\u00e9tation et plus g\u00e9n\u00e9ralement des erreurs ou omissions que pourrait contenir le site, bien que l\u2019\u00e9diteur s\u2019efforce de diffuser des informations pr\u00e9cises, de les v\u00e9rifier et de les mettre \u00e0 jour.<br><br><strong>Propri\u00e9t\u00e9 intellectuelle :\u00a0<\/strong><br>Il est interdit d&rsquo;utiliser et\/ou reproduire et\/ou repr\u00e9senter et\/ou modifier et\/ou adapter et\/ou traduire et\/ou copier et\/ou distribuer, les contenus de fa\u00e7on int\u00e9grale ou partielle, sur quelque support que ce soit (\u00e9lectronique, papier ou tout autre support) sans l&rsquo;autorisation expresse et pr\u00e9alable du BIJ Ari\u00e8ge. Les demandes doivent \u00eatre adress\u00e9es par courrier \u00e0 :<br>BIJ Ari\u00e8ge &#8211; Bd Fran\u00e7ois Mitterrand &#8211;  Foix.<br>Seules les copies \u00e0 usage priv\u00e9, en un exemplaire et sans alt\u00e9ration, sont autoris\u00e9es.<\/p>\n","protected":false},"excerpt":{"rendered":"<p>Directeur de la publication : Jean-David Bigu\u00e9 Webmestre : Fran\u00e7ois Alfert &#8211; infojeunes09.frH\u00e9bergement : OVH Date de mise en ligne : 01\/01\/2004 R\u00e9alisation : Bureau Information Jeunesse Ari\u00e8ge &amp; Agglo Foix-Varilhes Ce site a fait l&rsquo;objet d\u2019une d\u00e9claration \u00e0 la CNIL, Commission Nationale Informatique et Libert\u00e9s, sous le num\u00e9ro : 892998Conform\u00e9ment \u00e0 la Loi n\u00b0 &hellip; <\/p>\n<p class=\"link-more\"><a href=\"https:\/\/infojeunes09.fr\/index.php\/mentions-legales\/\" class=\"more-link\">Continuer la lecture<span class=\"screen-reader-text\"> de &laquo;&nbsp;Mentions l\u00e9gales&nbsp;&raquo;<\/span><\/a><\/p>\n","protected":false},"author":1,"featured_media":0,"parent":0,"menu_order":0,"comment_status":"closed","ping_status":"closed","template":"","meta":{"_bbp_topic_count":0,"_bbp_reply_count":0,"_bbp_total_topic_count":0,"_bbp_total_reply_count":0,"_bbp_voice_count":0,"_bbp_anonymous_reply_count":0,"_bbp_topic_count_hidden":0,"_bbp_reply_count_hidden":0,"_bbp_forum_subforum_count":0,"footnotes":""},"class_list":["post-313","page","type-page","status-publish","hentry"],"yoast_head":"<!-- This site is optimized with the Yoast SEO plugin v27.0 - https:\/\/yoast.com\/product\/yoast-seo-wordpress\/ -->\n<title>Mentions l\u00e9gales - InfoJeunes Ari\u00e8ge et Agglo Foix-Varilhes<\/title>\n<meta name=\"robots\" content=\"index, follow, max-snippet:-1, max-image-preview:large, max-video-preview:-1\" \/>\n<link rel=\"canonical\" href=\"https:\/\/infojeunes09.fr\/index.php\/mentions-legales\/\" \/>\n<meta property=\"og:locale\" content=\"fr_FR\" \/>\n<meta property=\"og:type\" content=\"article\" \/>\n<meta property=\"og:title\" content=\"Mentions l\u00e9gales - InfoJeunes Ari\u00e8ge et Agglo Foix-Varilhes\" \/>\n<meta property=\"og:description\" content=\"Directeur de la publication : Jean-David Bigu\u00e9 Webmestre : Fran\u00e7ois Alfert &#8211; infojeunes09.frH\u00e9bergement : OVH Date de mise en ligne : 01\/01\/2004 R\u00e9alisation : Bureau Information Jeunesse Ari\u00e8ge &amp; Agglo Foix-Varilhes Ce site a fait l&rsquo;objet d\u2019une d\u00e9claration \u00e0 la CNIL, Commission Nationale Informatique et Libert\u00e9s, sous le num\u00e9ro : 892998Conform\u00e9ment \u00e0 la Loi n\u00b0 &hellip; Continuer la lecture de &laquo;&nbsp;Mentions l\u00e9gales&nbsp;&raquo;\" \/>\n<meta property=\"og:url\" content=\"https:\/\/infojeunes09.fr\/index.php\/mentions-legales\/\" \/>\n<meta property=\"og:site_name\" content=\"InfoJeunes Ari\u00e8ge et Agglo Foix-Varilhes\" \/>\n<meta property=\"article:publisher\" content=\"https:\/\/www.facebook.com\/Infojeunes09\/\" \/>\n<meta name=\"twitter:card\" content=\"summary_large_image\" \/>\n<meta name=\"twitter:label1\" content=\"Dur\u00e9e de lecture estim\u00e9e\" \/>\n\t<meta name=\"twitter:data1\" content=\"2 minutes\" \/>\n<script type=\"application\/ld+json\" class=\"yoast-schema-graph\">{\"@context\":\"https:\/\/schema.org\",\"@graph\":[{\"@type\":\"WebPage\",\"@id\":\"https:\/\/infojeunes09.fr\/index.php\/mentions-legales\/\",\"url\":\"https:\/\/infojeunes09.fr\/index.php\/mentions-legales\/\",\"name\":\"Mentions l\u00e9gales - InfoJeunes Ari\u00e8ge et Agglo Foix-Varilhes\",\"isPartOf\":{\"@id\":\"https:\/\/infojeunes09.fr\/#website\"},\"datePublished\":\"2021-10-14T15:02:13+00:00\",\"breadcrumb\":{\"@id\":\"https:\/\/infojeunes09.fr\/index.php\/mentions-legales\/#breadcrumb\"},\"inLanguage\":\"fr-FR\",\"potentialAction\":[{\"@type\":\"ReadAction\",\"target\":[\"https:\/\/infojeunes09.fr\/index.php\/mentions-legales\/\"]}]},{\"@type\":\"BreadcrumbList\",\"@id\":\"https:\/\/infojeunes09.fr\/index.php\/mentions-legales\/#breadcrumb\",\"itemListElement\":[{\"@type\":\"ListItem\",\"position\":1,\"name\":\"Accueil\",\"item\":\"https:\/\/infojeunes09.fr\/\"},{\"@type\":\"ListItem\",\"position\":2,\"name\":\"Mentions l\u00e9gales\"}]},{\"@type\":\"WebSite\",\"@id\":\"https:\/\/infojeunes09.fr\/#website\",\"url\":\"https:\/\/infojeunes09.fr\/\",\"name\":\"InfoJeunes Ari\u00e8ge et Agglo Foix-Varilhes\",\"description\":\"Explorer les possibles\",\"publisher\":{\"@id\":\"https:\/\/infojeunes09.fr\/#organization\"},\"potentialAction\":[{\"@type\":\"SearchAction\",\"target\":{\"@type\":\"EntryPoint\",\"urlTemplate\":\"https:\/\/infojeunes09.fr\/?s={search_term_string}\"},\"query-input\":{\"@type\":\"PropertyValueSpecification\",\"valueRequired\":true,\"valueName\":\"search_term_string\"}}],\"inLanguage\":\"fr-FR\"},{\"@type\":\"Organization\",\"@id\":\"https:\/\/infojeunes09.fr\/#organization\",\"name\":\"InfoJeunes Agglo Foix-Varilhes et Ari\u00e8ge\",\"url\":\"https:\/\/infojeunes09.fr\/\",\"logo\":{\"@type\":\"ImageObject\",\"inLanguage\":\"fr-FR\",\"@id\":\"https:\/\/infojeunes09.fr\/#\/schema\/logo\/image\/\",\"url\":\"https:\/\/infojeunes09.fr\/wp-content\/uploads\/2022\/07\/logo-bleu-Agglo-Foix-Varilhes-et-ariege@2x.png\",\"contentUrl\":\"https:\/\/infojeunes09.fr\/wp-content\/uploads\/2022\/07\/logo-bleu-Agglo-Foix-Varilhes-et-ariege@2x.png\",\"width\":800,\"height\":400,\"caption\":\"InfoJeunes Agglo Foix-Varilhes et Ari\u00e8ge\"},\"image\":{\"@id\":\"https:\/\/infojeunes09.fr\/#\/schema\/logo\/image\/\"},\"sameAs\":[\"https:\/\/www.facebook.com\/Infojeunes09\/\",\"https:\/\/www.instagram.com\/infojeunes09\/\"]}]}<\/script>\n<!-- \/ Yoast SEO plugin. -->","yoast_head_json":{"title":"Mentions l\u00e9gales - InfoJeunes Ari\u00e8ge et Agglo Foix-Varilhes","robots":{"index":"index","follow":"follow","max-snippet":"max-snippet:-1","max-image-preview":"max-image-preview:large","max-video-preview":"max-video-preview:-1"},"canonical":"https:\/\/infojeunes09.fr\/index.php\/mentions-legales\/","og_locale":"fr_FR","og_type":"article","og_title":"Mentions l\u00e9gales - InfoJeunes Ari\u00e8ge et Agglo Foix-Varilhes","og_description":"Directeur de la publication : Jean-David Bigu\u00e9 Webmestre : Fran\u00e7ois Alfert &#8211; infojeunes09.frH\u00e9bergement : OVH Date de mise en ligne : 01\/01\/2004 R\u00e9alisation : Bureau Information Jeunesse Ari\u00e8ge &amp; Agglo Foix-Varilhes Ce site a fait l&rsquo;objet d\u2019une d\u00e9claration \u00e0 la CNIL, Commission Nationale Informatique et Libert\u00e9s, sous le num\u00e9ro : 892998Conform\u00e9ment \u00e0 la Loi n\u00b0 &hellip; Continuer la lecture de &laquo;&nbsp;Mentions l\u00e9gales&nbsp;&raquo;","og_url":"https:\/\/infojeunes09.fr\/index.php\/mentions-legales\/","og_site_name":"InfoJeunes Ari\u00e8ge et Agglo Foix-Varilhes","article_publisher":"https:\/\/www.facebook.com\/Infojeunes09\/","twitter_card":"summary_large_image","twitter_misc":{"Dur\u00e9e de lecture estim\u00e9e":"2 minutes"},"schema":{"@context":"https:\/\/schema.org","@graph":[{"@type":"WebPage","@id":"https:\/\/infojeunes09.fr\/index.php\/mentions-legales\/","url":"https:\/\/infojeunes09.fr\/index.php\/mentions-legales\/","name":"Mentions l\u00e9gales - InfoJeunes Ari\u00e8ge et Agglo Foix-Varilhes","isPartOf":{"@id":"https:\/\/infojeunes09.fr\/#website"},"datePublished":"2021-10-14T15:02:13+00:00","breadcrumb":{"@id":"https:\/\/infojeunes09.fr\/index.php\/mentions-legales\/#breadcrumb"},"inLanguage":"fr-FR","potentialAction":[{"@type":"ReadAction","target":["https:\/\/infojeunes09.fr\/index.php\/mentions-legales\/"]}]},{"@type":"BreadcrumbList","@id":"https:\/\/infojeunes09.fr\/index.php\/mentions-legales\/#breadcrumb","itemListElement":[{"@type":"ListItem","position":1,"name":"Accueil","item":"https:\/\/infojeunes09.fr\/"},{"@type":"ListItem","position":2,"name":"Mentions l\u00e9gales"}]},{"@type":"WebSite","@id":"https:\/\/infojeunes09.fr\/#website","url":"https:\/\/infojeunes09.fr\/","name":"InfoJeunes Ari\u00e8ge et Agglo Foix-Varilhes","description":"Explorer les possibles","publisher":{"@id":"https:\/\/infojeunes09.fr\/#organization"},"potentialAction":[{"@type":"SearchAction","target":{"@type":"EntryPoint","urlTemplate":"https:\/\/infojeunes09.fr\/?s={search_term_string}"},"query-input":{"@type":"PropertyValueSpecification","valueRequired":true,"valueName":"search_term_string"}}],"inLanguage":"fr-FR"},{"@type":"Organization","@id":"https:\/\/infojeunes09.fr\/#organization","name":"InfoJeunes Agglo Foix-Varilhes et Ari\u00e8ge","url":"https:\/\/infojeunes09.fr\/","logo":{"@type":"ImageObject","inLanguage":"fr-FR","@id":"https:\/\/infojeunes09.fr\/#\/schema\/logo\/image\/","url":"https:\/\/infojeunes09.fr\/wp-content\/uploads\/2022\/07\/logo-bleu-Agglo-Foix-Varilhes-et-ariege@2x.png","contentUrl":"https:\/\/infojeunes09.fr\/wp-content\/uploads\/2022\/07\/logo-bleu-Agglo-Foix-Varilhes-et-ariege@2x.png","width":800,"height":400,"caption":"InfoJeunes Agglo Foix-Varilhes et Ari\u00e8ge"},"image":{"@id":"https:\/\/infojeunes09.fr\/#\/schema\/logo\/image\/"},"sameAs":["https:\/\/www.facebook.com\/Infojeunes09\/","https:\/\/www.instagram.com\/infojeunes09\/"]}]}},"_links":{"self":[{"href":"https:\/\/infojeunes09.fr\/index.php\/wp-json\/wp\/v2\/pages\/313","targetHints":{"allow":["GET"]}}],"collection":[{"href":"https:\/\/infojeunes09.fr\/index.php\/wp-json\/wp\/v2\/pages"}],"about":[{"href":"https:\/\/infojeunes09.fr\/index.php\/wp-json\/wp\/v2\/types\/page"}],"author":[{"embeddable":true,"href":"https:\/\/infojeunes09.fr\/index.php\/wp-json\/wp\/v2\/users\/1"}],"replies":[{"embeddable":true,"href":"https:\/\/infojeunes09.fr\/index.php\/wp-json\/wp\/v2\/comments?post=313"}],"version-history":[{"count":1,"href":"https:\/\/infojeunes09.fr\/index.php\/wp-json\/wp\/v2\/pages\/313\/revisions"}],"predecessor-version":[{"id":314,"href":"https:\/\/infojeunes09.fr\/index.php\/wp-json\/wp\/v2\/pages\/313\/revisions\/314"}],"wp:attachment":[{"href":"https:\/\/infojeunes09.fr\/index.php\/wp-json\/wp\/v2\/media?parent=313"}],"curies":[{"name":"wp","href":"https:\/\/api.w.org\/{rel}","templated":true}]}}