{"id":3155,"date":"2022-07-21T11:28:44","date_gmt":"2022-07-21T09:28:44","guid":{"rendered":"https:\/\/infojeunes09.fr\/?page_id=3155"},"modified":"2025-09-03T17:19:25","modified_gmt":"2025-09-03T15:19:25","slug":"transports-en-ariege","status":"publish","type":"page","link":"https:\/\/infojeunes09.fr\/index.php\/vie-pratique\/transports-en-ariege\/","title":{"rendered":"Transports en Ari\u00e8ge"},"content":{"rendered":"\t\t<div data-elementor-type=\"wp-page\" data-elementor-id=\"3155\" class=\"elementor elementor-3155\" data-elementor-post-type=\"page\">\n\t\t\t\t\t\t<section class=\"elementor-section elementor-top-section elementor-element elementor-element-cc72235 elementor-section-boxed elementor-section-height-default elementor-section-height-default\" data-id=\"cc72235\" data-element_type=\"section\" data-e-type=\"section\">\n\t\t\t\t\t\t<div class=\"elementor-container elementor-column-gap-default\">\n\t\t\t\t\t<div class=\"elementor-column elementor-col-100 elementor-top-column elementor-element elementor-element-a27668e\" data-id=\"a27668e\" data-element_type=\"column\" data-e-type=\"column\">\n\t\t\t<div class=\"elementor-widget-wrap elementor-element-populated\">\n\t\t\t\t\t\t<div class=\"elementor-element elementor-element-99415e6 elementor-widget elementor-widget-image\" data-id=\"99415e6\" data-element_type=\"widget\" data-e-type=\"widget\" data-widget_type=\"image.default\">\n\t\t\t\t<div class=\"elementor-widget-container\">\n\t\t\t\t\t\t\t\t\t\t\t\t\t\t\t<img fetchpriority=\"high\" decoding=\"async\" width=\"1536\" height=\"614\" src=\"https:\/\/infojeunes09.fr\/wp-content\/uploads\/2024\/02\/lio-occitanie-train-1536x614.jpg\" class=\"attachment-1536x1536 size-1536x1536 wp-image-4927\" alt=\"\" srcset=\"https:\/\/infojeunes09.fr\/wp-content\/uploads\/2024\/02\/lio-occitanie-train-1536x614.jpg 1536w, https:\/\/infojeunes09.fr\/wp-content\/uploads\/2024\/02\/lio-occitanie-train-300x120.jpg 300w, https:\/\/infojeunes09.fr\/wp-content\/uploads\/2024\/02\/lio-occitanie-train-1024x410.jpg 1024w, https:\/\/infojeunes09.fr\/wp-content\/uploads\/2024\/02\/lio-occitanie-train-768x307.jpg 768w, https:\/\/infojeunes09.fr\/wp-content\/uploads\/2024\/02\/lio-occitanie-train-350x140.jpg 350w, https:\/\/infojeunes09.fr\/wp-content\/uploads\/2024\/02\/lio-occitanie-train.jpg 1920w\" sizes=\"100vw\" \/>\t\t\t\t\t\t\t\t\t\t\t\t\t\t\t<\/div>\n\t\t\t\t<\/div>\n\t\t\t\t\t<\/div>\n\t\t<\/div>\n\t\t\t\t\t<\/div>\n\t\t<\/section>\n\t\t\t\t<section class=\"elementor-section elementor-top-section elementor-element elementor-element-108cb85 elementor-section-boxed elementor-section-height-default elementor-section-height-default\" data-id=\"108cb85\" data-element_type=\"section\" data-e-type=\"section\">\n\t\t\t\t\t\t<div class=\"elementor-container elementor-column-gap-default\">\n\t\t\t\t\t<div class=\"elementor-column elementor-col-33 elementor-top-column elementor-element elementor-element-d6c17e8\" data-id=\"d6c17e8\" data-element_type=\"column\" data-e-type=\"column\">\n\t\t\t<div class=\"elementor-widget-wrap elementor-element-populated\">\n\t\t\t\t\t\t<div class=\"elementor-element elementor-element-6ebba65 elementor-toc--minimized-on-tablet elementor-widget elementor-widget-table-of-contents\" data-id=\"6ebba65\" data-element_type=\"widget\" data-e-type=\"widget\" data-settings=\"{&quot;headings_by_tags&quot;:[&quot;h1&quot;,&quot;h2&quot;,&quot;h3&quot;,&quot;h4&quot;,&quot;h5&quot;,&quot;h6&quot;],&quot;exclude_headings_by_selector&quot;:[],&quot;marker_view&quot;:&quot;numbers&quot;,&quot;no_headings_message&quot;:&quot;Aucun titre n\\u2019a \\u00e9t\\u00e9 trouv\\u00e9 sur cette page.&quot;,&quot;minimize_box&quot;:&quot;yes&quot;,&quot;minimized_on&quot;:&quot;tablet&quot;,&quot;hierarchical_view&quot;:&quot;yes&quot;,&quot;min_height&quot;:{&quot;unit&quot;:&quot;px&quot;,&quot;size&quot;:&quot;&quot;,&quot;sizes&quot;:[]},&quot;min_height_tablet&quot;:{&quot;unit&quot;:&quot;px&quot;,&quot;size&quot;:&quot;&quot;,&quot;sizes&quot;:[]},&quot;min_height_mobile&quot;:{&quot;unit&quot;:&quot;px&quot;,&quot;size&quot;:&quot;&quot;,&quot;sizes&quot;:[]}}\" data-widget_type=\"table-of-contents.default\">\n\t\t\t\t<div class=\"elementor-widget-container\">\n\t\t\t\t\t\t\t\t\t<div class=\"elementor-toc__header\">\n\t\t\t\t\t\t<h4 class=\"elementor-toc__header-title\">\n\t\t\t\tTable des mati\u00e8res\t\t\t<\/h4>\n\t\t\t\t\t\t\t\t\t\t<div class=\"elementor-toc__toggle-button elementor-toc__toggle-button--expand\" role=\"button\" tabindex=\"0\" aria-controls=\"elementor-toc__6ebba65\" aria-expanded=\"true\" aria-label=\"Ouvrir la table des mati\u00e8res\"><i aria-hidden=\"true\" class=\"fas fa-chevron-down\"><\/i><\/div>\n\t\t\t\t<div class=\"elementor-toc__toggle-button elementor-toc__toggle-button--collapse\" role=\"button\" tabindex=\"0\" aria-controls=\"elementor-toc__6ebba65\" aria-expanded=\"true\" aria-label=\"Fermer la table des mati\u00e8res\"><i aria-hidden=\"true\" class=\"fas fa-chevron-up\"><\/i><\/div>\n\t\t\t\t\t<\/div>\n\t\t\t\t<div id=\"elementor-toc__6ebba65\" class=\"elementor-toc__body\">\n\t\t\t<div class=\"elementor-toc__spinner-container\">\n\t\t\t\t<i class=\"elementor-toc__spinner eicon-animation-spin eicon-loading\" aria-hidden=\"true\"><\/i>\t\t\t<\/div>\n\t\t<\/div>\n\t\t\t\t\t\t<\/div>\n\t\t\t\t<\/div>\n\t\t\t\t\t<\/div>\n\t\t<\/div>\n\t\t\t\t<div class=\"elementor-column elementor-col-66 elementor-top-column elementor-element elementor-element-48dbc19\" data-id=\"48dbc19\" data-element_type=\"column\" data-e-type=\"column\">\n\t\t\t<div class=\"elementor-widget-wrap elementor-element-populated\">\n\t\t\t\t\t\t<div class=\"elementor-element elementor-element-f807fa6 elementor-widget elementor-widget-text-editor\" data-id=\"f807fa6\" data-element_type=\"widget\" data-e-type=\"widget\" data-widget_type=\"text-editor.default\">\n\t\t\t\t<div class=\"elementor-widget-container\">\n\t\t\t\t\t\t\t\t\t<h2><strong>En bus<br \/><\/strong><\/h2><p><strong>Portail la mobilit\u00e9 des jeunes en Occitanie<\/strong><br \/><a href=\"https:\/\/www.laregion.fr\/mobilite-jeunes\" target=\"_blank\" rel=\"noopener\">www.laregion.fr\/mobilite-jeunes<\/a><\/p><p><strong>Trouver un trajet<\/strong> (France et Europe):<br \/><a href=\"https:\/\/www.blablacar.fr\/bus\" target=\"_blank\" rel=\"noopener\">www.blablacar.fr\/bus<\/a><br \/><a href=\"https:\/\/www.thetrainline.com\/fr\" target=\"_blank\" rel=\"noopener\">www.thetrainline.com\/fr<\/a><\/p><p><strong>Navette urbaine (Foix et Pamiers)<br \/><\/strong><a href=\"https:\/\/lagglobus.fr\/\" target=\"_blank\" rel=\"noopener noreferrer\">Horaires L&rsquo;aggloBus (Foix et son agglom\u00e9ration)<br \/><\/a>Tarif jeunes -26 ans : abonnement annuel pour 10\u20ac<\/p><h2><strong>En Train<br \/><\/strong><\/h2><p>Horaires, r\u00e9servation, tarif des grandes lignes r\u00e9guli\u00e8res (train et bus):<br \/><a href=\"https:\/\/www.ter.sncf.com\/occitanie\" target=\"_blank\" rel=\"noopener\">www.ter.sncf.com\/occitanie<\/a><a href=\"https:\/\/www.ter.sncf.com\/occitanie\" target=\"_blank\" rel=\"noopener\"><br \/><\/a>0800 31 31 31 (service et appel gratuit)<\/p><p><b>Maison de r\u00e9gion<\/b>, service r\u00e9gional des mobilit\u00e9s de l&rsquo;Ari\u00e8ge,<br \/>21 cours Gabriel Faur\u00e9, 09000 Foix<br \/>T\u00e9l. 0800 008 178 (service et appel gratuit)<br \/><a href=\"https:\/\/www.laregion.fr\/maison-foix\" target=\"_blank\" rel=\"noopener\">www.laregion.fr\/maison-foix<\/a><\/p><h2><strong>En voiture<br \/><\/strong><\/h2><p>Blablacar (co-voiturage) :<br \/><a href=\"https:\/\/www.blablacar.fr\/\" target=\"_blank\" rel=\"noopener\">www.blablacar.fr<br \/><\/a><br \/>Rezo Pouce (co-voiturage) :<br \/><a href=\"https:\/\/www.rezopouce.fr\/\" target=\"_blank\" rel=\"noopener\">www.rezopouce.fr<\/a><\/p><p><strong>Location de voiture :<br \/><\/strong><a href=\"https:\/\/turo.com\/fr\/fr\/location-voiture\/france\/departements\/09\" target=\"_blank\" rel=\"noopener\">https:\/\/turo.com\/fr\/fr\/location-voiture\/france\/departements\/09<\/a><\/p><h1>Les aides au transport<\/h1><h3>Tarif LibertiO&rsquo; Jeunes<\/h3><p>Il est destin\u00e9 aux moins de 26 ans.<br \/>Il permet de b\u00e9n\u00e9ficier de 50\u00a0% de r\u00e9duction sur tous les trajets en Occitanie sur simple pr\u00e9sentation d&rsquo;un justificatif de son \u00e2ge.<br \/><a href=\"https:\/\/www.ter.sncf.com\/occitanie\/tarifs-cartes\/billets-cartes-moins-26-ans\/libertio-jeunes\" target=\"_blank\" rel=\"noopener\">https:\/\/www.ter.sncf.com\/occitanie\/tarifs-cartes\/billets-cartes-moins-26-ans\/libertio-jeunes<\/a><\/p><h3>Tarif Solidario&rsquo;<\/h3><p>Tarification solidaire pour personnes vivant avec des ressources financi\u00e8res faibles sur tout le r\u00e9seau TER autocars-train ou autocars du r\u00e9seau r\u00e9gional Occitanie.<br \/>20 trajets gratuits pour 6 mois, renouvelables. Au-del\u00e0 de 20 trajets, les suivants seront \u00e0 75%.<\/p><p><b>Public concern\u00e9 :<\/b><\/p><ul><li style=\"list-style-type: none;\"><ul><li>Inscrits \u00e0 P\u00f4le Emploi (avec indemnit\u00e9s inf\u00e9rieur \u00e0 80% du Smic)<\/li><li>Allocataires du RSA ou ASPA<\/li><li>Jeunes en service civique<\/li><li>Demandeurs d&rsquo;asile<\/li><\/ul><\/li><\/ul><p><strong>Contact et infos:<\/strong> <br \/><a href=\"https:\/\/www.ter.sncf.com\/occitanie\/tarifs-cartes\/carte-solidaire\" target=\"_blank\" rel=\"noopener\">https:\/\/www.ter.sncf.com\/occitanie\/tarifs-cartes\/carte-solidaire<\/a><\/p><h3>+ = 0 je voyage + je paie 0<\/h3><p>Tarif pour les jeunes de 12 \u00e0 26 ans. Le principe repose sur \u00ab\u00a0plus je voyage, moins je paye\u00a0\u00bb, jusqu&rsquo;\u00e0 obtenir la gratuit\u00e9 des trajets d\u00e8s 11 trajets par mois en liO Train et liO Car.<\/p><p><b>Fonctionnement :<\/b><\/p><div><p>+=0 s&rsquo;applique sur un mois donn\u00e9 avec :<\/p><ul><li>De 0 \u00e0 10 trajets : je b\u00e9n\u00e9ficie de -50% de r\u00e9duction sur les voyages en liO Train et 1\u20ac le trajet en liO Car. (10 trajets \u00e0 r\u00e9aliser dans le m\u00eame mois pour activer la gratuit\u00e9).<\/li><li>De 11 \u00e0 20 trajets : je voyage gratuitement dans le m\u00eame mois (11 \u00e0 20 trajets \u00e0 r\u00e9aliser dans le m\u00eame mois pour atteindre la cagnotte).<\/li><li>De 21 \u00e0 30 trajets : je voyage toujours gratuitement dans le m\u00eame mois + j&rsquo;alimente ma cagnotte qui me servira \u00e0 r\u00e9gler mes 10 trajets du mois suivant ou d&rsquo;un prochain mois.<\/li><\/ul><\/div><p><b>Contact et infos:<\/b><br \/><a href=\"https:\/\/www.ter.sncf.com\/occitanie\/tarifs-cartes\/billets-cartes-moins-26-ans\/plus-egal-zero\" target=\"_blank\" rel=\"noopener\">www.ter.sncf.com\/occitanie\/tarifs-cartes\/billets-cartes-moins-26-ans\/plus-egal-zero<\/a><\/p><h3>Tous les abonnements train -26 ans<\/h3><div><p>D\u00e9couvrez toutes les formules d&rsquo;abonnements liO Train SNCF Occitanie sur : <br \/><a href=\"https:\/\/www.ter.sncf.com\/occitanie\/abonnements\/tous-les-abonnements\" target=\"_blank\" rel=\"noopener\">https:\/\/www.ter.sncf.com\/occitanie\/abonnements\/tous-les-abonnements<\/a><\/p><\/div><h3>Si vous \u00eates en stage ou en alternance<\/h3><p>Si vous \u00eates en stage ou en alternance, votre employeur doit prendre en charge 50 % de<br \/>votre abonnement ou carte de transport pour le trajet domicile-travail.<\/p><h3>Achat v\u00e9lo \u00e9lectrique<\/h3><p>Vous envisagez de vous procurer un v\u00e9lo pour faciliter vos trajets au quotidien ? Vous pouvez b\u00e9n\u00e9ficier, sous certaines conditions, d&rsquo;une aide de l&rsquo;\u00c9tat, cumulable avec celle de la R\u00e9gion et de l&rsquo;Agglo Foix-Varilhes. Quel est le montant de cette aide ? Quelles d\u00e9marches devez-vous effectuer pour l&rsquo;obtenir ? On vous explique tout dans les 3 liens ci-dessous :<\/p><ul><li><strong>Aide de l&rsquo;\u00c9tat<\/strong> (jusqu&rsquo;en 2027) : <a href=\"https:\/\/www.economie.gouv.fr\/particuliers\/prime-velo-electrique\" target=\"_blank\" rel=\"noopener\">https:\/\/www.economie.gouv.fr\/particuliers\/prime-velo-electrique<\/a><\/li><li><strong>Aide de la R\u00e9gion<\/strong> : <a href=\"https:\/\/www.laregion.fr\/Eco-cheque-mobilite-velo-a-assistance-electrique\" target=\"_blank\" rel=\"noopener\">https:\/\/www.laregion.fr\/Eco-cheque-mobilite-velo-a-assistance-electrique<\/a><\/li><li><strong>Aide Agglo Foix-Varilhes<\/strong> : <a href=\"https:\/\/www.agglo-foix-varilhes.fr\/Aide+%c3%a0+l'achat+d'un+v%c3%a9lo\/45\/1565\" target=\"_blank\" rel=\"noopener\">Aide \u00e0 l&rsquo;achat d&rsquo;un v\u00e9lo<\/a><\/li><\/ul>\t\t\t\t\t\t\t\t<\/div>\n\t\t\t\t<\/div>\n\t\t\t\t\t<\/div>\n\t\t<\/div>\n\t\t\t\t\t<\/div>\n\t\t<\/section>\n\t\t\t\t<\/div>\n\t\t","protected":false},"excerpt":{"rendered":"<p>Table des mati\u00e8res En bus Portail la mobilit\u00e9 des jeunes en Occitaniewww.laregion.fr\/mobilite-jeunes Trouver un trajet (France et Europe):www.blablacar.fr\/buswww.thetrainline.com\/fr Navette urbaine (Foix et Pamiers)Horaires L&rsquo;aggloBus (Foix et son agglom\u00e9ration)Tarif jeunes -26 ans : abonnement annuel pour 10\u20ac En Train Horaires, r\u00e9servation, tarif des grandes lignes r\u00e9guli\u00e8res (train et bus):www.ter.sncf.com\/occitanie0800 31 31 31 (service et appel gratuit) &hellip; <\/p>\n<p class=\"link-more\"><a href=\"https:\/\/infojeunes09.fr\/index.php\/vie-pratique\/transports-en-ariege\/\" class=\"more-link\">Continuer la lecture<span class=\"screen-reader-text\"> de &laquo;&nbsp;Transports en Ari\u00e8ge&nbsp;&raquo;<\/span><\/a><\/p>\n","protected":false},"author":1,"featured_media":0,"parent":17,"menu_order":0,"comment_status":"closed","ping_status":"closed","template":"","meta":{"_bbp_topic_count":0,"_bbp_reply_count":0,"_bbp_total_topic_count":0,"_bbp_total_reply_count":0,"_bbp_voice_count":0,"_bbp_anonymous_reply_count":0,"_bbp_topic_count_hidden":0,"_bbp_reply_count_hidden":0,"_bbp_forum_subforum_count":0,"footnotes":""},"class_list":["post-3155","page","type-page","status-publish","hentry"],"yoast_head":"<!-- This site is optimized with the Yoast SEO plugin v27.0 - https:\/\/yoast.com\/product\/yoast-seo-wordpress\/ -->\n<title>Transports en Ari\u00e8ge - InfoJeunes Ari\u00e8ge et Agglo Foix-Varilhes<\/title>\n<meta name=\"description\" content=\"Retrouvez les diff\u00e9rents moyens de transports en Ari\u00e8ge et les aides financi\u00e8res existantes pour les jeunes : train, voiture, v\u00e9lo, covoiturage, location, etc\" \/>\n<meta name=\"robots\" content=\"index, follow, max-snippet:-1, max-image-preview:large, max-video-preview:-1\" \/>\n<link rel=\"canonical\" href=\"https:\/\/infojeunes09.fr\/index.php\/vie-pratique\/transports-en-ariege\/\" \/>\n<meta property=\"og:locale\" content=\"fr_FR\" \/>\n<meta property=\"og:type\" content=\"article\" \/>\n<meta property=\"og:title\" content=\"Transports en Ari\u00e8ge - InfoJeunes Ari\u00e8ge et Agglo Foix-Varilhes\" \/>\n<meta property=\"og:description\" content=\"Retrouvez les diff\u00e9rents moyens de transports en Ari\u00e8ge et les aides financi\u00e8res existantes pour les jeunes : train, voiture, v\u00e9lo, covoiturage, location, etc\" \/>\n<meta property=\"og:url\" content=\"https:\/\/infojeunes09.fr\/index.php\/vie-pratique\/transports-en-ariege\/\" \/>\n<meta property=\"og:site_name\" content=\"InfoJeunes Ari\u00e8ge et Agglo Foix-Varilhes\" \/>\n<meta property=\"article:publisher\" content=\"https:\/\/www.facebook.com\/Infojeunes09\/\" \/>\n<meta property=\"article:modified_time\" content=\"2025-09-03T15:19:25+00:00\" \/>\n<meta property=\"og:image\" content=\"https:\/\/infojeunes09.fr\/wp-content\/uploads\/2024\/02\/lio-occitanie-train-1536x614.jpg\" \/>\n<meta name=\"twitter:card\" content=\"summary_large_image\" \/>\n<meta name=\"twitter:label1\" content=\"Dur\u00e9e de lecture estim\u00e9e\" \/>\n\t<meta name=\"twitter:data1\" content=\"3 minutes\" \/>\n<script type=\"application\/ld+json\" class=\"yoast-schema-graph\">{\"@context\":\"https:\/\/schema.org\",\"@graph\":[{\"@type\":\"WebPage\",\"@id\":\"https:\/\/infojeunes09.fr\/index.php\/vie-pratique\/transports-en-ariege\/\",\"url\":\"https:\/\/infojeunes09.fr\/index.php\/vie-pratique\/transports-en-ariege\/\",\"name\":\"Transports en Ari\u00e8ge - InfoJeunes Ari\u00e8ge et Agglo Foix-Varilhes\",\"isPartOf\":{\"@id\":\"https:\/\/infojeunes09.fr\/#website\"},\"primaryImageOfPage\":{\"@id\":\"https:\/\/infojeunes09.fr\/index.php\/vie-pratique\/transports-en-ariege\/#primaryimage\"},\"image\":{\"@id\":\"https:\/\/infojeunes09.fr\/index.php\/vie-pratique\/transports-en-ariege\/#primaryimage\"},\"thumbnailUrl\":\"https:\/\/infojeunes09.fr\/wp-content\/uploads\/2024\/02\/lio-occitanie-train-1536x614.jpg\",\"datePublished\":\"2022-07-21T09:28:44+00:00\",\"dateModified\":\"2025-09-03T15:19:25+00:00\",\"description\":\"Retrouvez les diff\u00e9rents moyens de transports en Ari\u00e8ge et les aides financi\u00e8res existantes pour les jeunes : train, voiture, v\u00e9lo, covoiturage, location, etc\",\"breadcrumb\":{\"@id\":\"https:\/\/infojeunes09.fr\/index.php\/vie-pratique\/transports-en-ariege\/#breadcrumb\"},\"inLanguage\":\"fr-FR\",\"potentialAction\":[{\"@type\":\"ReadAction\",\"target\":[\"https:\/\/infojeunes09.fr\/index.php\/vie-pratique\/transports-en-ariege\/\"]}]},{\"@type\":\"ImageObject\",\"inLanguage\":\"fr-FR\",\"@id\":\"https:\/\/infojeunes09.fr\/index.php\/vie-pratique\/transports-en-ariege\/#primaryimage\",\"url\":\"https:\/\/infojeunes09.fr\/wp-content\/uploads\/2024\/02\/lio-occitanie-train.jpg\",\"contentUrl\":\"https:\/\/infojeunes09.fr\/wp-content\/uploads\/2024\/02\/lio-occitanie-train.jpg\",\"width\":1920,\"height\":768},{\"@type\":\"BreadcrumbList\",\"@id\":\"https:\/\/infojeunes09.fr\/index.php\/vie-pratique\/transports-en-ariege\/#breadcrumb\",\"itemListElement\":[{\"@type\":\"ListItem\",\"position\":1,\"name\":\"Accueil\",\"item\":\"https:\/\/infojeunes09.fr\/\"},{\"@type\":\"ListItem\",\"position\":2,\"name\":\"Vie pratique\",\"item\":\"https:\/\/infojeunes09.fr\/index.php\/vie-pratique\/\"},{\"@type\":\"ListItem\",\"position\":3,\"name\":\"Transports en Ari\u00e8ge\"}]},{\"@type\":\"WebSite\",\"@id\":\"https:\/\/infojeunes09.fr\/#website\",\"url\":\"https:\/\/infojeunes09.fr\/\",\"name\":\"InfoJeunes Ari\u00e8ge et Agglo Foix-Varilhes\",\"description\":\"Explorer les possibles\",\"publisher\":{\"@id\":\"https:\/\/infojeunes09.fr\/#organization\"},\"potentialAction\":[{\"@type\":\"SearchAction\",\"target\":{\"@type\":\"EntryPoint\",\"urlTemplate\":\"https:\/\/infojeunes09.fr\/?s={search_term_string}\"},\"query-input\":{\"@type\":\"PropertyValueSpecification\",\"valueRequired\":true,\"valueName\":\"search_term_string\"}}],\"inLanguage\":\"fr-FR\"},{\"@type\":\"Organization\",\"@id\":\"https:\/\/infojeunes09.fr\/#organization\",\"name\":\"InfoJeunes Agglo Foix-Varilhes et Ari\u00e8ge\",\"url\":\"https:\/\/infojeunes09.fr\/\",\"logo\":{\"@type\":\"ImageObject\",\"inLanguage\":\"fr-FR\",\"@id\":\"https:\/\/infojeunes09.fr\/#\/schema\/logo\/image\/\",\"url\":\"https:\/\/infojeunes09.fr\/wp-content\/uploads\/2022\/07\/logo-bleu-Agglo-Foix-Varilhes-et-ariege@2x.png\",\"contentUrl\":\"https:\/\/infojeunes09.fr\/wp-content\/uploads\/2022\/07\/logo-bleu-Agglo-Foix-Varilhes-et-ariege@2x.png\",\"width\":800,\"height\":400,\"caption\":\"InfoJeunes Agglo Foix-Varilhes et Ari\u00e8ge\"},\"image\":{\"@id\":\"https:\/\/infojeunes09.fr\/#\/schema\/logo\/image\/\"},\"sameAs\":[\"https:\/\/www.facebook.com\/Infojeunes09\/\",\"https:\/\/www.instagram.com\/infojeunes09\/\"]}]}<\/script>\n<!-- \/ Yoast SEO plugin. -->","yoast_head_json":{"title":"Transports en Ari\u00e8ge - InfoJeunes Ari\u00e8ge et Agglo Foix-Varilhes","description":"Retrouvez les diff\u00e9rents moyens de transports en Ari\u00e8ge et les aides financi\u00e8res existantes pour les jeunes : train, voiture, v\u00e9lo, covoiturage, location, etc","robots":{"index":"index","follow":"follow","max-snippet":"max-snippet:-1","max-image-preview":"max-image-preview:large","max-video-preview":"max-video-preview:-1"},"canonical":"https:\/\/infojeunes09.fr\/index.php\/vie-pratique\/transports-en-ariege\/","og_locale":"fr_FR","og_type":"article","og_title":"Transports en Ari\u00e8ge - InfoJeunes Ari\u00e8ge et Agglo Foix-Varilhes","og_description":"Retrouvez les diff\u00e9rents moyens de transports en Ari\u00e8ge et les aides financi\u00e8res existantes pour les jeunes : train, voiture, v\u00e9lo, covoiturage, location, etc","og_url":"https:\/\/infojeunes09.fr\/index.php\/vie-pratique\/transports-en-ariege\/","og_site_name":"InfoJeunes Ari\u00e8ge et Agglo Foix-Varilhes","article_publisher":"https:\/\/www.facebook.com\/Infojeunes09\/","article_modified_time":"2025-09-03T15:19:25+00:00","og_image":[{"url":"https:\/\/infojeunes09.fr\/wp-content\/uploads\/2024\/02\/lio-occitanie-train-1536x614.jpg","type":"","width":"","height":""}],"twitter_card":"summary_large_image","twitter_misc":{"Dur\u00e9e de lecture estim\u00e9e":"3 minutes"},"schema":{"@context":"https:\/\/schema.org","@graph":[{"@type":"WebPage","@id":"https:\/\/infojeunes09.fr\/index.php\/vie-pratique\/transports-en-ariege\/","url":"https:\/\/infojeunes09.fr\/index.php\/vie-pratique\/transports-en-ariege\/","name":"Transports en Ari\u00e8ge - InfoJeunes Ari\u00e8ge et Agglo Foix-Varilhes","isPartOf":{"@id":"https:\/\/infojeunes09.fr\/#website"},"primaryImageOfPage":{"@id":"https:\/\/infojeunes09.fr\/index.php\/vie-pratique\/transports-en-ariege\/#primaryimage"},"image":{"@id":"https:\/\/infojeunes09.fr\/index.php\/vie-pratique\/transports-en-ariege\/#primaryimage"},"thumbnailUrl":"https:\/\/infojeunes09.fr\/wp-content\/uploads\/2024\/02\/lio-occitanie-train-1536x614.jpg","datePublished":"2022-07-21T09:28:44+00:00","dateModified":"2025-09-03T15:19:25+00:00","description":"Retrouvez les diff\u00e9rents moyens de transports en Ari\u00e8ge et les aides financi\u00e8res existantes pour les jeunes : train, voiture, v\u00e9lo, covoiturage, location, etc","breadcrumb":{"@id":"https:\/\/infojeunes09.fr\/index.php\/vie-pratique\/transports-en-ariege\/#breadcrumb"},"inLanguage":"fr-FR","potentialAction":[{"@type":"ReadAction","target":["https:\/\/infojeunes09.fr\/index.php\/vie-pratique\/transports-en-ariege\/"]}]},{"@type":"ImageObject","inLanguage":"fr-FR","@id":"https:\/\/infojeunes09.fr\/index.php\/vie-pratique\/transports-en-ariege\/#primaryimage","url":"https:\/\/infojeunes09.fr\/wp-content\/uploads\/2024\/02\/lio-occitanie-train.jpg","contentUrl":"https:\/\/infojeunes09.fr\/wp-content\/uploads\/2024\/02\/lio-occitanie-train.jpg","width":1920,"height":768},{"@type":"BreadcrumbList","@id":"https:\/\/infojeunes09.fr\/index.php\/vie-pratique\/transports-en-ariege\/#breadcrumb","itemListElement":[{"@type":"ListItem","position":1,"name":"Accueil","item":"https:\/\/infojeunes09.fr\/"},{"@type":"ListItem","position":2,"name":"Vie pratique","item":"https:\/\/infojeunes09.fr\/index.php\/vie-pratique\/"},{"@type":"ListItem","position":3,"name":"Transports en Ari\u00e8ge"}]},{"@type":"WebSite","@id":"https:\/\/infojeunes09.fr\/#website","url":"https:\/\/infojeunes09.fr\/","name":"InfoJeunes Ari\u00e8ge et Agglo Foix-Varilhes","description":"Explorer les possibles","publisher":{"@id":"https:\/\/infojeunes09.fr\/#organization"},"potentialAction":[{"@type":"SearchAction","target":{"@type":"EntryPoint","urlTemplate":"https:\/\/infojeunes09.fr\/?s={search_term_string}"},"query-input":{"@type":"PropertyValueSpecification","valueRequired":true,"valueName":"search_term_string"}}],"inLanguage":"fr-FR"},{"@type":"Organization","@id":"https:\/\/infojeunes09.fr\/#organization","name":"InfoJeunes Agglo Foix-Varilhes et Ari\u00e8ge","url":"https:\/\/infojeunes09.fr\/","logo":{"@type":"ImageObject","inLanguage":"fr-FR","@id":"https:\/\/infojeunes09.fr\/#\/schema\/logo\/image\/","url":"https:\/\/infojeunes09.fr\/wp-content\/uploads\/2022\/07\/logo-bleu-Agglo-Foix-Varilhes-et-ariege@2x.png","contentUrl":"https:\/\/infojeunes09.fr\/wp-content\/uploads\/2022\/07\/logo-bleu-Agglo-Foix-Varilhes-et-ariege@2x.png","width":800,"height":400,"caption":"InfoJeunes Agglo Foix-Varilhes et Ari\u00e8ge"},"image":{"@id":"https:\/\/infojeunes09.fr\/#\/schema\/logo\/image\/"},"sameAs":["https:\/\/www.facebook.com\/Infojeunes09\/","https:\/\/www.instagram.com\/infojeunes09\/"]}]}},"_links":{"self":[{"href":"https:\/\/infojeunes09.fr\/index.php\/wp-json\/wp\/v2\/pages\/3155","targetHints":{"allow":["GET"]}}],"collection":[{"href":"https:\/\/infojeunes09.fr\/index.php\/wp-json\/wp\/v2\/pages"}],"about":[{"href":"https:\/\/infojeunes09.fr\/index.php\/wp-json\/wp\/v2\/types\/page"}],"author":[{"embeddable":true,"href":"https:\/\/infojeunes09.fr\/index.php\/wp-json\/wp\/v2\/users\/1"}],"replies":[{"embeddable":true,"href":"https:\/\/infojeunes09.fr\/index.php\/wp-json\/wp\/v2\/comments?post=3155"}],"version-history":[{"count":112,"href":"https:\/\/infojeunes09.fr\/index.php\/wp-json\/wp\/v2\/pages\/3155\/revisions"}],"predecessor-version":[{"id":5686,"href":"https:\/\/infojeunes09.fr\/index.php\/wp-json\/wp\/v2\/pages\/3155\/revisions\/5686"}],"up":[{"embeddable":true,"href":"https:\/\/infojeunes09.fr\/index.php\/wp-json\/wp\/v2\/pages\/17"}],"wp:attachment":[{"href":"https:\/\/infojeunes09.fr\/index.php\/wp-json\/wp\/v2\/media?parent=3155"}],"curies":[{"name":"wp","href":"https:\/\/api.w.org\/{rel}","templated":true}]}}