{"id":6123,"date":"2026-04-21T10:54:40","date_gmt":"2026-04-21T08:54:40","guid":{"rendered":"https:\/\/infojeunes09.fr\/?post_type=product&#038;p=6123"},"modified":"2026-04-21T11:10:39","modified_gmt":"2026-04-21T09:10:39","slug":"t1-meuble-foix","status":"publish","type":"product","link":"https:\/\/infojeunes09.fr\/index.php\/produit\/t1-meuble-foix\/","title":{"rendered":"T1 n\u00b0256.1 | meubl\u00e9 | Foix | 520\u20ac TCC"},"content":{"rendered":"<p>&nbsp;<\/p>\r\n\r\n<figure class=\"wp-block-table is-style-stripes\">\r\n<table>\r\n<tbody>\r\n<tr>\r\n<td>Num\u00e9ro de l&rsquo;offre<\/td>\r\n<td class=\"has-text-align-left\" data-align=\"left\">256.1<\/td>\r\n<\/tr>\r\n<tr>\r\n<td>Type d&rsquo;appartement<\/td>\r\n<td class=\"has-text-align-left\" data-align=\"left\">T1<\/td>\r\n<\/tr>\r\n<tr>\r\n<td>Meubl\u00e9<\/td>\r\n<td class=\"has-text-align-left\" data-align=\"left\">oui<\/td>\r\n<\/tr>\r\n<tr>\r\n<td>Surface habitable<\/td>\r\n<td class=\"has-text-align-left\" data-align=\"left\">25 m\u00b2<\/td>\r\n<\/tr>\r\n<tr>\r\n<td>Loyer<\/td>\r\n<td class=\"has-text-align-left\" data-align=\"left\">450 \u20ac <br \/><br \/><\/td>\r\n<\/tr>\r\n<tr>\r\n<td>Charges<\/td>\r\n<td class=\"has-text-align-left\" data-align=\"left\">\r\n<p>70 \u20ac (pour provision eau\/poubelles)<\/p>\r\n<\/td>\r\n<\/tr>\r\n<tr>\r\n<td>Mode de chauffage<\/td>\r\n<td class=\"has-text-align-left\" data-align=\"left\">Electrique<\/td>\r\n<\/tr>\r\n<tr>\r\n<td>Libre le<\/td>\r\n<td class=\"has-text-align-left\" data-align=\"left\">D\u00e8s maintenant<\/td>\r\n<\/tr>\r\n<tr>\r\n<td>Coordonn\u00e9es du g\u00e9rant<\/td>\r\n<td class=\"has-text-align-left\" data-align=\"left\">T\u00e9l. 06 45 02 93 94<\/td>\r\n<\/tr>\r\n<tr>\r\n<td>Coordonn\u00e9es du logement<\/td>\r\n<td class=\"has-text-align-left\" data-align=\"left\">4 lotissement Eychenne Pujol, Foix<\/td>\r\n<\/tr>\r\n<tr>\r\n<td>Divers<\/td>\r\n<td>\r\n<p>Logement neuf (2025) dans maison familiale avec jardin<\/p>\r\n<\/td>\r\n<\/tr>\r\n<tr>\r\n<td>Classe \u00e9nergie<\/td>\r\n<td class=\"has-text-align-left\" data-align=\"left\">D<\/td>\r\n<\/tr>\r\n<tr>\r\n<td>GES (Gaz \u00e0 Effet de Serre)<\/td>\r\n<td class=\"has-text-align-left\" data-align=\"left\">B<\/td>\r\n<\/tr>\r\n<\/tbody>\r\n<\/table>\r\n<\/figure>\r\n\r\n\r\n<p>&nbsp;<\/p>\n","protected":false},"excerpt":{"rendered":"<p>&nbsp; Num\u00e9ro de l&rsquo;offre 256.1 Type d&rsquo;appartement T1 Meubl\u00e9 oui Surface habitable 25 m\u00b2 Loyer 450 \u20ac Charges 70 \u20ac (pour provision eau\/poubelles) Mode de chauffage Electrique Libre le D\u00e8s maintenant Coordonn\u00e9es du g\u00e9rant T\u00e9l. 06 45 02 93 94 Coordonn\u00e9es du logement 4 lotissement Eychenne Pujol, Foix Divers Logement neuf (2025) dans maison familiale &hellip; <\/p>\n<p class=\"link-more\"><a href=\"https:\/\/infojeunes09.fr\/index.php\/produit\/t1-meuble-foix\/\" class=\"more-link\">Continuer la lecture<span class=\"screen-reader-text\"> de &laquo;&nbsp;T1 n\u00b0256.1 | meubl\u00e9 | Foix | 520\u20ac TCC&nbsp;&raquo;<\/span><\/a><\/p>\n","protected":false},"featured_media":6124,"template":"","meta":{"_bbp_topic_count":0,"_bbp_reply_count":0,"_bbp_total_topic_count":0,"_bbp_total_reply_count":0,"_bbp_voice_count":0,"_bbp_anonymous_reply_count":0,"_bbp_topic_count_hidden":0,"_bbp_reply_count_hidden":0,"_bbp_forum_subforum_count":0},"product_brand":[],"product_cat":[38],"product_tag":[42,54,50],"class_list":{"0":"post-6123","1":"product","2":"type-product","3":"status-publish","4":"has-post-thumbnail","6":"product_cat-logement-offre","7":"product_tag-foix","8":"product_tag-meuble","9":"product_tag-t1","11":"first","12":"instock","13":"virtual","14":"product-type-simple"},"yoast_head":"<!-- This site is optimized with the Yoast SEO plugin v27.0 - https:\/\/yoast.com\/product\/yoast-seo-wordpress\/ -->\n<title>T1 n\u00b0256.1 | meubl\u00e9 | Foix | 520\u20ac TCC - InfoJeunes Ari\u00e8ge et Agglo Foix-Varilhes<\/title>\n<meta name=\"robots\" content=\"index, follow, max-snippet:-1, max-image-preview:large, max-video-preview:-1\" \/>\n<link rel=\"canonical\" href=\"https:\/\/infojeunes09.fr\/index.php\/produit\/t1-meuble-foix\/\" \/>\n<meta property=\"og:locale\" content=\"fr_FR\" \/>\n<meta property=\"og:type\" content=\"article\" \/>\n<meta property=\"og:title\" content=\"T1 n\u00b0256.1 | meubl\u00e9 | Foix | 520\u20ac TCC - InfoJeunes Ari\u00e8ge et Agglo Foix-Varilhes\" \/>\n<meta property=\"og:description\" content=\"&nbsp; Num\u00e9ro de l&rsquo;offre 256.1 Type d&rsquo;appartement T1 Meubl\u00e9 oui Surface habitable 25 m\u00b2 Loyer 450 \u20ac Charges 70 \u20ac (pour provision eau\/poubelles) Mode de chauffage Electrique Libre le D\u00e8s maintenant Coordonn\u00e9es du g\u00e9rant T\u00e9l. 06 45 02 93 94 Coordonn\u00e9es du logement 4 lotissement Eychenne Pujol, Foix Divers Logement neuf (2025) dans maison familiale &hellip; Continuer la lecture de &laquo;&nbsp;T1 n\u00b0256.1 | meubl\u00e9 | Foix | 520\u20ac TCC&nbsp;&raquo;\" \/>\n<meta property=\"og:url\" content=\"https:\/\/infojeunes09.fr\/index.php\/produit\/t1-meuble-foix\/\" \/>\n<meta property=\"og:site_name\" content=\"InfoJeunes Ari\u00e8ge et Agglo Foix-Varilhes\" \/>\n<meta property=\"article:publisher\" content=\"https:\/\/www.facebook.com\/Infojeunes09\/\" \/>\n<meta property=\"article:modified_time\" content=\"2026-04-21T09:10:39+00:00\" \/>\n<meta property=\"og:image\" content=\"https:\/\/infojeunes09.fr\/wp-content\/uploads\/2026\/04\/2026-04-21-11_00_05-Post-Instagram-Annonce-Immobiliere-Moderne-PhotosPost-Instagram-Annonce-Immobili.jpg\" \/>\n\t<meta property=\"og:image:width\" content=\"712\" \/>\n\t<meta property=\"og:image:height\" content=\"538\" \/>\n\t<meta property=\"og:image:type\" content=\"image\/jpeg\" \/>\n<meta name=\"twitter:card\" content=\"summary_large_image\" \/>\n<meta name=\"twitter:label1\" content=\"Dur\u00e9e de lecture estim\u00e9e\" \/>\n\t<meta name=\"twitter:data1\" content=\"1 minute\" \/>\n<script type=\"application\/ld+json\" class=\"yoast-schema-graph\">{\"@context\":\"https:\/\/schema.org\",\"@graph\":[{\"@type\":\"WebPage\",\"@id\":\"https:\/\/infojeunes09.fr\/index.php\/produit\/t1-meuble-foix\/\",\"url\":\"https:\/\/infojeunes09.fr\/index.php\/produit\/t1-meuble-foix\/\",\"name\":\"T1 n\u00b0256.1 | meubl\u00e9 | Foix | 520\u20ac TCC - InfoJeunes Ari\u00e8ge et Agglo Foix-Varilhes\",\"isPartOf\":{\"@id\":\"https:\/\/infojeunes09.fr\/#website\"},\"primaryImageOfPage\":{\"@id\":\"https:\/\/infojeunes09.fr\/index.php\/produit\/t1-meuble-foix\/#primaryimage\"},\"image\":{\"@id\":\"https:\/\/infojeunes09.fr\/index.php\/produit\/t1-meuble-foix\/#primaryimage\"},\"thumbnailUrl\":\"https:\/\/infojeunes09.fr\/wp-content\/uploads\/2026\/04\/2026-04-21-11_00_05-Post-Instagram-Annonce-Immobiliere-Moderne-PhotosPost-Instagram-Annonce-Immobili.jpg\",\"datePublished\":\"2026-04-21T08:54:40+00:00\",\"dateModified\":\"2026-04-21T09:10:39+00:00\",\"breadcrumb\":{\"@id\":\"https:\/\/infojeunes09.fr\/index.php\/produit\/t1-meuble-foix\/#breadcrumb\"},\"inLanguage\":\"fr-FR\",\"potentialAction\":[{\"@type\":\"ReadAction\",\"target\":[\"https:\/\/infojeunes09.fr\/index.php\/produit\/t1-meuble-foix\/\"]}]},{\"@type\":\"ImageObject\",\"inLanguage\":\"fr-FR\",\"@id\":\"https:\/\/infojeunes09.fr\/index.php\/produit\/t1-meuble-foix\/#primaryimage\",\"url\":\"https:\/\/infojeunes09.fr\/wp-content\/uploads\/2026\/04\/2026-04-21-11_00_05-Post-Instagram-Annonce-Immobiliere-Moderne-PhotosPost-Instagram-Annonce-Immobili.jpg\",\"contentUrl\":\"https:\/\/infojeunes09.fr\/wp-content\/uploads\/2026\/04\/2026-04-21-11_00_05-Post-Instagram-Annonce-Immobiliere-Moderne-PhotosPost-Instagram-Annonce-Immobili.jpg\",\"width\":712,\"height\":538},{\"@type\":\"BreadcrumbList\",\"@id\":\"https:\/\/infojeunes09.fr\/index.php\/produit\/t1-meuble-foix\/#breadcrumb\",\"itemListElement\":[{\"@type\":\"ListItem\",\"position\":1,\"name\":\"Accueil\",\"item\":\"https:\/\/infojeunes09.fr\/\"},{\"@type\":\"ListItem\",\"position\":2,\"name\":\"Boutique\",\"item\":\"https:\/\/infojeunes09.fr\/?page_id=380\"},{\"@type\":\"ListItem\",\"position\":3,\"name\":\"T1 n\u00b0256.1 | meubl\u00e9 | Foix | 520\u20ac TCC\"}]},{\"@type\":\"WebSite\",\"@id\":\"https:\/\/infojeunes09.fr\/#website\",\"url\":\"https:\/\/infojeunes09.fr\/\",\"name\":\"InfoJeunes Ari\u00e8ge et Agglo Foix-Varilhes\",\"description\":\"Explorer les possibles\",\"publisher\":{\"@id\":\"https:\/\/infojeunes09.fr\/#organization\"},\"potentialAction\":[{\"@type\":\"SearchAction\",\"target\":{\"@type\":\"EntryPoint\",\"urlTemplate\":\"https:\/\/infojeunes09.fr\/?s={search_term_string}\"},\"query-input\":{\"@type\":\"PropertyValueSpecification\",\"valueRequired\":true,\"valueName\":\"search_term_string\"}}],\"inLanguage\":\"fr-FR\"},{\"@type\":\"Organization\",\"@id\":\"https:\/\/infojeunes09.fr\/#organization\",\"name\":\"InfoJeunes Agglo Foix-Varilhes et Ari\u00e8ge\",\"url\":\"https:\/\/infojeunes09.fr\/\",\"logo\":{\"@type\":\"ImageObject\",\"inLanguage\":\"fr-FR\",\"@id\":\"https:\/\/infojeunes09.fr\/#\/schema\/logo\/image\/\",\"url\":\"https:\/\/infojeunes09.fr\/wp-content\/uploads\/2022\/07\/logo-bleu-Agglo-Foix-Varilhes-et-ariege@2x.png\",\"contentUrl\":\"https:\/\/infojeunes09.fr\/wp-content\/uploads\/2022\/07\/logo-bleu-Agglo-Foix-Varilhes-et-ariege@2x.png\",\"width\":800,\"height\":400,\"caption\":\"InfoJeunes Agglo Foix-Varilhes et Ari\u00e8ge\"},\"image\":{\"@id\":\"https:\/\/infojeunes09.fr\/#\/schema\/logo\/image\/\"},\"sameAs\":[\"https:\/\/www.facebook.com\/Infojeunes09\/\",\"https:\/\/www.instagram.com\/infojeunes09\/\"]}]}<\/script>\n<!-- \/ Yoast SEO plugin. -->","yoast_head_json":{"title":"T1 n\u00b0256.1 | meubl\u00e9 | Foix | 520\u20ac TCC - InfoJeunes Ari\u00e8ge et Agglo Foix-Varilhes","robots":{"index":"index","follow":"follow","max-snippet":"max-snippet:-1","max-image-preview":"max-image-preview:large","max-video-preview":"max-video-preview:-1"},"canonical":"https:\/\/infojeunes09.fr\/index.php\/produit\/t1-meuble-foix\/","og_locale":"fr_FR","og_type":"article","og_title":"T1 n\u00b0256.1 | meubl\u00e9 | Foix | 520\u20ac TCC - InfoJeunes Ari\u00e8ge et Agglo Foix-Varilhes","og_description":"&nbsp; Num\u00e9ro de l&rsquo;offre 256.1 Type d&rsquo;appartement T1 Meubl\u00e9 oui Surface habitable 25 m\u00b2 Loyer 450 \u20ac Charges 70 \u20ac (pour provision eau\/poubelles) Mode de chauffage Electrique Libre le D\u00e8s maintenant Coordonn\u00e9es du g\u00e9rant T\u00e9l. 06 45 02 93 94 Coordonn\u00e9es du logement 4 lotissement Eychenne Pujol, Foix Divers Logement neuf (2025) dans maison familiale &hellip; Continuer la lecture de &laquo;&nbsp;T1 n\u00b0256.1 | meubl\u00e9 | Foix | 520\u20ac TCC&nbsp;&raquo;","og_url":"https:\/\/infojeunes09.fr\/index.php\/produit\/t1-meuble-foix\/","og_site_name":"InfoJeunes Ari\u00e8ge et Agglo Foix-Varilhes","article_publisher":"https:\/\/www.facebook.com\/Infojeunes09\/","article_modified_time":"2026-04-21T09:10:39+00:00","og_image":[{"width":712,"height":538,"url":"https:\/\/infojeunes09.fr\/wp-content\/uploads\/2026\/04\/2026-04-21-11_00_05-Post-Instagram-Annonce-Immobiliere-Moderne-PhotosPost-Instagram-Annonce-Immobili.jpg","type":"image\/jpeg"}],"twitter_card":"summary_large_image","twitter_misc":{"Dur\u00e9e de lecture estim\u00e9e":"1 minute"},"schema":{"@context":"https:\/\/schema.org","@graph":[{"@type":"WebPage","@id":"https:\/\/infojeunes09.fr\/index.php\/produit\/t1-meuble-foix\/","url":"https:\/\/infojeunes09.fr\/index.php\/produit\/t1-meuble-foix\/","name":"T1 n\u00b0256.1 | meubl\u00e9 | Foix | 520\u20ac TCC - InfoJeunes Ari\u00e8ge et Agglo Foix-Varilhes","isPartOf":{"@id":"https:\/\/infojeunes09.fr\/#website"},"primaryImageOfPage":{"@id":"https:\/\/infojeunes09.fr\/index.php\/produit\/t1-meuble-foix\/#primaryimage"},"image":{"@id":"https:\/\/infojeunes09.fr\/index.php\/produit\/t1-meuble-foix\/#primaryimage"},"thumbnailUrl":"https:\/\/infojeunes09.fr\/wp-content\/uploads\/2026\/04\/2026-04-21-11_00_05-Post-Instagram-Annonce-Immobiliere-Moderne-PhotosPost-Instagram-Annonce-Immobili.jpg","datePublished":"2026-04-21T08:54:40+00:00","dateModified":"2026-04-21T09:10:39+00:00","breadcrumb":{"@id":"https:\/\/infojeunes09.fr\/index.php\/produit\/t1-meuble-foix\/#breadcrumb"},"inLanguage":"fr-FR","potentialAction":[{"@type":"ReadAction","target":["https:\/\/infojeunes09.fr\/index.php\/produit\/t1-meuble-foix\/"]}]},{"@type":"ImageObject","inLanguage":"fr-FR","@id":"https:\/\/infojeunes09.fr\/index.php\/produit\/t1-meuble-foix\/#primaryimage","url":"https:\/\/infojeunes09.fr\/wp-content\/uploads\/2026\/04\/2026-04-21-11_00_05-Post-Instagram-Annonce-Immobiliere-Moderne-PhotosPost-Instagram-Annonce-Immobili.jpg","contentUrl":"https:\/\/infojeunes09.fr\/wp-content\/uploads\/2026\/04\/2026-04-21-11_00_05-Post-Instagram-Annonce-Immobiliere-Moderne-PhotosPost-Instagram-Annonce-Immobili.jpg","width":712,"height":538},{"@type":"BreadcrumbList","@id":"https:\/\/infojeunes09.fr\/index.php\/produit\/t1-meuble-foix\/#breadcrumb","itemListElement":[{"@type":"ListItem","position":1,"name":"Accueil","item":"https:\/\/infojeunes09.fr\/"},{"@type":"ListItem","position":2,"name":"Boutique","item":"https:\/\/infojeunes09.fr\/?page_id=380"},{"@type":"ListItem","position":3,"name":"T1 n\u00b0256.1 | meubl\u00e9 | Foix | 520\u20ac TCC"}]},{"@type":"WebSite","@id":"https:\/\/infojeunes09.fr\/#website","url":"https:\/\/infojeunes09.fr\/","name":"InfoJeunes Ari\u00e8ge et Agglo Foix-Varilhes","description":"Explorer les possibles","publisher":{"@id":"https:\/\/infojeunes09.fr\/#organization"},"potentialAction":[{"@type":"SearchAction","target":{"@type":"EntryPoint","urlTemplate":"https:\/\/infojeunes09.fr\/?s={search_term_string}"},"query-input":{"@type":"PropertyValueSpecification","valueRequired":true,"valueName":"search_term_string"}}],"inLanguage":"fr-FR"},{"@type":"Organization","@id":"https:\/\/infojeunes09.fr\/#organization","name":"InfoJeunes Agglo Foix-Varilhes et Ari\u00e8ge","url":"https:\/\/infojeunes09.fr\/","logo":{"@type":"ImageObject","inLanguage":"fr-FR","@id":"https:\/\/infojeunes09.fr\/#\/schema\/logo\/image\/","url":"https:\/\/infojeunes09.fr\/wp-content\/uploads\/2022\/07\/logo-bleu-Agglo-Foix-Varilhes-et-ariege@2x.png","contentUrl":"https:\/\/infojeunes09.fr\/wp-content\/uploads\/2022\/07\/logo-bleu-Agglo-Foix-Varilhes-et-ariege@2x.png","width":800,"height":400,"caption":"InfoJeunes Agglo Foix-Varilhes et Ari\u00e8ge"},"image":{"@id":"https:\/\/infojeunes09.fr\/#\/schema\/logo\/image\/"},"sameAs":["https:\/\/www.facebook.com\/Infojeunes09\/","https:\/\/www.instagram.com\/infojeunes09\/"]}]}},"_links":{"self":[{"href":"https:\/\/infojeunes09.fr\/index.php\/wp-json\/wp\/v2\/product\/6123","targetHints":{"allow":["GET"]}}],"collection":[{"href":"https:\/\/infojeunes09.fr\/index.php\/wp-json\/wp\/v2\/product"}],"about":[{"href":"https:\/\/infojeunes09.fr\/index.php\/wp-json\/wp\/v2\/types\/product"}],"wp:featuredmedia":[{"embeddable":true,"href":"https:\/\/infojeunes09.fr\/index.php\/wp-json\/wp\/v2\/media\/6124"}],"wp:attachment":[{"href":"https:\/\/infojeunes09.fr\/index.php\/wp-json\/wp\/v2\/media?parent=6123"}],"wp:term":[{"taxonomy":"product_brand","embeddable":true,"href":"https:\/\/infojeunes09.fr\/index.php\/wp-json\/wp\/v2\/product_brand?post=6123"},{"taxonomy":"product_cat","embeddable":true,"href":"https:\/\/infojeunes09.fr\/index.php\/wp-json\/wp\/v2\/product_cat?post=6123"},{"taxonomy":"product_tag","embeddable":true,"href":"https:\/\/infojeunes09.fr\/index.php\/wp-json\/wp\/v2\/product_tag?post=6123"}],"curies":[{"name":"wp","href":"https:\/\/api.w.org\/{rel}","templated":true}]}}